{"id":879,"date":"2024-08-19T13:57:12","date_gmt":"2024-08-19T13:57:12","guid":{"rendered":"https:\/\/ikernutricionymass.rkinformatika.online\/?post_type=product&#038;p=879"},"modified":"2026-02-18T17:03:17","modified_gmt":"2026-02-18T17:03:17","slug":"avena-premium-reposteria-fullgas-1kg","status":"publish","type":"product","link":"https:\/\/ikernutricionymass.com\/eu\/produktua\/avena-premium-reposteria-fullgas-1kg\/","title":{"rendered":"AVENA PREMIUM REPOSTER\u00cdA FULLGAS (1KG)"},"content":{"rendered":"<div class=\"rte-content\" data-mce-fragment=\"1\"><strong>Descripci\u00f3n:<\/strong><\/div>\n<div class=\"rte-content\" data-mce-fragment=\"1\"><\/div>\n<div id=\"product-description-short-145\" class=\"rte-content\" data-mce-fragment=\"1\">La avena es un alimento completo y saludable, el cual aporta a nuestro organismo <strong>prote\u00ednas, grasas, vitaminas y minerales, hidratos de carbono y fibra. <\/strong>Es el cereal que m\u00e1s prote\u00ednas contiene, por lo que ayuda a la producci\u00f3n y desarrollo de tejido nuevo en el organismo.<\/div>\n<div class=\"rte-content\" data-mce-fragment=\"1\">Es una buena fuente de grasas insaturadas omega 6, lo que ayuda a disminuir el colesterol malo. Con tiene tambi\u00e9n vitaminas(Vitaminas E, B1, B2) y minerales ( calcio, hierro, zinc, f\u00f3sforo y magnesio), as\u00ed como hidratos de carbono de absorci\u00f3n lenta, lo que permite un efecto de saciedad m\u00e1s prolongado. Tambi\u00e9n posee fibra, que ayuda al buen tr\u00e1nsito intestinal y a reducir el colesterol.<\/div>\n<div class=\"rte-content\" data-mce-fragment=\"1\"><\/div>\n<div class=\"rte-content\" data-mce-fragment=\"1\"><\/div>\n<div class=\"rte-content\" data-mce-fragment=\"1\"><strong>Modo de empleo:<\/strong><\/div>\n<div class=\"rte-content\" data-mce-fragment=\"1\">Disolver 30g de producto en 250 ml o 50g en 460ml de agua, leche, etc.<\/div>\n<div class=\"rte-content\" data-mce-fragment=\"1\"><\/div>\n<div class=\"product-actions\" data-mce-fragment=\"1\">\n<form id=\"add-to-cart-or-refresh\" action=\"https:\/\/fullgas.org\/carrito\" method=\"post\" data-mce-fragment=\"1\">\n<div class=\"product-variants\" data-mce-fragment=\"1\">\n<div class=\"st_paa\" data-mce-fragment=\"1\">\n<div class=\"clearfix\" data-mce-fragment=\"1\"><\/div>\n<\/div>\n<\/div>\n<\/form>\n<\/div>","protected":false},"excerpt":{"rendered":"<p>Descripci\u00f3n: La avena es un alimento completo y saludable, el cual aporta a nuestro organismo prote\u00ednas, grasas, vitaminas y minerales, hidratos de carbono y fibra. Es el cereal que m\u00e1s prote\u00ednas contiene, por lo que ayuda a la producci\u00f3n y desarrollo de tejido nuevo en el organismo. Es una buena fuente de grasas insaturadas omega [&hellip;]<\/p>\n","protected":false},"featured_media":891,"comment_status":"open","ping_status":"closed","template":"","meta":[],"product_brand":[],"product_cat":[19],"product_tag":[],"class_list":{"0":"post-879","1":"product","2":"type-product","3":"status-publish","4":"has-post-thumbnail","6":"product_cat-alimentacion","8":"first","9":"instock","10":"shipping-taxable","11":"purchasable","12":"product-type-variable"},"yoast_head":"<!-- This site is optimized with the Yoast SEO plugin v27.3 - https:\/\/yoast.com\/product\/yoast-seo-wordpress\/ -->\n<title>AVENA PREMIUM REPOSTER\u00cdA FULLGAS (1KG) - Iker Nutrici\u00f3n y M\u00e1s<\/title>\n<meta name=\"robots\" content=\"index, follow, max-snippet:-1, max-image-preview:large, max-video-preview:-1\" \/>\n<link rel=\"canonical\" href=\"https:\/\/ikernutricionymass.com\/eu\/produktua\/avena-premium-reposteria-fullgas-1kg\/\" \/>\n<meta property=\"og:locale\" content=\"en_US\" \/>\n<meta property=\"og:type\" content=\"article\" \/>\n<meta property=\"og:title\" content=\"AVENA PREMIUM REPOSTER\u00cdA FULLGAS (1KG) - Iker Nutrici\u00f3n y M\u00e1s\" \/>\n<meta property=\"og:description\" content=\"Descripci\u00f3n: La avena es un alimento completo y saludable, el cual aporta a nuestro organismo prote\u00ednas, grasas, vitaminas y minerales, hidratos de carbono y fibra. Es el cereal que m\u00e1s prote\u00ednas contiene, por lo que ayuda a la producci\u00f3n y desarrollo de tejido nuevo en el organismo. Es una buena fuente de grasas insaturadas omega [&hellip;]\" \/>\n<meta property=\"og:url\" content=\"https:\/\/ikernutricionymass.com\/eu\/produktua\/avena-premium-reposteria-fullgas-1kg\/\" \/>\n<meta property=\"og:site_name\" content=\"Iker Nutrici\u00f3n y M\u00e1s\" \/>\n<meta property=\"article:modified_time\" content=\"2026-02-18T17:03:17+00:00\" \/>\n<meta property=\"og:image\" content=\"https:\/\/ikernutricionymass.com\/wp-content\/uploads\/2024\/08\/avena-premium-reposteria-croissant-chocolate-1kg.webp\" \/>\n\t<meta property=\"og:image:width\" content=\"600\" \/>\n\t<meta property=\"og:image:height\" content=\"600\" \/>\n\t<meta property=\"og:image:type\" content=\"image\/webp\" \/>\n<meta name=\"twitter:card\" content=\"summary_large_image\" \/>\n<meta name=\"twitter:label1\" content=\"Est. reading time\" \/>\n\t<meta name=\"twitter:data1\" content=\"1 minutua\" \/>\n<script type=\"application\/ld+json\" class=\"yoast-schema-graph\">{\"@context\":\"https:\\\/\\\/schema.org\",\"@graph\":[{\"@type\":\"WebPage\",\"@id\":\"https:\\\/\\\/ikernutricionymass.com\\\/producto\\\/avena-premium-reposteria-fullgas-1kg\\\/\",\"url\":\"https:\\\/\\\/ikernutricionymass.com\\\/producto\\\/avena-premium-reposteria-fullgas-1kg\\\/\",\"name\":\"AVENA PREMIUM REPOSTER\u00cdA FULLGAS (1KG) - Iker Nutrici\u00f3n y M\u00e1s\",\"isPartOf\":{\"@id\":\"https:\\\/\\\/ikernutricionymass.com\\\/#website\"},\"primaryImageOfPage\":{\"@id\":\"https:\\\/\\\/ikernutricionymass.com\\\/producto\\\/avena-premium-reposteria-fullgas-1kg\\\/#primaryimage\"},\"image\":{\"@id\":\"https:\\\/\\\/ikernutricionymass.com\\\/producto\\\/avena-premium-reposteria-fullgas-1kg\\\/#primaryimage\"},\"thumbnailUrl\":\"https:\\\/\\\/ikernutricionymass.com\\\/wp-content\\\/uploads\\\/2024\\\/08\\\/avena-premium-reposteria-croissant-chocolate-1kg.webp\",\"datePublished\":\"2024-08-19T13:57:12+00:00\",\"dateModified\":\"2026-02-18T17:03:17+00:00\",\"breadcrumb\":{\"@id\":\"https:\\\/\\\/ikernutricionymass.com\\\/producto\\\/avena-premium-reposteria-fullgas-1kg\\\/#breadcrumb\"},\"inLanguage\":\"eu\",\"potentialAction\":[{\"@type\":\"ReadAction\",\"target\":[\"https:\\\/\\\/ikernutricionymass.com\\\/producto\\\/avena-premium-reposteria-fullgas-1kg\\\/\"]}]},{\"@type\":\"ImageObject\",\"inLanguage\":\"eu\",\"@id\":\"https:\\\/\\\/ikernutricionymass.com\\\/producto\\\/avena-premium-reposteria-fullgas-1kg\\\/#primaryimage\",\"url\":\"https:\\\/\\\/ikernutricionymass.com\\\/wp-content\\\/uploads\\\/2024\\\/08\\\/avena-premium-reposteria-croissant-chocolate-1kg.webp\",\"contentUrl\":\"https:\\\/\\\/ikernutricionymass.com\\\/wp-content\\\/uploads\\\/2024\\\/08\\\/avena-premium-reposteria-croissant-chocolate-1kg.webp\",\"width\":600,\"height\":600},{\"@type\":\"BreadcrumbList\",\"@id\":\"https:\\\/\\\/ikernutricionymass.com\\\/producto\\\/avena-premium-reposteria-fullgas-1kg\\\/#breadcrumb\",\"itemListElement\":[{\"@type\":\"ListItem\",\"position\":1,\"name\":\"Portada\",\"item\":\"https:\\\/\\\/ikernutricionymass.com\\\/\"},{\"@type\":\"ListItem\",\"position\":2,\"name\":\"Tienda\",\"item\":\"https:\\\/\\\/ikernutricionymass.com\\\/tienda\\\/\"},{\"@type\":\"ListItem\",\"position\":3,\"name\":\"AVENA PREMIUM REPOSTER\u00cdA FULLGAS (1KG)\"}]},{\"@type\":\"WebSite\",\"@id\":\"https:\\\/\\\/ikernutricionymass.com\\\/#website\",\"url\":\"https:\\\/\\\/ikernutricionymass.com\\\/\",\"name\":\"Iker Nutrici\u00f3n y M\u00e1s\",\"description\":\"\",\"publisher\":{\"@id\":\"https:\\\/\\\/ikernutricionymass.com\\\/#organization\"},\"potentialAction\":[{\"@type\":\"SearchAction\",\"target\":{\"@type\":\"EntryPoint\",\"urlTemplate\":\"https:\\\/\\\/ikernutricionymass.com\\\/?s={search_term_string}\"},\"query-input\":{\"@type\":\"PropertyValueSpecification\",\"valueRequired\":true,\"valueName\":\"search_term_string\"}}],\"inLanguage\":\"eu\"},{\"@type\":\"Organization\",\"@id\":\"https:\\\/\\\/ikernutricionymass.com\\\/#organization\",\"name\":\"Iker Nutrici\u00f3n y M\u00e1s\",\"url\":\"https:\\\/\\\/ikernutricionymass.com\\\/\",\"logo\":{\"@type\":\"ImageObject\",\"inLanguage\":\"eu\",\"@id\":\"https:\\\/\\\/ikernutricionymass.com\\\/#\\\/schema\\\/logo\\\/image\\\/\",\"url\":\"https:\\\/\\\/ikernutricionymass.com\\\/wp-content\\\/uploads\\\/2024\\\/07\\\/cropped-IKER_NUTRICION_Y_MAS_-01.png\",\"contentUrl\":\"https:\\\/\\\/ikernutricionymass.com\\\/wp-content\\\/uploads\\\/2024\\\/07\\\/cropped-IKER_NUTRICION_Y_MAS_-01.png\",\"width\":1919,\"height\":1080,\"caption\":\"Iker Nutrici\u00f3n y M\u00e1s\"},\"image\":{\"@id\":\"https:\\\/\\\/ikernutricionymass.com\\\/#\\\/schema\\\/logo\\\/image\\\/\"}}]}<\/script>\n<!-- \/ Yoast SEO plugin. -->","yoast_head_json":{"title":"AVENA PREMIUM REPOSTER\u00cdA FULLGAS (1KG) - Iker Nutrici\u00f3n y M\u00e1s","robots":{"index":"index","follow":"follow","max-snippet":"max-snippet:-1","max-image-preview":"max-image-preview:large","max-video-preview":"max-video-preview:-1"},"canonical":"https:\/\/ikernutricionymass.com\/eu\/produktua\/avena-premium-reposteria-fullgas-1kg\/","og_locale":"en_US","og_type":"article","og_title":"AVENA PREMIUM REPOSTER\u00cdA FULLGAS (1KG) - Iker Nutrici\u00f3n y M\u00e1s","og_description":"Descripci\u00f3n: La avena es un alimento completo y saludable, el cual aporta a nuestro organismo prote\u00ednas, grasas, vitaminas y minerales, hidratos de carbono y fibra. Es el cereal que m\u00e1s prote\u00ednas contiene, por lo que ayuda a la producci\u00f3n y desarrollo de tejido nuevo en el organismo. Es una buena fuente de grasas insaturadas omega [&hellip;]","og_url":"https:\/\/ikernutricionymass.com\/eu\/produktua\/avena-premium-reposteria-fullgas-1kg\/","og_site_name":"Iker Nutrici\u00f3n y M\u00e1s","article_modified_time":"2026-02-18T17:03:17+00:00","og_image":[{"width":600,"height":600,"url":"https:\/\/ikernutricionymass.com\/wp-content\/uploads\/2024\/08\/avena-premium-reposteria-croissant-chocolate-1kg.webp","type":"image\/webp"}],"twitter_card":"summary_large_image","twitter_misc":{"Est. reading time":"1 minutua"},"schema":{"@context":"https:\/\/schema.org","@graph":[{"@type":"WebPage","@id":"https:\/\/ikernutricionymass.com\/producto\/avena-premium-reposteria-fullgas-1kg\/","url":"https:\/\/ikernutricionymass.com\/producto\/avena-premium-reposteria-fullgas-1kg\/","name":"AVENA PREMIUM REPOSTER\u00cdA FULLGAS (1KG) - Iker Nutrici\u00f3n y M\u00e1s","isPartOf":{"@id":"https:\/\/ikernutricionymass.com\/#website"},"primaryImageOfPage":{"@id":"https:\/\/ikernutricionymass.com\/producto\/avena-premium-reposteria-fullgas-1kg\/#primaryimage"},"image":{"@id":"https:\/\/ikernutricionymass.com\/producto\/avena-premium-reposteria-fullgas-1kg\/#primaryimage"},"thumbnailUrl":"https:\/\/ikernutricionymass.com\/wp-content\/uploads\/2024\/08\/avena-premium-reposteria-croissant-chocolate-1kg.webp","datePublished":"2024-08-19T13:57:12+00:00","dateModified":"2026-02-18T17:03:17+00:00","breadcrumb":{"@id":"https:\/\/ikernutricionymass.com\/producto\/avena-premium-reposteria-fullgas-1kg\/#breadcrumb"},"inLanguage":"eu","potentialAction":[{"@type":"ReadAction","target":["https:\/\/ikernutricionymass.com\/producto\/avena-premium-reposteria-fullgas-1kg\/"]}]},{"@type":"ImageObject","inLanguage":"eu","@id":"https:\/\/ikernutricionymass.com\/producto\/avena-premium-reposteria-fullgas-1kg\/#primaryimage","url":"https:\/\/ikernutricionymass.com\/wp-content\/uploads\/2024\/08\/avena-premium-reposteria-croissant-chocolate-1kg.webp","contentUrl":"https:\/\/ikernutricionymass.com\/wp-content\/uploads\/2024\/08\/avena-premium-reposteria-croissant-chocolate-1kg.webp","width":600,"height":600},{"@type":"BreadcrumbList","@id":"https:\/\/ikernutricionymass.com\/producto\/avena-premium-reposteria-fullgas-1kg\/#breadcrumb","itemListElement":[{"@type":"ListItem","position":1,"name":"Portada","item":"https:\/\/ikernutricionymass.com\/"},{"@type":"ListItem","position":2,"name":"Tienda","item":"https:\/\/ikernutricionymass.com\/tienda\/"},{"@type":"ListItem","position":3,"name":"AVENA PREMIUM REPOSTER\u00cdA FULLGAS (1KG)"}]},{"@type":"WebSite","@id":"https:\/\/ikernutricionymass.com\/#website","url":"https:\/\/ikernutricionymass.com\/","name":"Iker Nutrici\u00f3n y M\u00e1s","description":"","publisher":{"@id":"https:\/\/ikernutricionymass.com\/#organization"},"potentialAction":[{"@type":"SearchAction","target":{"@type":"EntryPoint","urlTemplate":"https:\/\/ikernutricionymass.com\/?s={search_term_string}"},"query-input":{"@type":"PropertyValueSpecification","valueRequired":true,"valueName":"search_term_string"}}],"inLanguage":"eu"},{"@type":"Organization","@id":"https:\/\/ikernutricionymass.com\/#organization","name":"Iker Nutrici\u00f3n y M\u00e1s","url":"https:\/\/ikernutricionymass.com\/","logo":{"@type":"ImageObject","inLanguage":"eu","@id":"https:\/\/ikernutricionymass.com\/#\/schema\/logo\/image\/","url":"https:\/\/ikernutricionymass.com\/wp-content\/uploads\/2024\/07\/cropped-IKER_NUTRICION_Y_MAS_-01.png","contentUrl":"https:\/\/ikernutricionymass.com\/wp-content\/uploads\/2024\/07\/cropped-IKER_NUTRICION_Y_MAS_-01.png","width":1919,"height":1080,"caption":"Iker Nutrici\u00f3n y M\u00e1s"},"image":{"@id":"https:\/\/ikernutricionymass.com\/#\/schema\/logo\/image\/"}}]}},"jetpack_sharing_enabled":true,"_links":{"self":[{"href":"https:\/\/ikernutricionymass.com\/eu\/wp-json\/wp\/v2\/product\/879","targetHints":{"allow":["GET"]}}],"collection":[{"href":"https:\/\/ikernutricionymass.com\/eu\/wp-json\/wp\/v2\/product"}],"about":[{"href":"https:\/\/ikernutricionymass.com\/eu\/wp-json\/wp\/v2\/types\/product"}],"replies":[{"embeddable":true,"href":"https:\/\/ikernutricionymass.com\/eu\/wp-json\/wp\/v2\/comments?post=879"}],"wp:featuredmedia":[{"embeddable":true,"href":"https:\/\/ikernutricionymass.com\/eu\/wp-json\/wp\/v2\/media\/891"}],"wp:attachment":[{"href":"https:\/\/ikernutricionymass.com\/eu\/wp-json\/wp\/v2\/media?parent=879"}],"wp:term":[{"taxonomy":"product_brand","embeddable":true,"href":"https:\/\/ikernutricionymass.com\/eu\/wp-json\/wp\/v2\/product_brand?post=879"},{"taxonomy":"product_cat","embeddable":true,"href":"https:\/\/ikernutricionymass.com\/eu\/wp-json\/wp\/v2\/product_cat?post=879"},{"taxonomy":"product_tag","embeddable":true,"href":"https:\/\/ikernutricionymass.com\/eu\/wp-json\/wp\/v2\/product_tag?post=879"}],"curies":[{"name":"wp","href":"https:\/\/api.w.org\/{rel}","templated":true}]}}