{"id":813,"date":"2024-08-19T12:46:45","date_gmt":"2024-08-19T12:46:45","guid":{"rendered":"https:\/\/ikernutricionymass.rkinformatika.online\/?post_type=product&#038;p=813"},"modified":"2024-08-19T12:48:25","modified_gmt":"2024-08-19T12:48:25","slug":"magnesium-citrate-io-genix-60-cap","status":"publish","type":"product","link":"https:\/\/ikernutricionymass.com\/eu\/produktua\/magnesium-citrate-io-genix-60-cap\/","title":{"rendered":"MAGNESIUM CITRATE IO.GENIX (60 CAP)"},"content":{"rendered":"<p><strong>Descripci\u00f3n:<\/strong><\/p>\n<p><span data-mce-fragment=\"1\">El citrato de magnesio es un suplemento formado por \u00e1cido c\u00edtrico y magnesio, de esta forma es absorbido mejor por el organismo, siendo imprescindible para su funcionamiento.<\/span><\/p>\n<p><strong>Beneficios:<\/strong><\/p>\n<p><span data-mce-fragment=\"1\">&#8211; Ayuda a disminuir cansancio y fatiga.<\/span><\/p>\n<p><span data-mce-fragment=\"1\">&#8211; Contribuye al metabolismo energ\u00e9tico, al funcionamiento de los m\u00fasculos y al mantenimiento de los huesos.<\/span><\/p>\n<p><span data-mce-fragment=\"1\">&#8211; Favorece la s\u00edntesis proteica y la funci\u00f3n psicol\u00f3gica.<\/span><\/p>\n<p><strong>Modo de empleo:<\/strong><\/p>\n<p><span data-mce-fragment=\"1\">2 c\u00e1psulas\/d\u00eda.<\/span><\/p>","protected":false},"excerpt":{"rendered":"<p>Descripci\u00f3n: El citrato de magnesio es un suplemento formado por \u00e1cido c\u00edtrico y magnesio, de esta forma es absorbido mejor por el organismo, siendo imprescindible para su funcionamiento. Beneficios: &#8211; Ayuda a disminuir cansancio y fatiga. &#8211; Contribuye al metabolismo energ\u00e9tico, al funcionamiento de los m\u00fasculos y al mantenimiento de los huesos. &#8211; Favorece la [&hellip;]<\/p>\n","protected":false},"featured_media":814,"comment_status":"open","ping_status":"closed","template":"","meta":[],"product_brand":[],"product_cat":[33],"product_tag":[],"class_list":{"0":"post-813","1":"product","2":"type-product","3":"status-publish","4":"has-post-thumbnail","6":"product_cat-salud-y-bienestar","8":"first","9":"instock","10":"shipping-taxable","11":"purchasable","12":"product-type-simple"},"yoast_head":"<!-- This site is optimized with the Yoast SEO plugin v27.3 - https:\/\/yoast.com\/product\/yoast-seo-wordpress\/ -->\n<title>MAGNESIUM CITRATE IO.GENIX (60 CAP) - Iker Nutrici\u00f3n y M\u00e1s<\/title>\n<meta name=\"robots\" content=\"index, follow, max-snippet:-1, max-image-preview:large, max-video-preview:-1\" \/>\n<link rel=\"canonical\" href=\"https:\/\/ikernutricionymass.com\/eu\/produktua\/magnesium-citrate-io-genix-60-cap\/\" \/>\n<meta property=\"og:locale\" content=\"en_US\" \/>\n<meta property=\"og:type\" content=\"article\" \/>\n<meta property=\"og:title\" content=\"MAGNESIUM CITRATE IO.GENIX (60 CAP) - Iker Nutrici\u00f3n y M\u00e1s\" \/>\n<meta property=\"og:description\" content=\"Descripci\u00f3n: El citrato de magnesio es un suplemento formado por \u00e1cido c\u00edtrico y magnesio, de esta forma es absorbido mejor por el organismo, siendo imprescindible para su funcionamiento. Beneficios: &#8211; Ayuda a disminuir cansancio y fatiga. &#8211; Contribuye al metabolismo energ\u00e9tico, al funcionamiento de los m\u00fasculos y al mantenimiento de los huesos. &#8211; Favorece la [&hellip;]\" \/>\n<meta property=\"og:url\" content=\"https:\/\/ikernutricionymass.com\/eu\/produktua\/magnesium-citrate-io-genix-60-cap\/\" \/>\n<meta property=\"og:site_name\" content=\"Iker Nutrici\u00f3n y M\u00e1s\" \/>\n<meta property=\"article:modified_time\" content=\"2024-08-19T12:48:25+00:00\" \/>\n<meta property=\"og:image\" content=\"https:\/\/ikernutricionymass.com\/wp-content\/uploads\/2024\/08\/magnesium-citrate.webp\" \/>\n\t<meta property=\"og:image:width\" content=\"1100\" \/>\n\t<meta property=\"og:image:height\" content=\"1422\" \/>\n\t<meta property=\"og:image:type\" content=\"image\/webp\" \/>\n<meta name=\"twitter:card\" content=\"summary_large_image\" \/>\n<script type=\"application\/ld+json\" class=\"yoast-schema-graph\">{\"@context\":\"https:\\\/\\\/schema.org\",\"@graph\":[{\"@type\":\"WebPage\",\"@id\":\"https:\\\/\\\/ikernutricionymass.com\\\/producto\\\/magnesium-citrate-io-genix-60-cap\\\/\",\"url\":\"https:\\\/\\\/ikernutricionymass.com\\\/producto\\\/magnesium-citrate-io-genix-60-cap\\\/\",\"name\":\"MAGNESIUM CITRATE IO.GENIX (60 CAP) - Iker Nutrici\u00f3n y M\u00e1s\",\"isPartOf\":{\"@id\":\"https:\\\/\\\/ikernutricionymass.com\\\/#website\"},\"primaryImageOfPage\":{\"@id\":\"https:\\\/\\\/ikernutricionymass.com\\\/producto\\\/magnesium-citrate-io-genix-60-cap\\\/#primaryimage\"},\"image\":{\"@id\":\"https:\\\/\\\/ikernutricionymass.com\\\/producto\\\/magnesium-citrate-io-genix-60-cap\\\/#primaryimage\"},\"thumbnailUrl\":\"https:\\\/\\\/ikernutricionymass.com\\\/wp-content\\\/uploads\\\/2024\\\/08\\\/magnesium-citrate.webp\",\"datePublished\":\"2024-08-19T12:46:45+00:00\",\"dateModified\":\"2024-08-19T12:48:25+00:00\",\"breadcrumb\":{\"@id\":\"https:\\\/\\\/ikernutricionymass.com\\\/producto\\\/magnesium-citrate-io-genix-60-cap\\\/#breadcrumb\"},\"inLanguage\":\"eu\",\"potentialAction\":[{\"@type\":\"ReadAction\",\"target\":[\"https:\\\/\\\/ikernutricionymass.com\\\/producto\\\/magnesium-citrate-io-genix-60-cap\\\/\"]}]},{\"@type\":\"ImageObject\",\"inLanguage\":\"eu\",\"@id\":\"https:\\\/\\\/ikernutricionymass.com\\\/producto\\\/magnesium-citrate-io-genix-60-cap\\\/#primaryimage\",\"url\":\"https:\\\/\\\/ikernutricionymass.com\\\/wp-content\\\/uploads\\\/2024\\\/08\\\/magnesium-citrate.webp\",\"contentUrl\":\"https:\\\/\\\/ikernutricionymass.com\\\/wp-content\\\/uploads\\\/2024\\\/08\\\/magnesium-citrate.webp\",\"width\":1100,\"height\":1422},{\"@type\":\"BreadcrumbList\",\"@id\":\"https:\\\/\\\/ikernutricionymass.com\\\/producto\\\/magnesium-citrate-io-genix-60-cap\\\/#breadcrumb\",\"itemListElement\":[{\"@type\":\"ListItem\",\"position\":1,\"name\":\"Portada\",\"item\":\"https:\\\/\\\/ikernutricionymass.com\\\/\"},{\"@type\":\"ListItem\",\"position\":2,\"name\":\"Tienda\",\"item\":\"https:\\\/\\\/ikernutricionymass.com\\\/tienda\\\/\"},{\"@type\":\"ListItem\",\"position\":3,\"name\":\"MAGNESIUM CITRATE IO.GENIX (60 CAP)\"}]},{\"@type\":\"WebSite\",\"@id\":\"https:\\\/\\\/ikernutricionymass.com\\\/#website\",\"url\":\"https:\\\/\\\/ikernutricionymass.com\\\/\",\"name\":\"Iker Nutrici\u00f3n y M\u00e1s\",\"description\":\"\",\"publisher\":{\"@id\":\"https:\\\/\\\/ikernutricionymass.com\\\/#organization\"},\"potentialAction\":[{\"@type\":\"SearchAction\",\"target\":{\"@type\":\"EntryPoint\",\"urlTemplate\":\"https:\\\/\\\/ikernutricionymass.com\\\/?s={search_term_string}\"},\"query-input\":{\"@type\":\"PropertyValueSpecification\",\"valueRequired\":true,\"valueName\":\"search_term_string\"}}],\"inLanguage\":\"eu\"},{\"@type\":\"Organization\",\"@id\":\"https:\\\/\\\/ikernutricionymass.com\\\/#organization\",\"name\":\"Iker Nutrici\u00f3n y M\u00e1s\",\"url\":\"https:\\\/\\\/ikernutricionymass.com\\\/\",\"logo\":{\"@type\":\"ImageObject\",\"inLanguage\":\"eu\",\"@id\":\"https:\\\/\\\/ikernutricionymass.com\\\/#\\\/schema\\\/logo\\\/image\\\/\",\"url\":\"https:\\\/\\\/ikernutricionymass.com\\\/wp-content\\\/uploads\\\/2024\\\/07\\\/cropped-IKER_NUTRICION_Y_MAS_-01.png\",\"contentUrl\":\"https:\\\/\\\/ikernutricionymass.com\\\/wp-content\\\/uploads\\\/2024\\\/07\\\/cropped-IKER_NUTRICION_Y_MAS_-01.png\",\"width\":1919,\"height\":1080,\"caption\":\"Iker Nutrici\u00f3n y M\u00e1s\"},\"image\":{\"@id\":\"https:\\\/\\\/ikernutricionymass.com\\\/#\\\/schema\\\/logo\\\/image\\\/\"}}]}<\/script>\n<!-- \/ Yoast SEO plugin. -->","yoast_head_json":{"title":"MAGNESIUM CITRATE IO.GENIX (60 CAP) - Iker Nutrici\u00f3n y M\u00e1s","robots":{"index":"index","follow":"follow","max-snippet":"max-snippet:-1","max-image-preview":"max-image-preview:large","max-video-preview":"max-video-preview:-1"},"canonical":"https:\/\/ikernutricionymass.com\/eu\/produktua\/magnesium-citrate-io-genix-60-cap\/","og_locale":"en_US","og_type":"article","og_title":"MAGNESIUM CITRATE IO.GENIX (60 CAP) - Iker Nutrici\u00f3n y M\u00e1s","og_description":"Descripci\u00f3n: El citrato de magnesio es un suplemento formado por \u00e1cido c\u00edtrico y magnesio, de esta forma es absorbido mejor por el organismo, siendo imprescindible para su funcionamiento. Beneficios: &#8211; Ayuda a disminuir cansancio y fatiga. &#8211; Contribuye al metabolismo energ\u00e9tico, al funcionamiento de los m\u00fasculos y al mantenimiento de los huesos. &#8211; Favorece la [&hellip;]","og_url":"https:\/\/ikernutricionymass.com\/eu\/produktua\/magnesium-citrate-io-genix-60-cap\/","og_site_name":"Iker Nutrici\u00f3n y M\u00e1s","article_modified_time":"2024-08-19T12:48:25+00:00","og_image":[{"width":1100,"height":1422,"url":"https:\/\/ikernutricionymass.com\/wp-content\/uploads\/2024\/08\/magnesium-citrate.webp","type":"image\/webp"}],"twitter_card":"summary_large_image","schema":{"@context":"https:\/\/schema.org","@graph":[{"@type":"WebPage","@id":"https:\/\/ikernutricionymass.com\/producto\/magnesium-citrate-io-genix-60-cap\/","url":"https:\/\/ikernutricionymass.com\/producto\/magnesium-citrate-io-genix-60-cap\/","name":"MAGNESIUM CITRATE IO.GENIX (60 CAP) - Iker Nutrici\u00f3n y M\u00e1s","isPartOf":{"@id":"https:\/\/ikernutricionymass.com\/#website"},"primaryImageOfPage":{"@id":"https:\/\/ikernutricionymass.com\/producto\/magnesium-citrate-io-genix-60-cap\/#primaryimage"},"image":{"@id":"https:\/\/ikernutricionymass.com\/producto\/magnesium-citrate-io-genix-60-cap\/#primaryimage"},"thumbnailUrl":"https:\/\/ikernutricionymass.com\/wp-content\/uploads\/2024\/08\/magnesium-citrate.webp","datePublished":"2024-08-19T12:46:45+00:00","dateModified":"2024-08-19T12:48:25+00:00","breadcrumb":{"@id":"https:\/\/ikernutricionymass.com\/producto\/magnesium-citrate-io-genix-60-cap\/#breadcrumb"},"inLanguage":"eu","potentialAction":[{"@type":"ReadAction","target":["https:\/\/ikernutricionymass.com\/producto\/magnesium-citrate-io-genix-60-cap\/"]}]},{"@type":"ImageObject","inLanguage":"eu","@id":"https:\/\/ikernutricionymass.com\/producto\/magnesium-citrate-io-genix-60-cap\/#primaryimage","url":"https:\/\/ikernutricionymass.com\/wp-content\/uploads\/2024\/08\/magnesium-citrate.webp","contentUrl":"https:\/\/ikernutricionymass.com\/wp-content\/uploads\/2024\/08\/magnesium-citrate.webp","width":1100,"height":1422},{"@type":"BreadcrumbList","@id":"https:\/\/ikernutricionymass.com\/producto\/magnesium-citrate-io-genix-60-cap\/#breadcrumb","itemListElement":[{"@type":"ListItem","position":1,"name":"Portada","item":"https:\/\/ikernutricionymass.com\/"},{"@type":"ListItem","position":2,"name":"Tienda","item":"https:\/\/ikernutricionymass.com\/tienda\/"},{"@type":"ListItem","position":3,"name":"MAGNESIUM CITRATE IO.GENIX (60 CAP)"}]},{"@type":"WebSite","@id":"https:\/\/ikernutricionymass.com\/#website","url":"https:\/\/ikernutricionymass.com\/","name":"Iker Nutrici\u00f3n y M\u00e1s","description":"","publisher":{"@id":"https:\/\/ikernutricionymass.com\/#organization"},"potentialAction":[{"@type":"SearchAction","target":{"@type":"EntryPoint","urlTemplate":"https:\/\/ikernutricionymass.com\/?s={search_term_string}"},"query-input":{"@type":"PropertyValueSpecification","valueRequired":true,"valueName":"search_term_string"}}],"inLanguage":"eu"},{"@type":"Organization","@id":"https:\/\/ikernutricionymass.com\/#organization","name":"Iker Nutrici\u00f3n y M\u00e1s","url":"https:\/\/ikernutricionymass.com\/","logo":{"@type":"ImageObject","inLanguage":"eu","@id":"https:\/\/ikernutricionymass.com\/#\/schema\/logo\/image\/","url":"https:\/\/ikernutricionymass.com\/wp-content\/uploads\/2024\/07\/cropped-IKER_NUTRICION_Y_MAS_-01.png","contentUrl":"https:\/\/ikernutricionymass.com\/wp-content\/uploads\/2024\/07\/cropped-IKER_NUTRICION_Y_MAS_-01.png","width":1919,"height":1080,"caption":"Iker Nutrici\u00f3n y M\u00e1s"},"image":{"@id":"https:\/\/ikernutricionymass.com\/#\/schema\/logo\/image\/"}}]}},"jetpack_sharing_enabled":true,"_links":{"self":[{"href":"https:\/\/ikernutricionymass.com\/eu\/wp-json\/wp\/v2\/product\/813","targetHints":{"allow":["GET"]}}],"collection":[{"href":"https:\/\/ikernutricionymass.com\/eu\/wp-json\/wp\/v2\/product"}],"about":[{"href":"https:\/\/ikernutricionymass.com\/eu\/wp-json\/wp\/v2\/types\/product"}],"replies":[{"embeddable":true,"href":"https:\/\/ikernutricionymass.com\/eu\/wp-json\/wp\/v2\/comments?post=813"}],"wp:featuredmedia":[{"embeddable":true,"href":"https:\/\/ikernutricionymass.com\/eu\/wp-json\/wp\/v2\/media\/814"}],"wp:attachment":[{"href":"https:\/\/ikernutricionymass.com\/eu\/wp-json\/wp\/v2\/media?parent=813"}],"wp:term":[{"taxonomy":"product_brand","embeddable":true,"href":"https:\/\/ikernutricionymass.com\/eu\/wp-json\/wp\/v2\/product_brand?post=813"},{"taxonomy":"product_cat","embeddable":true,"href":"https:\/\/ikernutricionymass.com\/eu\/wp-json\/wp\/v2\/product_cat?post=813"},{"taxonomy":"product_tag","embeddable":true,"href":"https:\/\/ikernutricionymass.com\/eu\/wp-json\/wp\/v2\/product_tag?post=813"}],"curies":[{"name":"wp","href":"https:\/\/api.w.org\/{rel}","templated":true}]}}