{"id":805,"date":"2024-08-19T12:42:23","date_gmt":"2024-08-19T12:42:23","guid":{"rendered":"https:\/\/ikernutricionymass.rkinformatika.online\/?post_type=product&#038;p=805"},"modified":"2026-02-18T17:30:52","modified_gmt":"2026-02-18T17:30:52","slug":"gaba-io-genix-60-cap","status":"publish","type":"product","link":"https:\/\/ikernutricionymass.com\/eu\/produktua\/gaba-io-genix-60-cap\/","title":{"rendered":"GABA IO.GENIX (60 CAP)"},"content":{"rendered":"<p><strong>Descripci\u00f3n:<\/strong><\/p>\n<p>El \u00e1cido y-aminobut\u00edrico o GABA es un neurotransmisor distribuido en el sistema nervioso central,\u00a0el cual ejerce efectos inhibitorios sobre el sistema nervioso.<br data-mce-fragment=\"1\" \/><br data-mce-fragment=\"1\" \/>La cantidad de GABA segregada en distintas zonas del organismo como en la m\u00e9dula espinal, cerebelo, ganglios basales u otras partes de la corteza cerebral, puede verse afectada por distintos factores de la rutina diaria en la que se suele estar expuesto a estr\u00e9s, a la tendencia predominante por la comida r\u00e1pida o malos h\u00e1bitos de vida saludable, pudiendo originar la aparici\u00f3n de distintos s\u00edntomas como una mayor dificultad en conciliar el sue\u00f1o o estar m\u00e1s cansados.<br data-mce-fragment=\"1\" \/><br data-mce-fragment=\"1\" \/>Es un suplemento perfecto\u00a0para todas las personas que necesiten un aporte completamente natural en su d\u00eda a d\u00eda junto a una dieta variada y equilibrada.<\/p>\n<p><br data-mce-fragment=\"1\" \/><strong>Modo de empleo:<\/strong><\/p>\n<p>1 c\u00e1psula\/d\u00eda.<\/p>","protected":false},"excerpt":{"rendered":"<p>Descripci\u00f3n: El \u00e1cido y-aminobut\u00edrico o GABA es un neurotransmisor distribuido en el sistema nervioso central,\u00a0el cual ejerce efectos inhibitorios sobre el sistema nervioso.La cantidad de GABA segregada en distintas zonas del organismo como en la m\u00e9dula espinal, cerebelo, ganglios basales u otras partes de la corteza cerebral, puede verse afectada por distintos factores de la [&hellip;]<\/p>\n","protected":false},"featured_media":808,"comment_status":"open","ping_status":"closed","template":"","meta":[],"product_brand":[],"product_cat":[25],"product_tag":[],"class_list":{"0":"post-805","1":"product","2":"type-product","3":"status-publish","4":"has-post-thumbnail","6":"product_cat-descanso","8":"first","9":"instock","10":"shipping-taxable","11":"purchasable","12":"product-type-simple"},"yoast_head":"<!-- This site is optimized with the Yoast SEO plugin v27.3 - https:\/\/yoast.com\/product\/yoast-seo-wordpress\/ -->\n<title>GABA IO.GENIX (60 CAP) - Iker Nutrici\u00f3n y M\u00e1s<\/title>\n<meta name=\"robots\" content=\"index, follow, max-snippet:-1, max-image-preview:large, max-video-preview:-1\" \/>\n<link rel=\"canonical\" href=\"https:\/\/ikernutricionymass.com\/eu\/produktua\/gaba-io-genix-60-cap\/\" \/>\n<meta property=\"og:locale\" content=\"en_US\" \/>\n<meta property=\"og:type\" content=\"article\" \/>\n<meta property=\"og:title\" content=\"GABA IO.GENIX (60 CAP) - Iker Nutrici\u00f3n y M\u00e1s\" \/>\n<meta property=\"og:description\" content=\"Descripci\u00f3n: El \u00e1cido y-aminobut\u00edrico o GABA es un neurotransmisor distribuido en el sistema nervioso central,\u00a0el cual ejerce efectos inhibitorios sobre el sistema nervioso.La cantidad de GABA segregada en distintas zonas del organismo como en la m\u00e9dula espinal, cerebelo, ganglios basales u otras partes de la corteza cerebral, puede verse afectada por distintos factores de la [&hellip;]\" \/>\n<meta property=\"og:url\" content=\"https:\/\/ikernutricionymass.com\/eu\/produktua\/gaba-io-genix-60-cap\/\" \/>\n<meta property=\"og:site_name\" content=\"Iker Nutrici\u00f3n y M\u00e1s\" \/>\n<meta property=\"article:modified_time\" content=\"2026-02-18T17:30:52+00:00\" \/>\n<meta property=\"og:image\" content=\"https:\/\/ikernutricionymass.com\/wp-content\/uploads\/2024\/08\/gaba-professional.webp\" \/>\n\t<meta property=\"og:image:width\" content=\"800\" \/>\n\t<meta property=\"og:image:height\" content=\"800\" \/>\n\t<meta property=\"og:image:type\" content=\"image\/webp\" \/>\n<meta name=\"twitter:card\" content=\"summary_large_image\" \/>\n<meta name=\"twitter:label1\" content=\"Est. reading time\" \/>\n\t<meta name=\"twitter:data1\" content=\"1 minutua\" \/>\n<script type=\"application\/ld+json\" class=\"yoast-schema-graph\">{\"@context\":\"https:\\\/\\\/schema.org\",\"@graph\":[{\"@type\":\"WebPage\",\"@id\":\"https:\\\/\\\/ikernutricionymass.com\\\/producto\\\/gaba-io-genix-60-cap\\\/\",\"url\":\"https:\\\/\\\/ikernutricionymass.com\\\/producto\\\/gaba-io-genix-60-cap\\\/\",\"name\":\"GABA IO.GENIX (60 CAP) - Iker Nutrici\u00f3n y M\u00e1s\",\"isPartOf\":{\"@id\":\"https:\\\/\\\/ikernutricionymass.com\\\/#website\"},\"primaryImageOfPage\":{\"@id\":\"https:\\\/\\\/ikernutricionymass.com\\\/producto\\\/gaba-io-genix-60-cap\\\/#primaryimage\"},\"image\":{\"@id\":\"https:\\\/\\\/ikernutricionymass.com\\\/producto\\\/gaba-io-genix-60-cap\\\/#primaryimage\"},\"thumbnailUrl\":\"https:\\\/\\\/ikernutricionymass.com\\\/wp-content\\\/uploads\\\/2024\\\/08\\\/gaba-professional.webp\",\"datePublished\":\"2024-08-19T12:42:23+00:00\",\"dateModified\":\"2026-02-18T17:30:52+00:00\",\"breadcrumb\":{\"@id\":\"https:\\\/\\\/ikernutricionymass.com\\\/producto\\\/gaba-io-genix-60-cap\\\/#breadcrumb\"},\"inLanguage\":\"eu\",\"potentialAction\":[{\"@type\":\"ReadAction\",\"target\":[\"https:\\\/\\\/ikernutricionymass.com\\\/producto\\\/gaba-io-genix-60-cap\\\/\"]}]},{\"@type\":\"ImageObject\",\"inLanguage\":\"eu\",\"@id\":\"https:\\\/\\\/ikernutricionymass.com\\\/producto\\\/gaba-io-genix-60-cap\\\/#primaryimage\",\"url\":\"https:\\\/\\\/ikernutricionymass.com\\\/wp-content\\\/uploads\\\/2024\\\/08\\\/gaba-professional.webp\",\"contentUrl\":\"https:\\\/\\\/ikernutricionymass.com\\\/wp-content\\\/uploads\\\/2024\\\/08\\\/gaba-professional.webp\",\"width\":800,\"height\":800},{\"@type\":\"BreadcrumbList\",\"@id\":\"https:\\\/\\\/ikernutricionymass.com\\\/producto\\\/gaba-io-genix-60-cap\\\/#breadcrumb\",\"itemListElement\":[{\"@type\":\"ListItem\",\"position\":1,\"name\":\"Portada\",\"item\":\"https:\\\/\\\/ikernutricionymass.com\\\/\"},{\"@type\":\"ListItem\",\"position\":2,\"name\":\"Tienda\",\"item\":\"https:\\\/\\\/ikernutricionymass.com\\\/tienda\\\/\"},{\"@type\":\"ListItem\",\"position\":3,\"name\":\"GABA IO.GENIX (60 CAP)\"}]},{\"@type\":\"WebSite\",\"@id\":\"https:\\\/\\\/ikernutricionymass.com\\\/#website\",\"url\":\"https:\\\/\\\/ikernutricionymass.com\\\/\",\"name\":\"Iker Nutrici\u00f3n y M\u00e1s\",\"description\":\"\",\"publisher\":{\"@id\":\"https:\\\/\\\/ikernutricionymass.com\\\/#organization\"},\"potentialAction\":[{\"@type\":\"SearchAction\",\"target\":{\"@type\":\"EntryPoint\",\"urlTemplate\":\"https:\\\/\\\/ikernutricionymass.com\\\/?s={search_term_string}\"},\"query-input\":{\"@type\":\"PropertyValueSpecification\",\"valueRequired\":true,\"valueName\":\"search_term_string\"}}],\"inLanguage\":\"eu\"},{\"@type\":\"Organization\",\"@id\":\"https:\\\/\\\/ikernutricionymass.com\\\/#organization\",\"name\":\"Iker Nutrici\u00f3n y M\u00e1s\",\"url\":\"https:\\\/\\\/ikernutricionymass.com\\\/\",\"logo\":{\"@type\":\"ImageObject\",\"inLanguage\":\"eu\",\"@id\":\"https:\\\/\\\/ikernutricionymass.com\\\/#\\\/schema\\\/logo\\\/image\\\/\",\"url\":\"https:\\\/\\\/ikernutricionymass.com\\\/wp-content\\\/uploads\\\/2024\\\/07\\\/cropped-IKER_NUTRICION_Y_MAS_-01.png\",\"contentUrl\":\"https:\\\/\\\/ikernutricionymass.com\\\/wp-content\\\/uploads\\\/2024\\\/07\\\/cropped-IKER_NUTRICION_Y_MAS_-01.png\",\"width\":1919,\"height\":1080,\"caption\":\"Iker Nutrici\u00f3n y M\u00e1s\"},\"image\":{\"@id\":\"https:\\\/\\\/ikernutricionymass.com\\\/#\\\/schema\\\/logo\\\/image\\\/\"}}]}<\/script>\n<!-- \/ Yoast SEO plugin. -->","yoast_head_json":{"title":"GABA IO.GENIX (60 CAP) - Iker Nutrici\u00f3n y M\u00e1s","robots":{"index":"index","follow":"follow","max-snippet":"max-snippet:-1","max-image-preview":"max-image-preview:large","max-video-preview":"max-video-preview:-1"},"canonical":"https:\/\/ikernutricionymass.com\/eu\/produktua\/gaba-io-genix-60-cap\/","og_locale":"en_US","og_type":"article","og_title":"GABA IO.GENIX (60 CAP) - Iker Nutrici\u00f3n y M\u00e1s","og_description":"Descripci\u00f3n: El \u00e1cido y-aminobut\u00edrico o GABA es un neurotransmisor distribuido en el sistema nervioso central,\u00a0el cual ejerce efectos inhibitorios sobre el sistema nervioso.La cantidad de GABA segregada en distintas zonas del organismo como en la m\u00e9dula espinal, cerebelo, ganglios basales u otras partes de la corteza cerebral, puede verse afectada por distintos factores de la [&hellip;]","og_url":"https:\/\/ikernutricionymass.com\/eu\/produktua\/gaba-io-genix-60-cap\/","og_site_name":"Iker Nutrici\u00f3n y M\u00e1s","article_modified_time":"2026-02-18T17:30:52+00:00","og_image":[{"width":800,"height":800,"url":"https:\/\/ikernutricionymass.com\/wp-content\/uploads\/2024\/08\/gaba-professional.webp","type":"image\/webp"}],"twitter_card":"summary_large_image","twitter_misc":{"Est. reading time":"1 minutua"},"schema":{"@context":"https:\/\/schema.org","@graph":[{"@type":"WebPage","@id":"https:\/\/ikernutricionymass.com\/producto\/gaba-io-genix-60-cap\/","url":"https:\/\/ikernutricionymass.com\/producto\/gaba-io-genix-60-cap\/","name":"GABA IO.GENIX (60 CAP) - Iker Nutrici\u00f3n y M\u00e1s","isPartOf":{"@id":"https:\/\/ikernutricionymass.com\/#website"},"primaryImageOfPage":{"@id":"https:\/\/ikernutricionymass.com\/producto\/gaba-io-genix-60-cap\/#primaryimage"},"image":{"@id":"https:\/\/ikernutricionymass.com\/producto\/gaba-io-genix-60-cap\/#primaryimage"},"thumbnailUrl":"https:\/\/ikernutricionymass.com\/wp-content\/uploads\/2024\/08\/gaba-professional.webp","datePublished":"2024-08-19T12:42:23+00:00","dateModified":"2026-02-18T17:30:52+00:00","breadcrumb":{"@id":"https:\/\/ikernutricionymass.com\/producto\/gaba-io-genix-60-cap\/#breadcrumb"},"inLanguage":"eu","potentialAction":[{"@type":"ReadAction","target":["https:\/\/ikernutricionymass.com\/producto\/gaba-io-genix-60-cap\/"]}]},{"@type":"ImageObject","inLanguage":"eu","@id":"https:\/\/ikernutricionymass.com\/producto\/gaba-io-genix-60-cap\/#primaryimage","url":"https:\/\/ikernutricionymass.com\/wp-content\/uploads\/2024\/08\/gaba-professional.webp","contentUrl":"https:\/\/ikernutricionymass.com\/wp-content\/uploads\/2024\/08\/gaba-professional.webp","width":800,"height":800},{"@type":"BreadcrumbList","@id":"https:\/\/ikernutricionymass.com\/producto\/gaba-io-genix-60-cap\/#breadcrumb","itemListElement":[{"@type":"ListItem","position":1,"name":"Portada","item":"https:\/\/ikernutricionymass.com\/"},{"@type":"ListItem","position":2,"name":"Tienda","item":"https:\/\/ikernutricionymass.com\/tienda\/"},{"@type":"ListItem","position":3,"name":"GABA IO.GENIX (60 CAP)"}]},{"@type":"WebSite","@id":"https:\/\/ikernutricionymass.com\/#website","url":"https:\/\/ikernutricionymass.com\/","name":"Iker Nutrici\u00f3n y M\u00e1s","description":"","publisher":{"@id":"https:\/\/ikernutricionymass.com\/#organization"},"potentialAction":[{"@type":"SearchAction","target":{"@type":"EntryPoint","urlTemplate":"https:\/\/ikernutricionymass.com\/?s={search_term_string}"},"query-input":{"@type":"PropertyValueSpecification","valueRequired":true,"valueName":"search_term_string"}}],"inLanguage":"eu"},{"@type":"Organization","@id":"https:\/\/ikernutricionymass.com\/#organization","name":"Iker Nutrici\u00f3n y M\u00e1s","url":"https:\/\/ikernutricionymass.com\/","logo":{"@type":"ImageObject","inLanguage":"eu","@id":"https:\/\/ikernutricionymass.com\/#\/schema\/logo\/image\/","url":"https:\/\/ikernutricionymass.com\/wp-content\/uploads\/2024\/07\/cropped-IKER_NUTRICION_Y_MAS_-01.png","contentUrl":"https:\/\/ikernutricionymass.com\/wp-content\/uploads\/2024\/07\/cropped-IKER_NUTRICION_Y_MAS_-01.png","width":1919,"height":1080,"caption":"Iker Nutrici\u00f3n y M\u00e1s"},"image":{"@id":"https:\/\/ikernutricionymass.com\/#\/schema\/logo\/image\/"}}]}},"jetpack_sharing_enabled":true,"_links":{"self":[{"href":"https:\/\/ikernutricionymass.com\/eu\/wp-json\/wp\/v2\/product\/805","targetHints":{"allow":["GET"]}}],"collection":[{"href":"https:\/\/ikernutricionymass.com\/eu\/wp-json\/wp\/v2\/product"}],"about":[{"href":"https:\/\/ikernutricionymass.com\/eu\/wp-json\/wp\/v2\/types\/product"}],"replies":[{"embeddable":true,"href":"https:\/\/ikernutricionymass.com\/eu\/wp-json\/wp\/v2\/comments?post=805"}],"wp:featuredmedia":[{"embeddable":true,"href":"https:\/\/ikernutricionymass.com\/eu\/wp-json\/wp\/v2\/media\/808"}],"wp:attachment":[{"href":"https:\/\/ikernutricionymass.com\/eu\/wp-json\/wp\/v2\/media?parent=805"}],"wp:term":[{"taxonomy":"product_brand","embeddable":true,"href":"https:\/\/ikernutricionymass.com\/eu\/wp-json\/wp\/v2\/product_brand?post=805"},{"taxonomy":"product_cat","embeddable":true,"href":"https:\/\/ikernutricionymass.com\/eu\/wp-json\/wp\/v2\/product_cat?post=805"},{"taxonomy":"product_tag","embeddable":true,"href":"https:\/\/ikernutricionymass.com\/eu\/wp-json\/wp\/v2\/product_tag?post=805"}],"curies":[{"name":"wp","href":"https:\/\/api.w.org\/{rel}","templated":true}]}}