{"id":657,"date":"2024-08-09T13:37:55","date_gmt":"2024-08-09T13:37:55","guid":{"rendered":"https:\/\/ikernutricionymass.rkinformatika.online\/?post_type=product&#038;p=657"},"modified":"2024-08-09T13:43:06","modified_gmt":"2024-08-09T13:43:06","slug":"true-dream-fullgas-60-cap","status":"publish","type":"product","link":"https:\/\/ikernutricionymass.com\/eu\/produktua\/true-dream-fullgas-60-cap\/","title":{"rendered":"TRUE DREAM FULLGAS (60 CAP)"},"content":{"rendered":"<p><strong>Descripci\u00f3n:<\/strong><\/p>\n<p>Se trata de una melatonina de liberaci\u00f3n prolongada. En este caso, una gran cantidad es liberada en la primera hora de su consumo, mientras que la otra parte restante se librea de forma sostenida en las siguientes horas.<\/p>\n<p><strong>\u00bfEn qu\u00e9 cantidades se libera?<\/strong><br \/><span><strong>&#8211; Entre 0-1 horas<\/strong>: Se libera una cantidad de 0,6 mg a 0,9 mg de melatonina.<\/span><br \/><span><strong>&#8211; Entre 1-6 horas<\/strong>: Una dosis mantenida de 0,1 mg a 0,3 mg de melatonina por cada hora.<\/span><br \/><span><strong>&#8211; Entre 7-8 horas:<\/strong> El resto de la dosis se libera durante las pr\u00f3ximas 2 horas para facilitar la eliminaci\u00f3n de melatonina.<\/span><\/p>\n<p><strong>Dosis diaria recomendada:<\/strong><\/p>\n<p>1 c\u00e1psula diaria media hora antes de acostarse.<\/p>","protected":false},"excerpt":{"rendered":"<p>Descripci\u00f3n: Se trata de una melatonina de liberaci\u00f3n prolongada. En este caso, una gran cantidad es liberada en la primera hora de su consumo, mientras que la otra parte restante se librea de forma sostenida en las siguientes horas. \u00bfEn qu\u00e9 cantidades se libera?&#8211; Entre 0-1 horas: Se libera una cantidad de 0,6 mg a [&hellip;]<\/p>\n","protected":false},"featured_media":658,"comment_status":"open","ping_status":"closed","template":"","meta":[],"product_brand":[],"product_cat":[25],"product_tag":[],"class_list":{"0":"post-657","1":"product","2":"type-product","3":"status-publish","4":"has-post-thumbnail","6":"product_cat-descanso","8":"first","9":"instock","10":"shipping-taxable","11":"purchasable","12":"product-type-simple"},"yoast_head":"<!-- This site is optimized with the Yoast SEO plugin v27.3 - https:\/\/yoast.com\/product\/yoast-seo-wordpress\/ -->\n<title>TRUE DREAM FULLGAS (60 CAP) - Iker Nutrici\u00f3n y M\u00e1s<\/title>\n<meta name=\"robots\" content=\"index, follow, max-snippet:-1, max-image-preview:large, max-video-preview:-1\" \/>\n<link rel=\"canonical\" href=\"https:\/\/ikernutricionymass.com\/eu\/produktua\/true-dream-fullgas-60-cap\/\" \/>\n<meta property=\"og:locale\" content=\"en_US\" \/>\n<meta property=\"og:type\" content=\"article\" \/>\n<meta property=\"og:title\" content=\"TRUE DREAM FULLGAS (60 CAP) - Iker Nutrici\u00f3n y M\u00e1s\" \/>\n<meta property=\"og:description\" content=\"Descripci\u00f3n: Se trata de una melatonina de liberaci\u00f3n prolongada. En este caso, una gran cantidad es liberada en la primera hora de su consumo, mientras que la otra parte restante se librea de forma sostenida en las siguientes horas. \u00bfEn qu\u00e9 cantidades se libera?&#8211; Entre 0-1 horas: Se libera una cantidad de 0,6 mg a [&hellip;]\" \/>\n<meta property=\"og:url\" content=\"https:\/\/ikernutricionymass.com\/eu\/produktua\/true-dream-fullgas-60-cap\/\" \/>\n<meta property=\"og:site_name\" content=\"Iker Nutrici\u00f3n y M\u00e1s\" \/>\n<meta property=\"article:modified_time\" content=\"2024-08-09T13:43:06+00:00\" \/>\n<meta property=\"og:image\" content=\"https:\/\/ikernutricionymass.com\/wp-content\/uploads\/2024\/08\/true-dream-60-caps-19mg.webp\" \/>\n\t<meta property=\"og:image:width\" content=\"600\" \/>\n\t<meta property=\"og:image:height\" content=\"600\" \/>\n\t<meta property=\"og:image:type\" content=\"image\/webp\" \/>\n<meta name=\"twitter:card\" content=\"summary_large_image\" \/>\n<meta name=\"twitter:label1\" content=\"Est. reading time\" \/>\n\t<meta name=\"twitter:data1\" content=\"1 minutua\" \/>\n<script type=\"application\/ld+json\" class=\"yoast-schema-graph\">{\"@context\":\"https:\\\/\\\/schema.org\",\"@graph\":[{\"@type\":\"WebPage\",\"@id\":\"https:\\\/\\\/ikernutricionymass.com\\\/producto\\\/true-dream-fullgas-60-cap\\\/\",\"url\":\"https:\\\/\\\/ikernutricionymass.com\\\/producto\\\/true-dream-fullgas-60-cap\\\/\",\"name\":\"TRUE DREAM FULLGAS (60 CAP) - Iker Nutrici\u00f3n y M\u00e1s\",\"isPartOf\":{\"@id\":\"https:\\\/\\\/ikernutricionymass.com\\\/#website\"},\"primaryImageOfPage\":{\"@id\":\"https:\\\/\\\/ikernutricionymass.com\\\/producto\\\/true-dream-fullgas-60-cap\\\/#primaryimage\"},\"image\":{\"@id\":\"https:\\\/\\\/ikernutricionymass.com\\\/producto\\\/true-dream-fullgas-60-cap\\\/#primaryimage\"},\"thumbnailUrl\":\"https:\\\/\\\/ikernutricionymass.com\\\/wp-content\\\/uploads\\\/2024\\\/08\\\/true-dream-60-caps-19mg.webp\",\"datePublished\":\"2024-08-09T13:37:55+00:00\",\"dateModified\":\"2024-08-09T13:43:06+00:00\",\"breadcrumb\":{\"@id\":\"https:\\\/\\\/ikernutricionymass.com\\\/producto\\\/true-dream-fullgas-60-cap\\\/#breadcrumb\"},\"inLanguage\":\"eu\",\"potentialAction\":[{\"@type\":\"ReadAction\",\"target\":[\"https:\\\/\\\/ikernutricionymass.com\\\/producto\\\/true-dream-fullgas-60-cap\\\/\"]}]},{\"@type\":\"ImageObject\",\"inLanguage\":\"eu\",\"@id\":\"https:\\\/\\\/ikernutricionymass.com\\\/producto\\\/true-dream-fullgas-60-cap\\\/#primaryimage\",\"url\":\"https:\\\/\\\/ikernutricionymass.com\\\/wp-content\\\/uploads\\\/2024\\\/08\\\/true-dream-60-caps-19mg.webp\",\"contentUrl\":\"https:\\\/\\\/ikernutricionymass.com\\\/wp-content\\\/uploads\\\/2024\\\/08\\\/true-dream-60-caps-19mg.webp\",\"width\":600,\"height\":600},{\"@type\":\"BreadcrumbList\",\"@id\":\"https:\\\/\\\/ikernutricionymass.com\\\/producto\\\/true-dream-fullgas-60-cap\\\/#breadcrumb\",\"itemListElement\":[{\"@type\":\"ListItem\",\"position\":1,\"name\":\"Portada\",\"item\":\"https:\\\/\\\/ikernutricionymass.com\\\/\"},{\"@type\":\"ListItem\",\"position\":2,\"name\":\"Tienda\",\"item\":\"https:\\\/\\\/ikernutricionymass.com\\\/tienda\\\/\"},{\"@type\":\"ListItem\",\"position\":3,\"name\":\"TRUE DREAM FULLGAS (60 CAP)\"}]},{\"@type\":\"WebSite\",\"@id\":\"https:\\\/\\\/ikernutricionymass.com\\\/#website\",\"url\":\"https:\\\/\\\/ikernutricionymass.com\\\/\",\"name\":\"Iker Nutrici\u00f3n y M\u00e1s\",\"description\":\"\",\"publisher\":{\"@id\":\"https:\\\/\\\/ikernutricionymass.com\\\/#organization\"},\"potentialAction\":[{\"@type\":\"SearchAction\",\"target\":{\"@type\":\"EntryPoint\",\"urlTemplate\":\"https:\\\/\\\/ikernutricionymass.com\\\/?s={search_term_string}\"},\"query-input\":{\"@type\":\"PropertyValueSpecification\",\"valueRequired\":true,\"valueName\":\"search_term_string\"}}],\"inLanguage\":\"eu\"},{\"@type\":\"Organization\",\"@id\":\"https:\\\/\\\/ikernutricionymass.com\\\/#organization\",\"name\":\"Iker Nutrici\u00f3n y M\u00e1s\",\"url\":\"https:\\\/\\\/ikernutricionymass.com\\\/\",\"logo\":{\"@type\":\"ImageObject\",\"inLanguage\":\"eu\",\"@id\":\"https:\\\/\\\/ikernutricionymass.com\\\/#\\\/schema\\\/logo\\\/image\\\/\",\"url\":\"https:\\\/\\\/ikernutricionymass.com\\\/wp-content\\\/uploads\\\/2024\\\/07\\\/cropped-IKER_NUTRICION_Y_MAS_-01.png\",\"contentUrl\":\"https:\\\/\\\/ikernutricionymass.com\\\/wp-content\\\/uploads\\\/2024\\\/07\\\/cropped-IKER_NUTRICION_Y_MAS_-01.png\",\"width\":1919,\"height\":1080,\"caption\":\"Iker Nutrici\u00f3n y M\u00e1s\"},\"image\":{\"@id\":\"https:\\\/\\\/ikernutricionymass.com\\\/#\\\/schema\\\/logo\\\/image\\\/\"}}]}<\/script>\n<!-- \/ Yoast SEO plugin. -->","yoast_head_json":{"title":"TRUE DREAM FULLGAS (60 CAP) - Iker Nutrici\u00f3n y M\u00e1s","robots":{"index":"index","follow":"follow","max-snippet":"max-snippet:-1","max-image-preview":"max-image-preview:large","max-video-preview":"max-video-preview:-1"},"canonical":"https:\/\/ikernutricionymass.com\/eu\/produktua\/true-dream-fullgas-60-cap\/","og_locale":"en_US","og_type":"article","og_title":"TRUE DREAM FULLGAS (60 CAP) - Iker Nutrici\u00f3n y M\u00e1s","og_description":"Descripci\u00f3n: Se trata de una melatonina de liberaci\u00f3n prolongada. En este caso, una gran cantidad es liberada en la primera hora de su consumo, mientras que la otra parte restante se librea de forma sostenida en las siguientes horas. \u00bfEn qu\u00e9 cantidades se libera?&#8211; Entre 0-1 horas: Se libera una cantidad de 0,6 mg a [&hellip;]","og_url":"https:\/\/ikernutricionymass.com\/eu\/produktua\/true-dream-fullgas-60-cap\/","og_site_name":"Iker Nutrici\u00f3n y M\u00e1s","article_modified_time":"2024-08-09T13:43:06+00:00","og_image":[{"width":600,"height":600,"url":"https:\/\/ikernutricionymass.com\/wp-content\/uploads\/2024\/08\/true-dream-60-caps-19mg.webp","type":"image\/webp"}],"twitter_card":"summary_large_image","twitter_misc":{"Est. reading time":"1 minutua"},"schema":{"@context":"https:\/\/schema.org","@graph":[{"@type":"WebPage","@id":"https:\/\/ikernutricionymass.com\/producto\/true-dream-fullgas-60-cap\/","url":"https:\/\/ikernutricionymass.com\/producto\/true-dream-fullgas-60-cap\/","name":"TRUE DREAM FULLGAS (60 CAP) - Iker Nutrici\u00f3n y M\u00e1s","isPartOf":{"@id":"https:\/\/ikernutricionymass.com\/#website"},"primaryImageOfPage":{"@id":"https:\/\/ikernutricionymass.com\/producto\/true-dream-fullgas-60-cap\/#primaryimage"},"image":{"@id":"https:\/\/ikernutricionymass.com\/producto\/true-dream-fullgas-60-cap\/#primaryimage"},"thumbnailUrl":"https:\/\/ikernutricionymass.com\/wp-content\/uploads\/2024\/08\/true-dream-60-caps-19mg.webp","datePublished":"2024-08-09T13:37:55+00:00","dateModified":"2024-08-09T13:43:06+00:00","breadcrumb":{"@id":"https:\/\/ikernutricionymass.com\/producto\/true-dream-fullgas-60-cap\/#breadcrumb"},"inLanguage":"eu","potentialAction":[{"@type":"ReadAction","target":["https:\/\/ikernutricionymass.com\/producto\/true-dream-fullgas-60-cap\/"]}]},{"@type":"ImageObject","inLanguage":"eu","@id":"https:\/\/ikernutricionymass.com\/producto\/true-dream-fullgas-60-cap\/#primaryimage","url":"https:\/\/ikernutricionymass.com\/wp-content\/uploads\/2024\/08\/true-dream-60-caps-19mg.webp","contentUrl":"https:\/\/ikernutricionymass.com\/wp-content\/uploads\/2024\/08\/true-dream-60-caps-19mg.webp","width":600,"height":600},{"@type":"BreadcrumbList","@id":"https:\/\/ikernutricionymass.com\/producto\/true-dream-fullgas-60-cap\/#breadcrumb","itemListElement":[{"@type":"ListItem","position":1,"name":"Portada","item":"https:\/\/ikernutricionymass.com\/"},{"@type":"ListItem","position":2,"name":"Tienda","item":"https:\/\/ikernutricionymass.com\/tienda\/"},{"@type":"ListItem","position":3,"name":"TRUE DREAM FULLGAS (60 CAP)"}]},{"@type":"WebSite","@id":"https:\/\/ikernutricionymass.com\/#website","url":"https:\/\/ikernutricionymass.com\/","name":"Iker Nutrici\u00f3n y M\u00e1s","description":"","publisher":{"@id":"https:\/\/ikernutricionymass.com\/#organization"},"potentialAction":[{"@type":"SearchAction","target":{"@type":"EntryPoint","urlTemplate":"https:\/\/ikernutricionymass.com\/?s={search_term_string}"},"query-input":{"@type":"PropertyValueSpecification","valueRequired":true,"valueName":"search_term_string"}}],"inLanguage":"eu"},{"@type":"Organization","@id":"https:\/\/ikernutricionymass.com\/#organization","name":"Iker Nutrici\u00f3n y M\u00e1s","url":"https:\/\/ikernutricionymass.com\/","logo":{"@type":"ImageObject","inLanguage":"eu","@id":"https:\/\/ikernutricionymass.com\/#\/schema\/logo\/image\/","url":"https:\/\/ikernutricionymass.com\/wp-content\/uploads\/2024\/07\/cropped-IKER_NUTRICION_Y_MAS_-01.png","contentUrl":"https:\/\/ikernutricionymass.com\/wp-content\/uploads\/2024\/07\/cropped-IKER_NUTRICION_Y_MAS_-01.png","width":1919,"height":1080,"caption":"Iker Nutrici\u00f3n y M\u00e1s"},"image":{"@id":"https:\/\/ikernutricionymass.com\/#\/schema\/logo\/image\/"}}]}},"jetpack_sharing_enabled":true,"_links":{"self":[{"href":"https:\/\/ikernutricionymass.com\/eu\/wp-json\/wp\/v2\/product\/657","targetHints":{"allow":["GET"]}}],"collection":[{"href":"https:\/\/ikernutricionymass.com\/eu\/wp-json\/wp\/v2\/product"}],"about":[{"href":"https:\/\/ikernutricionymass.com\/eu\/wp-json\/wp\/v2\/types\/product"}],"replies":[{"embeddable":true,"href":"https:\/\/ikernutricionymass.com\/eu\/wp-json\/wp\/v2\/comments?post=657"}],"wp:featuredmedia":[{"embeddable":true,"href":"https:\/\/ikernutricionymass.com\/eu\/wp-json\/wp\/v2\/media\/658"}],"wp:attachment":[{"href":"https:\/\/ikernutricionymass.com\/eu\/wp-json\/wp\/v2\/media?parent=657"}],"wp:term":[{"taxonomy":"product_brand","embeddable":true,"href":"https:\/\/ikernutricionymass.com\/eu\/wp-json\/wp\/v2\/product_brand?post=657"},{"taxonomy":"product_cat","embeddable":true,"href":"https:\/\/ikernutricionymass.com\/eu\/wp-json\/wp\/v2\/product_cat?post=657"},{"taxonomy":"product_tag","embeddable":true,"href":"https:\/\/ikernutricionymass.com\/eu\/wp-json\/wp\/v2\/product_tag?post=657"}],"curies":[{"name":"wp","href":"https:\/\/api.w.org\/{rel}","templated":true}]}}