{"id":655,"date":"2024-08-09T13:36:27","date_gmt":"2024-08-09T13:36:27","guid":{"rendered":"https:\/\/ikernutricionymass.rkinformatika.online\/?post_type=product&#038;p=655"},"modified":"2024-08-09T13:37:39","modified_gmt":"2024-08-09T13:37:39","slug":"renal-scientiffic-nutrition-90cap","status":"publish","type":"product","link":"https:\/\/ikernutricionymass.com\/eu\/produktua\/renal-scientiffic-nutrition-90cap\/","title":{"rendered":"RENAL + SCIENTIFFIC NUTRITION (90CAP)"},"content":{"rendered":"<p><strong>Descripci\u00f3n:<\/strong><\/p>\n<p>Se trata de un antiinflamatorio que incide en la funci\u00f3n renal, nos ayuda as\u00ed a proteger y favorecer la salud de nuestros ri\u00f1ones.<\/p>\n<p>Cabe destacar que su f\u00f3rmula proporciona beneficios que colaborar\u00e1n con nuestra salud y su buen rendimiento.<\/p>\n<p>\u00a0<\/p>\n<p><strong>Dosis recomendada:<\/strong><\/p>\n<p>3 c\u00e1psulas\/d\u00eda.<\/p>","protected":false},"excerpt":{"rendered":"<p>Descripci\u00f3n: Se trata de un antiinflamatorio que incide en la funci\u00f3n renal, nos ayuda as\u00ed a proteger y favorecer la salud de nuestros ri\u00f1ones. Cabe destacar que su f\u00f3rmula proporciona beneficios que colaborar\u00e1n con nuestra salud y su buen rendimiento. \u00a0 Dosis recomendada: 3 c\u00e1psulas\/d\u00eda.<\/p>","protected":false},"featured_media":656,"comment_status":"open","ping_status":"closed","template":"","meta":[],"product_brand":[],"product_cat":[33],"product_tag":[],"class_list":{"0":"post-655","1":"product","2":"type-product","3":"status-publish","4":"has-post-thumbnail","6":"product_cat-salud-y-bienestar","8":"first","9":"instock","10":"shipping-taxable","11":"purchasable","12":"product-type-simple"},"yoast_head":"<!-- This site is optimized with the Yoast SEO plugin v27.3 - https:\/\/yoast.com\/product\/yoast-seo-wordpress\/ -->\n<title>RENAL + SCIENTIFFIC NUTRITION (90CAP) - Iker Nutrici\u00f3n y M\u00e1s<\/title>\n<meta name=\"robots\" content=\"index, follow, max-snippet:-1, max-image-preview:large, max-video-preview:-1\" \/>\n<link rel=\"canonical\" href=\"https:\/\/ikernutricionymass.com\/eu\/produktua\/renal-scientiffic-nutrition-90cap\/\" \/>\n<meta property=\"og:locale\" content=\"en_US\" \/>\n<meta property=\"og:type\" content=\"article\" \/>\n<meta property=\"og:title\" content=\"RENAL + SCIENTIFFIC NUTRITION (90CAP) - Iker Nutrici\u00f3n y M\u00e1s\" \/>\n<meta property=\"og:description\" content=\"Descripci\u00f3n: Se trata de un antiinflamatorio que incide en la funci\u00f3n renal, nos ayuda as\u00ed a proteger y favorecer la salud de nuestros ri\u00f1ones. Cabe destacar que su f\u00f3rmula proporciona beneficios que colaborar\u00e1n con nuestra salud y su buen rendimiento. \u00a0 Dosis recomendada: 3 c\u00e1psulas\/d\u00eda.\" \/>\n<meta property=\"og:url\" content=\"https:\/\/ikernutricionymass.com\/eu\/produktua\/renal-scientiffic-nutrition-90cap\/\" \/>\n<meta property=\"og:site_name\" content=\"Iker Nutrici\u00f3n y M\u00e1s\" \/>\n<meta property=\"article:modified_time\" content=\"2024-08-09T13:37:39+00:00\" \/>\n<meta property=\"og:image\" content=\"https:\/\/ikernutricionymass.com\/wp-content\/uploads\/2024\/08\/RENAL-774x675-1.webp\" \/>\n\t<meta property=\"og:image:width\" content=\"774\" \/>\n\t<meta property=\"og:image:height\" content=\"675\" \/>\n\t<meta property=\"og:image:type\" content=\"image\/webp\" \/>\n<meta name=\"twitter:card\" content=\"summary_large_image\" \/>\n<script type=\"application\/ld+json\" class=\"yoast-schema-graph\">{\"@context\":\"https:\\\/\\\/schema.org\",\"@graph\":[{\"@type\":\"WebPage\",\"@id\":\"https:\\\/\\\/ikernutricionymass.com\\\/producto\\\/renal-scientiffic-nutrition-90cap\\\/\",\"url\":\"https:\\\/\\\/ikernutricionymass.com\\\/producto\\\/renal-scientiffic-nutrition-90cap\\\/\",\"name\":\"RENAL + SCIENTIFFIC NUTRITION (90CAP) - Iker Nutrici\u00f3n y M\u00e1s\",\"isPartOf\":{\"@id\":\"https:\\\/\\\/ikernutricionymass.com\\\/#website\"},\"primaryImageOfPage\":{\"@id\":\"https:\\\/\\\/ikernutricionymass.com\\\/producto\\\/renal-scientiffic-nutrition-90cap\\\/#primaryimage\"},\"image\":{\"@id\":\"https:\\\/\\\/ikernutricionymass.com\\\/producto\\\/renal-scientiffic-nutrition-90cap\\\/#primaryimage\"},\"thumbnailUrl\":\"https:\\\/\\\/ikernutricionymass.com\\\/wp-content\\\/uploads\\\/2024\\\/08\\\/RENAL-774x675-1.webp\",\"datePublished\":\"2024-08-09T13:36:27+00:00\",\"dateModified\":\"2024-08-09T13:37:39+00:00\",\"breadcrumb\":{\"@id\":\"https:\\\/\\\/ikernutricionymass.com\\\/producto\\\/renal-scientiffic-nutrition-90cap\\\/#breadcrumb\"},\"inLanguage\":\"eu\",\"potentialAction\":[{\"@type\":\"ReadAction\",\"target\":[\"https:\\\/\\\/ikernutricionymass.com\\\/producto\\\/renal-scientiffic-nutrition-90cap\\\/\"]}]},{\"@type\":\"ImageObject\",\"inLanguage\":\"eu\",\"@id\":\"https:\\\/\\\/ikernutricionymass.com\\\/producto\\\/renal-scientiffic-nutrition-90cap\\\/#primaryimage\",\"url\":\"https:\\\/\\\/ikernutricionymass.com\\\/wp-content\\\/uploads\\\/2024\\\/08\\\/RENAL-774x675-1.webp\",\"contentUrl\":\"https:\\\/\\\/ikernutricionymass.com\\\/wp-content\\\/uploads\\\/2024\\\/08\\\/RENAL-774x675-1.webp\",\"width\":774,\"height\":675},{\"@type\":\"BreadcrumbList\",\"@id\":\"https:\\\/\\\/ikernutricionymass.com\\\/producto\\\/renal-scientiffic-nutrition-90cap\\\/#breadcrumb\",\"itemListElement\":[{\"@type\":\"ListItem\",\"position\":1,\"name\":\"Portada\",\"item\":\"https:\\\/\\\/ikernutricionymass.com\\\/\"},{\"@type\":\"ListItem\",\"position\":2,\"name\":\"Tienda\",\"item\":\"https:\\\/\\\/ikernutricionymass.com\\\/tienda\\\/\"},{\"@type\":\"ListItem\",\"position\":3,\"name\":\"RENAL + SCIENTIFFIC NUTRITION (90CAP)\"}]},{\"@type\":\"WebSite\",\"@id\":\"https:\\\/\\\/ikernutricionymass.com\\\/#website\",\"url\":\"https:\\\/\\\/ikernutricionymass.com\\\/\",\"name\":\"Iker Nutrici\u00f3n y M\u00e1s\",\"description\":\"\",\"publisher\":{\"@id\":\"https:\\\/\\\/ikernutricionymass.com\\\/#organization\"},\"potentialAction\":[{\"@type\":\"SearchAction\",\"target\":{\"@type\":\"EntryPoint\",\"urlTemplate\":\"https:\\\/\\\/ikernutricionymass.com\\\/?s={search_term_string}\"},\"query-input\":{\"@type\":\"PropertyValueSpecification\",\"valueRequired\":true,\"valueName\":\"search_term_string\"}}],\"inLanguage\":\"eu\"},{\"@type\":\"Organization\",\"@id\":\"https:\\\/\\\/ikernutricionymass.com\\\/#organization\",\"name\":\"Iker Nutrici\u00f3n y M\u00e1s\",\"url\":\"https:\\\/\\\/ikernutricionymass.com\\\/\",\"logo\":{\"@type\":\"ImageObject\",\"inLanguage\":\"eu\",\"@id\":\"https:\\\/\\\/ikernutricionymass.com\\\/#\\\/schema\\\/logo\\\/image\\\/\",\"url\":\"https:\\\/\\\/ikernutricionymass.com\\\/wp-content\\\/uploads\\\/2024\\\/07\\\/cropped-IKER_NUTRICION_Y_MAS_-01.png\",\"contentUrl\":\"https:\\\/\\\/ikernutricionymass.com\\\/wp-content\\\/uploads\\\/2024\\\/07\\\/cropped-IKER_NUTRICION_Y_MAS_-01.png\",\"width\":1919,\"height\":1080,\"caption\":\"Iker Nutrici\u00f3n y M\u00e1s\"},\"image\":{\"@id\":\"https:\\\/\\\/ikernutricionymass.com\\\/#\\\/schema\\\/logo\\\/image\\\/\"}}]}<\/script>\n<!-- \/ Yoast SEO plugin. -->","yoast_head_json":{"title":"RENAL + SCIENTIFFIC NUTRITION (90CAP) - Iker Nutrici\u00f3n y M\u00e1s","robots":{"index":"index","follow":"follow","max-snippet":"max-snippet:-1","max-image-preview":"max-image-preview:large","max-video-preview":"max-video-preview:-1"},"canonical":"https:\/\/ikernutricionymass.com\/eu\/produktua\/renal-scientiffic-nutrition-90cap\/","og_locale":"en_US","og_type":"article","og_title":"RENAL + SCIENTIFFIC NUTRITION (90CAP) - Iker Nutrici\u00f3n y M\u00e1s","og_description":"Descripci\u00f3n: Se trata de un antiinflamatorio que incide en la funci\u00f3n renal, nos ayuda as\u00ed a proteger y favorecer la salud de nuestros ri\u00f1ones. Cabe destacar que su f\u00f3rmula proporciona beneficios que colaborar\u00e1n con nuestra salud y su buen rendimiento. \u00a0 Dosis recomendada: 3 c\u00e1psulas\/d\u00eda.","og_url":"https:\/\/ikernutricionymass.com\/eu\/produktua\/renal-scientiffic-nutrition-90cap\/","og_site_name":"Iker Nutrici\u00f3n y M\u00e1s","article_modified_time":"2024-08-09T13:37:39+00:00","og_image":[{"width":774,"height":675,"url":"https:\/\/ikernutricionymass.com\/wp-content\/uploads\/2024\/08\/RENAL-774x675-1.webp","type":"image\/webp"}],"twitter_card":"summary_large_image","schema":{"@context":"https:\/\/schema.org","@graph":[{"@type":"WebPage","@id":"https:\/\/ikernutricionymass.com\/producto\/renal-scientiffic-nutrition-90cap\/","url":"https:\/\/ikernutricionymass.com\/producto\/renal-scientiffic-nutrition-90cap\/","name":"RENAL + SCIENTIFFIC NUTRITION (90CAP) - Iker Nutrici\u00f3n y M\u00e1s","isPartOf":{"@id":"https:\/\/ikernutricionymass.com\/#website"},"primaryImageOfPage":{"@id":"https:\/\/ikernutricionymass.com\/producto\/renal-scientiffic-nutrition-90cap\/#primaryimage"},"image":{"@id":"https:\/\/ikernutricionymass.com\/producto\/renal-scientiffic-nutrition-90cap\/#primaryimage"},"thumbnailUrl":"https:\/\/ikernutricionymass.com\/wp-content\/uploads\/2024\/08\/RENAL-774x675-1.webp","datePublished":"2024-08-09T13:36:27+00:00","dateModified":"2024-08-09T13:37:39+00:00","breadcrumb":{"@id":"https:\/\/ikernutricionymass.com\/producto\/renal-scientiffic-nutrition-90cap\/#breadcrumb"},"inLanguage":"eu","potentialAction":[{"@type":"ReadAction","target":["https:\/\/ikernutricionymass.com\/producto\/renal-scientiffic-nutrition-90cap\/"]}]},{"@type":"ImageObject","inLanguage":"eu","@id":"https:\/\/ikernutricionymass.com\/producto\/renal-scientiffic-nutrition-90cap\/#primaryimage","url":"https:\/\/ikernutricionymass.com\/wp-content\/uploads\/2024\/08\/RENAL-774x675-1.webp","contentUrl":"https:\/\/ikernutricionymass.com\/wp-content\/uploads\/2024\/08\/RENAL-774x675-1.webp","width":774,"height":675},{"@type":"BreadcrumbList","@id":"https:\/\/ikernutricionymass.com\/producto\/renal-scientiffic-nutrition-90cap\/#breadcrumb","itemListElement":[{"@type":"ListItem","position":1,"name":"Portada","item":"https:\/\/ikernutricionymass.com\/"},{"@type":"ListItem","position":2,"name":"Tienda","item":"https:\/\/ikernutricionymass.com\/tienda\/"},{"@type":"ListItem","position":3,"name":"RENAL + SCIENTIFFIC NUTRITION (90CAP)"}]},{"@type":"WebSite","@id":"https:\/\/ikernutricionymass.com\/#website","url":"https:\/\/ikernutricionymass.com\/","name":"Iker Nutrici\u00f3n y M\u00e1s","description":"","publisher":{"@id":"https:\/\/ikernutricionymass.com\/#organization"},"potentialAction":[{"@type":"SearchAction","target":{"@type":"EntryPoint","urlTemplate":"https:\/\/ikernutricionymass.com\/?s={search_term_string}"},"query-input":{"@type":"PropertyValueSpecification","valueRequired":true,"valueName":"search_term_string"}}],"inLanguage":"eu"},{"@type":"Organization","@id":"https:\/\/ikernutricionymass.com\/#organization","name":"Iker Nutrici\u00f3n y M\u00e1s","url":"https:\/\/ikernutricionymass.com\/","logo":{"@type":"ImageObject","inLanguage":"eu","@id":"https:\/\/ikernutricionymass.com\/#\/schema\/logo\/image\/","url":"https:\/\/ikernutricionymass.com\/wp-content\/uploads\/2024\/07\/cropped-IKER_NUTRICION_Y_MAS_-01.png","contentUrl":"https:\/\/ikernutricionymass.com\/wp-content\/uploads\/2024\/07\/cropped-IKER_NUTRICION_Y_MAS_-01.png","width":1919,"height":1080,"caption":"Iker Nutrici\u00f3n y M\u00e1s"},"image":{"@id":"https:\/\/ikernutricionymass.com\/#\/schema\/logo\/image\/"}}]}},"jetpack_sharing_enabled":true,"_links":{"self":[{"href":"https:\/\/ikernutricionymass.com\/eu\/wp-json\/wp\/v2\/product\/655","targetHints":{"allow":["GET"]}}],"collection":[{"href":"https:\/\/ikernutricionymass.com\/eu\/wp-json\/wp\/v2\/product"}],"about":[{"href":"https:\/\/ikernutricionymass.com\/eu\/wp-json\/wp\/v2\/types\/product"}],"replies":[{"embeddable":true,"href":"https:\/\/ikernutricionymass.com\/eu\/wp-json\/wp\/v2\/comments?post=655"}],"wp:featuredmedia":[{"embeddable":true,"href":"https:\/\/ikernutricionymass.com\/eu\/wp-json\/wp\/v2\/media\/656"}],"wp:attachment":[{"href":"https:\/\/ikernutricionymass.com\/eu\/wp-json\/wp\/v2\/media?parent=655"}],"wp:term":[{"taxonomy":"product_brand","embeddable":true,"href":"https:\/\/ikernutricionymass.com\/eu\/wp-json\/wp\/v2\/product_brand?post=655"},{"taxonomy":"product_cat","embeddable":true,"href":"https:\/\/ikernutricionymass.com\/eu\/wp-json\/wp\/v2\/product_cat?post=655"},{"taxonomy":"product_tag","embeddable":true,"href":"https:\/\/ikernutricionymass.com\/eu\/wp-json\/wp\/v2\/product_tag?post=655"}],"curies":[{"name":"wp","href":"https:\/\/api.w.org\/{rel}","templated":true}]}}