{"id":572,"date":"2024-08-09T10:26:27","date_gmt":"2024-08-09T10:26:27","guid":{"rendered":"https:\/\/ikernutricionymass.rkinformatika.online\/?post_type=product&#038;p=572"},"modified":"2026-02-18T17:16:53","modified_gmt":"2026-02-18T17:16:53","slug":"te-matcha-original-100-ecologico-matchaco","status":"publish","type":"product","link":"https:\/\/ikernutricionymass.com\/eu\/produktua\/te-matcha-original-100-ecologico-matchaco\/","title":{"rendered":"T\u00c9 MATCHA ORIGINAL 100% ECOL\u00d3GICO (MATCHA&#038;CO)"},"content":{"rendered":"<p><strong>Descripci\u00f3n:<\/strong><\/p>\n<p>T\u00e9 Matcha ecol\u00f3gico de alta calidad , procedente de Jap\u00f3n. Se trata de un gran antioxidante, que adem\u00e1s, proporciona energ\u00eda.\u00a0<\/p>\n<p>De sabor dulce y suave, perfecto tanto para iniciarse en el matcha, como para los que ya lo toman de manera habitual. Se puede tomar, tanto con agua, leche, bebidas vegetales ,etc. As\u00ed como ingrediente para enriquecer postres, smoothies, snacks&#8230;<\/p>\n<p><strong>Entre otros:<\/strong><\/p>\n<p>&#8211; Mejora funci\u00f3n cerebral y humor<\/p>\n<p>&#8211; Contribuye a mejorar el bienestar intestinal<\/p>\n<p>&#8211; Contribuye a la p\u00e9rdida de peso<\/p>\n<p>&#8211; Antioxidante<\/p>\n<p>&#8211; Diur\u00e9tico<\/p>\n<p>&#8211; Prevenci\u00f3n anti-caries, anti-alitosis<\/p>\n<p>&#8211; Etc<\/p>\n<p>Libre de colorantes, conservantes y az\u00facar.<\/p>\n<p><strong>Contiene cafe\u00edna y L- Teanina.<\/strong><\/p>\n<p><strong>Apto para veganos. No contiene gluten.<\/strong><\/p>\n<p><strong>Formato:<\/strong> 30 gramos<\/p>\n<p><strong>Dosis diaria:<\/strong><\/p>\n<p>1 gramo<\/p>\n<p><strong>\u00a1Acomp\u00e1\u00f1alo de la cuchara medidora! Disponible en la web<\/strong><\/p>","protected":false},"excerpt":{"rendered":"<p>Descripci\u00f3n: T\u00e9 Matcha ecol\u00f3gico de alta calidad , procedente de Jap\u00f3n. Se trata de un gran antioxidante, que adem\u00e1s, proporciona energ\u00eda.\u00a0 De sabor dulce y suave, perfecto tanto para iniciarse en el matcha, como para los que ya lo toman de manera habitual. Se puede tomar, tanto con agua, leche, bebidas vegetales ,etc. As\u00ed como [&hellip;]<\/p>\n","protected":false},"featured_media":576,"comment_status":"open","ping_status":"closed","template":"","meta":[],"product_brand":[],"product_cat":[19,33],"product_tag":[],"class_list":{"0":"post-572","1":"product","2":"type-product","3":"status-publish","4":"has-post-thumbnail","6":"product_cat-alimentacion","7":"product_cat-salud-y-bienestar","9":"first","10":"instock","11":"shipping-taxable","12":"purchasable","13":"product-type-variable"},"yoast_head":"<!-- This site is optimized with the Yoast SEO plugin v27.3 - https:\/\/yoast.com\/product\/yoast-seo-wordpress\/ -->\n<title>T\u00c9 MATCHA ORIGINAL 100% ECOL\u00d3GICO (MATCHA&amp;CO) - Iker Nutrici\u00f3n y M\u00e1s<\/title>\n<meta name=\"robots\" content=\"index, follow, max-snippet:-1, max-image-preview:large, max-video-preview:-1\" \/>\n<link rel=\"canonical\" href=\"https:\/\/ikernutricionymass.com\/eu\/produktua\/te-matcha-original-100-ecologico-matchaco\/\" \/>\n<meta property=\"og:locale\" content=\"en_US\" \/>\n<meta property=\"og:type\" content=\"article\" \/>\n<meta property=\"og:title\" content=\"T\u00c9 MATCHA ORIGINAL 100% ECOL\u00d3GICO (MATCHA&amp;CO) - Iker Nutrici\u00f3n y M\u00e1s\" \/>\n<meta property=\"og:description\" content=\"Descripci\u00f3n: T\u00e9 Matcha ecol\u00f3gico de alta calidad , procedente de Jap\u00f3n. Se trata de un gran antioxidante, que adem\u00e1s, proporciona energ\u00eda.\u00a0 De sabor dulce y suave, perfecto tanto para iniciarse en el matcha, como para los que ya lo toman de manera habitual. Se puede tomar, tanto con agua, leche, bebidas vegetales ,etc. As\u00ed como [&hellip;]\" \/>\n<meta property=\"og:url\" content=\"https:\/\/ikernutricionymass.com\/eu\/produktua\/te-matcha-original-100-ecologico-matchaco\/\" \/>\n<meta property=\"og:site_name\" content=\"Iker Nutrici\u00f3n y M\u00e1s\" \/>\n<meta property=\"article:modified_time\" content=\"2026-02-18T17:16:53+00:00\" \/>\n<meta property=\"og:image\" content=\"https:\/\/ikernutricionymass.com\/wp-content\/uploads\/2024\/08\/teoriginal.webp\" \/>\n\t<meta property=\"og:image:width\" content=\"730\" \/>\n\t<meta property=\"og:image:height\" content=\"422\" \/>\n\t<meta property=\"og:image:type\" content=\"image\/webp\" \/>\n<meta name=\"twitter:card\" content=\"summary_large_image\" \/>\n<meta name=\"twitter:label1\" content=\"Est. reading time\" \/>\n\t<meta name=\"twitter:data1\" content=\"1 minutua\" \/>\n<script type=\"application\/ld+json\" class=\"yoast-schema-graph\">{\"@context\":\"https:\\\/\\\/schema.org\",\"@graph\":[{\"@type\":\"WebPage\",\"@id\":\"https:\\\/\\\/ikernutricionymass.com\\\/producto\\\/te-matcha-original-100-ecologico-matchaco\\\/\",\"url\":\"https:\\\/\\\/ikernutricionymass.com\\\/producto\\\/te-matcha-original-100-ecologico-matchaco\\\/\",\"name\":\"T\u00c9 MATCHA ORIGINAL 100% ECOL\u00d3GICO (MATCHA&CO) - Iker Nutrici\u00f3n y M\u00e1s\",\"isPartOf\":{\"@id\":\"https:\\\/\\\/ikernutricionymass.com\\\/#website\"},\"primaryImageOfPage\":{\"@id\":\"https:\\\/\\\/ikernutricionymass.com\\\/producto\\\/te-matcha-original-100-ecologico-matchaco\\\/#primaryimage\"},\"image\":{\"@id\":\"https:\\\/\\\/ikernutricionymass.com\\\/producto\\\/te-matcha-original-100-ecologico-matchaco\\\/#primaryimage\"},\"thumbnailUrl\":\"https:\\\/\\\/ikernutricionymass.com\\\/wp-content\\\/uploads\\\/2024\\\/08\\\/teoriginal.webp\",\"datePublished\":\"2024-08-09T10:26:27+00:00\",\"dateModified\":\"2026-02-18T17:16:53+00:00\",\"breadcrumb\":{\"@id\":\"https:\\\/\\\/ikernutricionymass.com\\\/producto\\\/te-matcha-original-100-ecologico-matchaco\\\/#breadcrumb\"},\"inLanguage\":\"eu\",\"potentialAction\":[{\"@type\":\"ReadAction\",\"target\":[\"https:\\\/\\\/ikernutricionymass.com\\\/producto\\\/te-matcha-original-100-ecologico-matchaco\\\/\"]}]},{\"@type\":\"ImageObject\",\"inLanguage\":\"eu\",\"@id\":\"https:\\\/\\\/ikernutricionymass.com\\\/producto\\\/te-matcha-original-100-ecologico-matchaco\\\/#primaryimage\",\"url\":\"https:\\\/\\\/ikernutricionymass.com\\\/wp-content\\\/uploads\\\/2024\\\/08\\\/teoriginal.webp\",\"contentUrl\":\"https:\\\/\\\/ikernutricionymass.com\\\/wp-content\\\/uploads\\\/2024\\\/08\\\/teoriginal.webp\",\"width\":730,\"height\":422},{\"@type\":\"BreadcrumbList\",\"@id\":\"https:\\\/\\\/ikernutricionymass.com\\\/producto\\\/te-matcha-original-100-ecologico-matchaco\\\/#breadcrumb\",\"itemListElement\":[{\"@type\":\"ListItem\",\"position\":1,\"name\":\"Portada\",\"item\":\"https:\\\/\\\/ikernutricionymass.com\\\/\"},{\"@type\":\"ListItem\",\"position\":2,\"name\":\"Tienda\",\"item\":\"https:\\\/\\\/ikernutricionymass.com\\\/tienda\\\/\"},{\"@type\":\"ListItem\",\"position\":3,\"name\":\"T\u00c9 MATCHA ORIGINAL 100% ECOL\u00d3GICO (MATCHA&#038;CO)\"}]},{\"@type\":\"WebSite\",\"@id\":\"https:\\\/\\\/ikernutricionymass.com\\\/#website\",\"url\":\"https:\\\/\\\/ikernutricionymass.com\\\/\",\"name\":\"Iker Nutrici\u00f3n y M\u00e1s\",\"description\":\"\",\"publisher\":{\"@id\":\"https:\\\/\\\/ikernutricionymass.com\\\/#organization\"},\"potentialAction\":[{\"@type\":\"SearchAction\",\"target\":{\"@type\":\"EntryPoint\",\"urlTemplate\":\"https:\\\/\\\/ikernutricionymass.com\\\/?s={search_term_string}\"},\"query-input\":{\"@type\":\"PropertyValueSpecification\",\"valueRequired\":true,\"valueName\":\"search_term_string\"}}],\"inLanguage\":\"eu\"},{\"@type\":\"Organization\",\"@id\":\"https:\\\/\\\/ikernutricionymass.com\\\/#organization\",\"name\":\"Iker Nutrici\u00f3n y M\u00e1s\",\"url\":\"https:\\\/\\\/ikernutricionymass.com\\\/\",\"logo\":{\"@type\":\"ImageObject\",\"inLanguage\":\"eu\",\"@id\":\"https:\\\/\\\/ikernutricionymass.com\\\/#\\\/schema\\\/logo\\\/image\\\/\",\"url\":\"https:\\\/\\\/ikernutricionymass.com\\\/wp-content\\\/uploads\\\/2024\\\/07\\\/cropped-IKER_NUTRICION_Y_MAS_-01.png\",\"contentUrl\":\"https:\\\/\\\/ikernutricionymass.com\\\/wp-content\\\/uploads\\\/2024\\\/07\\\/cropped-IKER_NUTRICION_Y_MAS_-01.png\",\"width\":1919,\"height\":1080,\"caption\":\"Iker Nutrici\u00f3n y M\u00e1s\"},\"image\":{\"@id\":\"https:\\\/\\\/ikernutricionymass.com\\\/#\\\/schema\\\/logo\\\/image\\\/\"}}]}<\/script>\n<!-- \/ Yoast SEO plugin. -->","yoast_head_json":{"title":"T\u00c9 MATCHA ORIGINAL 100% ECOL\u00d3GICO (MATCHA&CO) - Iker Nutrici\u00f3n y M\u00e1s","robots":{"index":"index","follow":"follow","max-snippet":"max-snippet:-1","max-image-preview":"max-image-preview:large","max-video-preview":"max-video-preview:-1"},"canonical":"https:\/\/ikernutricionymass.com\/eu\/produktua\/te-matcha-original-100-ecologico-matchaco\/","og_locale":"en_US","og_type":"article","og_title":"T\u00c9 MATCHA ORIGINAL 100% ECOL\u00d3GICO (MATCHA&CO) - Iker Nutrici\u00f3n y M\u00e1s","og_description":"Descripci\u00f3n: T\u00e9 Matcha ecol\u00f3gico de alta calidad , procedente de Jap\u00f3n. Se trata de un gran antioxidante, que adem\u00e1s, proporciona energ\u00eda.\u00a0 De sabor dulce y suave, perfecto tanto para iniciarse en el matcha, como para los que ya lo toman de manera habitual. Se puede tomar, tanto con agua, leche, bebidas vegetales ,etc. As\u00ed como [&hellip;]","og_url":"https:\/\/ikernutricionymass.com\/eu\/produktua\/te-matcha-original-100-ecologico-matchaco\/","og_site_name":"Iker Nutrici\u00f3n y M\u00e1s","article_modified_time":"2026-02-18T17:16:53+00:00","og_image":[{"width":730,"height":422,"url":"https:\/\/ikernutricionymass.com\/wp-content\/uploads\/2024\/08\/teoriginal.webp","type":"image\/webp"}],"twitter_card":"summary_large_image","twitter_misc":{"Est. reading time":"1 minutua"},"schema":{"@context":"https:\/\/schema.org","@graph":[{"@type":"WebPage","@id":"https:\/\/ikernutricionymass.com\/producto\/te-matcha-original-100-ecologico-matchaco\/","url":"https:\/\/ikernutricionymass.com\/producto\/te-matcha-original-100-ecologico-matchaco\/","name":"T\u00c9 MATCHA ORIGINAL 100% ECOL\u00d3GICO (MATCHA&CO) - Iker Nutrici\u00f3n y M\u00e1s","isPartOf":{"@id":"https:\/\/ikernutricionymass.com\/#website"},"primaryImageOfPage":{"@id":"https:\/\/ikernutricionymass.com\/producto\/te-matcha-original-100-ecologico-matchaco\/#primaryimage"},"image":{"@id":"https:\/\/ikernutricionymass.com\/producto\/te-matcha-original-100-ecologico-matchaco\/#primaryimage"},"thumbnailUrl":"https:\/\/ikernutricionymass.com\/wp-content\/uploads\/2024\/08\/teoriginal.webp","datePublished":"2024-08-09T10:26:27+00:00","dateModified":"2026-02-18T17:16:53+00:00","breadcrumb":{"@id":"https:\/\/ikernutricionymass.com\/producto\/te-matcha-original-100-ecologico-matchaco\/#breadcrumb"},"inLanguage":"eu","potentialAction":[{"@type":"ReadAction","target":["https:\/\/ikernutricionymass.com\/producto\/te-matcha-original-100-ecologico-matchaco\/"]}]},{"@type":"ImageObject","inLanguage":"eu","@id":"https:\/\/ikernutricionymass.com\/producto\/te-matcha-original-100-ecologico-matchaco\/#primaryimage","url":"https:\/\/ikernutricionymass.com\/wp-content\/uploads\/2024\/08\/teoriginal.webp","contentUrl":"https:\/\/ikernutricionymass.com\/wp-content\/uploads\/2024\/08\/teoriginal.webp","width":730,"height":422},{"@type":"BreadcrumbList","@id":"https:\/\/ikernutricionymass.com\/producto\/te-matcha-original-100-ecologico-matchaco\/#breadcrumb","itemListElement":[{"@type":"ListItem","position":1,"name":"Portada","item":"https:\/\/ikernutricionymass.com\/"},{"@type":"ListItem","position":2,"name":"Tienda","item":"https:\/\/ikernutricionymass.com\/tienda\/"},{"@type":"ListItem","position":3,"name":"T\u00c9 MATCHA ORIGINAL 100% ECOL\u00d3GICO (MATCHA&#038;CO)"}]},{"@type":"WebSite","@id":"https:\/\/ikernutricionymass.com\/#website","url":"https:\/\/ikernutricionymass.com\/","name":"Iker Nutrici\u00f3n y M\u00e1s","description":"","publisher":{"@id":"https:\/\/ikernutricionymass.com\/#organization"},"potentialAction":[{"@type":"SearchAction","target":{"@type":"EntryPoint","urlTemplate":"https:\/\/ikernutricionymass.com\/?s={search_term_string}"},"query-input":{"@type":"PropertyValueSpecification","valueRequired":true,"valueName":"search_term_string"}}],"inLanguage":"eu"},{"@type":"Organization","@id":"https:\/\/ikernutricionymass.com\/#organization","name":"Iker Nutrici\u00f3n y M\u00e1s","url":"https:\/\/ikernutricionymass.com\/","logo":{"@type":"ImageObject","inLanguage":"eu","@id":"https:\/\/ikernutricionymass.com\/#\/schema\/logo\/image\/","url":"https:\/\/ikernutricionymass.com\/wp-content\/uploads\/2024\/07\/cropped-IKER_NUTRICION_Y_MAS_-01.png","contentUrl":"https:\/\/ikernutricionymass.com\/wp-content\/uploads\/2024\/07\/cropped-IKER_NUTRICION_Y_MAS_-01.png","width":1919,"height":1080,"caption":"Iker Nutrici\u00f3n y M\u00e1s"},"image":{"@id":"https:\/\/ikernutricionymass.com\/#\/schema\/logo\/image\/"}}]}},"jetpack_sharing_enabled":true,"_links":{"self":[{"href":"https:\/\/ikernutricionymass.com\/eu\/wp-json\/wp\/v2\/product\/572","targetHints":{"allow":["GET"]}}],"collection":[{"href":"https:\/\/ikernutricionymass.com\/eu\/wp-json\/wp\/v2\/product"}],"about":[{"href":"https:\/\/ikernutricionymass.com\/eu\/wp-json\/wp\/v2\/types\/product"}],"replies":[{"embeddable":true,"href":"https:\/\/ikernutricionymass.com\/eu\/wp-json\/wp\/v2\/comments?post=572"}],"wp:featuredmedia":[{"embeddable":true,"href":"https:\/\/ikernutricionymass.com\/eu\/wp-json\/wp\/v2\/media\/576"}],"wp:attachment":[{"href":"https:\/\/ikernutricionymass.com\/eu\/wp-json\/wp\/v2\/media?parent=572"}],"wp:term":[{"taxonomy":"product_brand","embeddable":true,"href":"https:\/\/ikernutricionymass.com\/eu\/wp-json\/wp\/v2\/product_brand?post=572"},{"taxonomy":"product_cat","embeddable":true,"href":"https:\/\/ikernutricionymass.com\/eu\/wp-json\/wp\/v2\/product_cat?post=572"},{"taxonomy":"product_tag","embeddable":true,"href":"https:\/\/ikernutricionymass.com\/eu\/wp-json\/wp\/v2\/product_tag?post=572"}],"curies":[{"name":"wp","href":"https:\/\/api.w.org\/{rel}","templated":true}]}}