{"id":532,"date":"2024-08-08T13:05:19","date_gmt":"2024-08-08T13:05:19","guid":{"rendered":"https:\/\/ikernutricionymass.rkinformatika.online\/?post_type=product&#038;p=532"},"modified":"2026-02-18T11:56:13","modified_gmt":"2026-02-18T11:56:13","slug":"protein-doughnut-70g-io-genix","status":"publish","type":"product","link":"https:\/\/ikernutricionymass.com\/eu\/produktua\/protein-doughnut-70g-io-genix\/","title":{"rendered":"PROTEIN DOUGHNUT (70G) IO. GENIX"},"content":{"rendered":"<p><strong>Descripci\u00f3n:<\/strong><\/p>\n<p>Delicioso donut disponible en <strong>4 sabores<\/strong>. Se caracterizan por tener m\u00e1s prote\u00edna y menos azucar que los donut convencionales. Tienen como ingrediente principal la clara de huevo.<\/p>\n<p><strong>&#8211; Alto en prote\u00ednas.<\/strong><\/p>\n<p><strong>&#8211; Bajo en az\u00facares.<\/strong><\/p>\n<p><strong>&#8211; Fuente de fibra.<\/strong><\/p>\n<p><strong>&#8211; Sin aceite de palma<\/strong><\/p>\n<p><strong>&#8211; Sin margarina ni aceites hidrogenados.<\/strong><\/p>\n<p>Indicado para personas que quieran un capricho saludable que incluir en su d\u00eda a d\u00eda.<br \/>\nDeportistas que quieran una rosquilla con mayor contenido en prote\u00ednas que uno tradicional.<\/p>","protected":false},"excerpt":{"rendered":"<p>Descripci\u00f3n: Delicioso donut disponible en 4 sabores. Se caracterizan por tener m\u00e1s prote\u00edna y menos azucar que los donut convencionales. Tienen como ingrediente principal la clara de huevo. &#8211; Alto en prote\u00ednas. &#8211; Bajo en az\u00facares. &#8211; Fuente de fibra. &#8211; Sin aceite de palma &#8211; Sin margarina ni aceites hidrogenados. Indicado para personas que [&hellip;]<\/p>\n","protected":false},"featured_media":537,"comment_status":"open","ping_status":"closed","template":"","meta":[],"product_brand":[],"product_cat":[19],"product_tag":[],"class_list":{"0":"post-532","1":"product","2":"type-product","3":"status-publish","4":"has-post-thumbnail","6":"product_cat-alimentacion","8":"first","9":"instock","10":"shipping-taxable","11":"purchasable","12":"product-type-simple"},"yoast_head":"<!-- This site is optimized with the Yoast SEO plugin v27.3 - https:\/\/yoast.com\/product\/yoast-seo-wordpress\/ -->\n<title>PROTEIN DOUGHNUT (70G) IO. GENIX - Iker Nutrici\u00f3n y M\u00e1s<\/title>\n<meta name=\"robots\" content=\"index, follow, max-snippet:-1, max-image-preview:large, max-video-preview:-1\" \/>\n<link rel=\"canonical\" href=\"https:\/\/ikernutricionymass.com\/eu\/produktua\/protein-doughnut-70g-io-genix\/\" \/>\n<meta property=\"og:locale\" content=\"en_US\" \/>\n<meta property=\"og:type\" content=\"article\" \/>\n<meta property=\"og:title\" content=\"PROTEIN DOUGHNUT (70G) IO. GENIX - Iker Nutrici\u00f3n y M\u00e1s\" \/>\n<meta property=\"og:description\" content=\"Descripci\u00f3n: Delicioso donut disponible en 4 sabores. Se caracterizan por tener m\u00e1s prote\u00edna y menos azucar que los donut convencionales. Tienen como ingrediente principal la clara de huevo. &#8211; Alto en prote\u00ednas. &#8211; Bajo en az\u00facares. &#8211; Fuente de fibra. &#8211; Sin aceite de palma &#8211; Sin margarina ni aceites hidrogenados. Indicado para personas que [&hellip;]\" \/>\n<meta property=\"og:url\" content=\"https:\/\/ikernutricionymass.com\/eu\/produktua\/protein-doughnut-70g-io-genix\/\" \/>\n<meta property=\"og:site_name\" content=\"Iker Nutrici\u00f3n y M\u00e1s\" \/>\n<meta property=\"article:modified_time\" content=\"2026-02-18T11:56:13+00:00\" \/>\n<meta property=\"og:image\" content=\"https:\/\/ikernutricionymass.com\/wp-content\/uploads\/2024\/08\/protein-doughnut_1.webp\" \/>\n\t<meta property=\"og:image:width\" content=\"381\" \/>\n\t<meta property=\"og:image:height\" content=\"492\" \/>\n\t<meta property=\"og:image:type\" content=\"image\/webp\" \/>\n<meta name=\"twitter:card\" content=\"summary_large_image\" \/>\n<meta name=\"twitter:label1\" content=\"Est. reading time\" \/>\n\t<meta name=\"twitter:data1\" content=\"1 minutua\" \/>\n<script type=\"application\/ld+json\" class=\"yoast-schema-graph\">{\"@context\":\"https:\\\/\\\/schema.org\",\"@graph\":[{\"@type\":\"WebPage\",\"@id\":\"https:\\\/\\\/ikernutricionymass.com\\\/producto\\\/protein-doughnut-70g-io-genix\\\/\",\"url\":\"https:\\\/\\\/ikernutricionymass.com\\\/producto\\\/protein-doughnut-70g-io-genix\\\/\",\"name\":\"PROTEIN DOUGHNUT (70G) IO. GENIX - Iker Nutrici\u00f3n y M\u00e1s\",\"isPartOf\":{\"@id\":\"https:\\\/\\\/ikernutricionymass.com\\\/#website\"},\"primaryImageOfPage\":{\"@id\":\"https:\\\/\\\/ikernutricionymass.com\\\/producto\\\/protein-doughnut-70g-io-genix\\\/#primaryimage\"},\"image\":{\"@id\":\"https:\\\/\\\/ikernutricionymass.com\\\/producto\\\/protein-doughnut-70g-io-genix\\\/#primaryimage\"},\"thumbnailUrl\":\"https:\\\/\\\/ikernutricionymass.com\\\/wp-content\\\/uploads\\\/2024\\\/08\\\/protein-doughnut_1.webp\",\"datePublished\":\"2024-08-08T13:05:19+00:00\",\"dateModified\":\"2026-02-18T11:56:13+00:00\",\"breadcrumb\":{\"@id\":\"https:\\\/\\\/ikernutricionymass.com\\\/producto\\\/protein-doughnut-70g-io-genix\\\/#breadcrumb\"},\"inLanguage\":\"eu\",\"potentialAction\":[{\"@type\":\"ReadAction\",\"target\":[\"https:\\\/\\\/ikernutricionymass.com\\\/producto\\\/protein-doughnut-70g-io-genix\\\/\"]}]},{\"@type\":\"ImageObject\",\"inLanguage\":\"eu\",\"@id\":\"https:\\\/\\\/ikernutricionymass.com\\\/producto\\\/protein-doughnut-70g-io-genix\\\/#primaryimage\",\"url\":\"https:\\\/\\\/ikernutricionymass.com\\\/wp-content\\\/uploads\\\/2024\\\/08\\\/protein-doughnut_1.webp\",\"contentUrl\":\"https:\\\/\\\/ikernutricionymass.com\\\/wp-content\\\/uploads\\\/2024\\\/08\\\/protein-doughnut_1.webp\",\"width\":381,\"height\":492},{\"@type\":\"BreadcrumbList\",\"@id\":\"https:\\\/\\\/ikernutricionymass.com\\\/producto\\\/protein-doughnut-70g-io-genix\\\/#breadcrumb\",\"itemListElement\":[{\"@type\":\"ListItem\",\"position\":1,\"name\":\"Portada\",\"item\":\"https:\\\/\\\/ikernutricionymass.com\\\/\"},{\"@type\":\"ListItem\",\"position\":2,\"name\":\"Tienda\",\"item\":\"https:\\\/\\\/ikernutricionymass.com\\\/tienda\\\/\"},{\"@type\":\"ListItem\",\"position\":3,\"name\":\"PROTEIN DOUGHNUT (70G) IO. GENIX\"}]},{\"@type\":\"WebSite\",\"@id\":\"https:\\\/\\\/ikernutricionymass.com\\\/#website\",\"url\":\"https:\\\/\\\/ikernutricionymass.com\\\/\",\"name\":\"Iker Nutrici\u00f3n y M\u00e1s\",\"description\":\"\",\"publisher\":{\"@id\":\"https:\\\/\\\/ikernutricionymass.com\\\/#organization\"},\"potentialAction\":[{\"@type\":\"SearchAction\",\"target\":{\"@type\":\"EntryPoint\",\"urlTemplate\":\"https:\\\/\\\/ikernutricionymass.com\\\/?s={search_term_string}\"},\"query-input\":{\"@type\":\"PropertyValueSpecification\",\"valueRequired\":true,\"valueName\":\"search_term_string\"}}],\"inLanguage\":\"eu\"},{\"@type\":\"Organization\",\"@id\":\"https:\\\/\\\/ikernutricionymass.com\\\/#organization\",\"name\":\"Iker Nutrici\u00f3n y M\u00e1s\",\"url\":\"https:\\\/\\\/ikernutricionymass.com\\\/\",\"logo\":{\"@type\":\"ImageObject\",\"inLanguage\":\"eu\",\"@id\":\"https:\\\/\\\/ikernutricionymass.com\\\/#\\\/schema\\\/logo\\\/image\\\/\",\"url\":\"https:\\\/\\\/ikernutricionymass.com\\\/wp-content\\\/uploads\\\/2024\\\/07\\\/cropped-IKER_NUTRICION_Y_MAS_-01.png\",\"contentUrl\":\"https:\\\/\\\/ikernutricionymass.com\\\/wp-content\\\/uploads\\\/2024\\\/07\\\/cropped-IKER_NUTRICION_Y_MAS_-01.png\",\"width\":1919,\"height\":1080,\"caption\":\"Iker Nutrici\u00f3n y M\u00e1s\"},\"image\":{\"@id\":\"https:\\\/\\\/ikernutricionymass.com\\\/#\\\/schema\\\/logo\\\/image\\\/\"}}]}<\/script>\n<!-- \/ Yoast SEO plugin. -->","yoast_head_json":{"title":"PROTEIN DOUGHNUT (70G) IO. GENIX - Iker Nutrici\u00f3n y M\u00e1s","robots":{"index":"index","follow":"follow","max-snippet":"max-snippet:-1","max-image-preview":"max-image-preview:large","max-video-preview":"max-video-preview:-1"},"canonical":"https:\/\/ikernutricionymass.com\/eu\/produktua\/protein-doughnut-70g-io-genix\/","og_locale":"en_US","og_type":"article","og_title":"PROTEIN DOUGHNUT (70G) IO. GENIX - Iker Nutrici\u00f3n y M\u00e1s","og_description":"Descripci\u00f3n: Delicioso donut disponible en 4 sabores. Se caracterizan por tener m\u00e1s prote\u00edna y menos azucar que los donut convencionales. Tienen como ingrediente principal la clara de huevo. &#8211; Alto en prote\u00ednas. &#8211; Bajo en az\u00facares. &#8211; Fuente de fibra. &#8211; Sin aceite de palma &#8211; Sin margarina ni aceites hidrogenados. Indicado para personas que [&hellip;]","og_url":"https:\/\/ikernutricionymass.com\/eu\/produktua\/protein-doughnut-70g-io-genix\/","og_site_name":"Iker Nutrici\u00f3n y M\u00e1s","article_modified_time":"2026-02-18T11:56:13+00:00","og_image":[{"width":381,"height":492,"url":"https:\/\/ikernutricionymass.com\/wp-content\/uploads\/2024\/08\/protein-doughnut_1.webp","type":"image\/webp"}],"twitter_card":"summary_large_image","twitter_misc":{"Est. reading time":"1 minutua"},"schema":{"@context":"https:\/\/schema.org","@graph":[{"@type":"WebPage","@id":"https:\/\/ikernutricionymass.com\/producto\/protein-doughnut-70g-io-genix\/","url":"https:\/\/ikernutricionymass.com\/producto\/protein-doughnut-70g-io-genix\/","name":"PROTEIN DOUGHNUT (70G) IO. GENIX - Iker Nutrici\u00f3n y M\u00e1s","isPartOf":{"@id":"https:\/\/ikernutricionymass.com\/#website"},"primaryImageOfPage":{"@id":"https:\/\/ikernutricionymass.com\/producto\/protein-doughnut-70g-io-genix\/#primaryimage"},"image":{"@id":"https:\/\/ikernutricionymass.com\/producto\/protein-doughnut-70g-io-genix\/#primaryimage"},"thumbnailUrl":"https:\/\/ikernutricionymass.com\/wp-content\/uploads\/2024\/08\/protein-doughnut_1.webp","datePublished":"2024-08-08T13:05:19+00:00","dateModified":"2026-02-18T11:56:13+00:00","breadcrumb":{"@id":"https:\/\/ikernutricionymass.com\/producto\/protein-doughnut-70g-io-genix\/#breadcrumb"},"inLanguage":"eu","potentialAction":[{"@type":"ReadAction","target":["https:\/\/ikernutricionymass.com\/producto\/protein-doughnut-70g-io-genix\/"]}]},{"@type":"ImageObject","inLanguage":"eu","@id":"https:\/\/ikernutricionymass.com\/producto\/protein-doughnut-70g-io-genix\/#primaryimage","url":"https:\/\/ikernutricionymass.com\/wp-content\/uploads\/2024\/08\/protein-doughnut_1.webp","contentUrl":"https:\/\/ikernutricionymass.com\/wp-content\/uploads\/2024\/08\/protein-doughnut_1.webp","width":381,"height":492},{"@type":"BreadcrumbList","@id":"https:\/\/ikernutricionymass.com\/producto\/protein-doughnut-70g-io-genix\/#breadcrumb","itemListElement":[{"@type":"ListItem","position":1,"name":"Portada","item":"https:\/\/ikernutricionymass.com\/"},{"@type":"ListItem","position":2,"name":"Tienda","item":"https:\/\/ikernutricionymass.com\/tienda\/"},{"@type":"ListItem","position":3,"name":"PROTEIN DOUGHNUT (70G) IO. GENIX"}]},{"@type":"WebSite","@id":"https:\/\/ikernutricionymass.com\/#website","url":"https:\/\/ikernutricionymass.com\/","name":"Iker Nutrici\u00f3n y M\u00e1s","description":"","publisher":{"@id":"https:\/\/ikernutricionymass.com\/#organization"},"potentialAction":[{"@type":"SearchAction","target":{"@type":"EntryPoint","urlTemplate":"https:\/\/ikernutricionymass.com\/?s={search_term_string}"},"query-input":{"@type":"PropertyValueSpecification","valueRequired":true,"valueName":"search_term_string"}}],"inLanguage":"eu"},{"@type":"Organization","@id":"https:\/\/ikernutricionymass.com\/#organization","name":"Iker Nutrici\u00f3n y M\u00e1s","url":"https:\/\/ikernutricionymass.com\/","logo":{"@type":"ImageObject","inLanguage":"eu","@id":"https:\/\/ikernutricionymass.com\/#\/schema\/logo\/image\/","url":"https:\/\/ikernutricionymass.com\/wp-content\/uploads\/2024\/07\/cropped-IKER_NUTRICION_Y_MAS_-01.png","contentUrl":"https:\/\/ikernutricionymass.com\/wp-content\/uploads\/2024\/07\/cropped-IKER_NUTRICION_Y_MAS_-01.png","width":1919,"height":1080,"caption":"Iker Nutrici\u00f3n y M\u00e1s"},"image":{"@id":"https:\/\/ikernutricionymass.com\/#\/schema\/logo\/image\/"}}]}},"jetpack_sharing_enabled":true,"_links":{"self":[{"href":"https:\/\/ikernutricionymass.com\/eu\/wp-json\/wp\/v2\/product\/532","targetHints":{"allow":["GET"]}}],"collection":[{"href":"https:\/\/ikernutricionymass.com\/eu\/wp-json\/wp\/v2\/product"}],"about":[{"href":"https:\/\/ikernutricionymass.com\/eu\/wp-json\/wp\/v2\/types\/product"}],"replies":[{"embeddable":true,"href":"https:\/\/ikernutricionymass.com\/eu\/wp-json\/wp\/v2\/comments?post=532"}],"wp:featuredmedia":[{"embeddable":true,"href":"https:\/\/ikernutricionymass.com\/eu\/wp-json\/wp\/v2\/media\/537"}],"wp:attachment":[{"href":"https:\/\/ikernutricionymass.com\/eu\/wp-json\/wp\/v2\/media?parent=532"}],"wp:term":[{"taxonomy":"product_brand","embeddable":true,"href":"https:\/\/ikernutricionymass.com\/eu\/wp-json\/wp\/v2\/product_brand?post=532"},{"taxonomy":"product_cat","embeddable":true,"href":"https:\/\/ikernutricionymass.com\/eu\/wp-json\/wp\/v2\/product_cat?post=532"},{"taxonomy":"product_tag","embeddable":true,"href":"https:\/\/ikernutricionymass.com\/eu\/wp-json\/wp\/v2\/product_tag?post=532"}],"curies":[{"name":"wp","href":"https:\/\/api.w.org\/{rel}","templated":true}]}}