{"id":525,"date":"2024-08-08T10:22:00","date_gmt":"2024-08-08T10:22:00","guid":{"rendered":"https:\/\/ikernutricionymass.rkinformatika.online\/?post_type=product&#038;p=525"},"modified":"2024-09-18T09:05:05","modified_gmt":"2024-09-18T09:05:05","slug":"kit-reductor-reafirmante-instensivo-casmara","status":"publish","type":"product","link":"https:\/\/ikernutricionymass.com\/eu\/produktua\/kit-reductor-reafirmante-instensivo-casmara\/","title":{"rendered":"BODY SCULPTOR CREMA REDUCTORA-REAFIRMANTE. (CASMARA)"},"content":{"rendered":"<p>Crema <strong>Liporeductora reafirmante<\/strong> intensiva \u00a13 en 1!<br \/>\nReduce la <strong>grasa localizada<\/strong>, elimina visiblemente la<strong> piel de naranja<\/strong>, evita su aparici\u00f3n y <strong>reafirma la piel.<\/strong><\/p>\n<p>BODY SCULPTOR es una innovaci\u00f3n cosm\u00e9tica en el cuidado corporal.<br \/>\nEn su f\u00f3rmula combina activos reductores, drenantes y reafirmantes que act\u00faan en sinergia, potenciando su acci\u00f3n.<\/p>\n<p>Trata de un modo global todos los problemas que se presentan en el tejido adiposo actuando a todos los niveles del proceso de acumulaci\u00f3n de grasa corporal al mismo tiempo que tonifica y reafirma la zona tratada.<\/p>\n<p><strong>Resultados:<\/strong><\/p>\n<ul>\n<li>En 15 d\u00edas silueta remodelada.<\/li>\n<li>En 28 d\u00edas hasta -40% de piel de naranja.<\/li>\n<li>De 1.5cm hasta 5cm menos de contorno<\/li>\n<\/ul>\n<p class=\"title\"><strong>Activos<\/strong><\/p>\n<div class=\"section section-tab\">\n<p><strong>PHYCO R75\u00ae<\/strong>:Quema grasas. Impide la formaci\u00f3n de la grasa dentro de la c\u00e9lula. Estimula la destrucci\u00f3n de la grasa y la elimina del interior de la c\u00e9lula.<\/p>\n<p><strong>ZEDOMINE\u00ae<\/strong>:Drenante. Activa la microcirculaci\u00f3n. Activa el metabolismo de la piel y favorece a la eliminaci\u00f3n de la grasa.<\/p>\n<p><strong>DERMOCHLORELLA\u00ae<\/strong>:Reafirmante. Fomenta la reestructuraci\u00f3n global de la piel. Aporta todos los amino\u00e1cidos esenciales para la s\u00edntesis de prote\u00ednas estructurales de la piel.<\/p>\n<p>&lt;p<strong>BIOSCULPTINE\u00ae:Inhibe la formaci\u00f3n de nuevas c\u00e9lulas grasas, disminuye el volumen y el porcentaje de tejido graso. Adem\u00e1s estimula la eliminaci\u00f3n de la grasa corporal existente&lt;\/p<\/strong><\/div>","protected":false},"excerpt":{"rendered":"<p>Crema Liporeductora reafirmante intensiva \u00a13 en 1! Reduce la grasa localizada, elimina visiblemente la piel de naranja, evita su aparici\u00f3n y reafirma la piel. BODY SCULPTOR es una innovaci\u00f3n cosm\u00e9tica en el cuidado corporal. En su f\u00f3rmula combina activos reductores, drenantes y reafirmantes que act\u00faan en sinergia, potenciando su acci\u00f3n. Trata de un modo global [&hellip;]<\/p>\n","protected":false},"featured_media":1665,"comment_status":"open","ping_status":"closed","template":"","meta":[],"product_brand":[],"product_cat":[26],"product_tag":[],"class_list":{"0":"post-525","1":"product","2":"type-product","3":"status-publish","4":"has-post-thumbnail","6":"product_cat-estetica","8":"first","9":"instock","10":"shipping-taxable","11":"purchasable","12":"product-type-simple"},"yoast_head":"<!-- This site is optimized with the Yoast SEO plugin v27.3 - https:\/\/yoast.com\/product\/yoast-seo-wordpress\/ -->\n<title>BODY SCULPTOR CREMA REDUCTORA-REAFIRMANTE. (CASMARA) - Iker Nutrici\u00f3n y M\u00e1s<\/title>\n<meta name=\"robots\" content=\"index, follow, max-snippet:-1, max-image-preview:large, max-video-preview:-1\" \/>\n<link rel=\"canonical\" href=\"https:\/\/ikernutricionymass.com\/eu\/produktua\/kit-reductor-reafirmante-instensivo-casmara\/\" \/>\n<meta property=\"og:locale\" content=\"en_US\" \/>\n<meta property=\"og:type\" content=\"article\" \/>\n<meta property=\"og:title\" content=\"BODY SCULPTOR CREMA REDUCTORA-REAFIRMANTE. (CASMARA) - Iker Nutrici\u00f3n y M\u00e1s\" \/>\n<meta property=\"og:description\" content=\"Crema Liporeductora reafirmante intensiva \u00a13 en 1! Reduce la grasa localizada, elimina visiblemente la piel de naranja, evita su aparici\u00f3n y reafirma la piel. BODY SCULPTOR es una innovaci\u00f3n cosm\u00e9tica en el cuidado corporal. En su f\u00f3rmula combina activos reductores, drenantes y reafirmantes que act\u00faan en sinergia, potenciando su acci\u00f3n. Trata de un modo global [&hellip;]\" \/>\n<meta property=\"og:url\" content=\"https:\/\/ikernutricionymass.com\/eu\/produktua\/kit-reductor-reafirmante-instensivo-casmara\/\" \/>\n<meta property=\"og:site_name\" content=\"Iker Nutrici\u00f3n y M\u00e1s\" \/>\n<meta property=\"article:modified_time\" content=\"2024-09-18T09:05:05+00:00\" \/>\n<meta property=\"og:image\" content=\"https:\/\/ikernutricionymass.com\/wp-content\/uploads\/2024\/08\/body-scultor-200ml-600x554-1.gif\" \/>\n\t<meta property=\"og:image:width\" content=\"600\" \/>\n\t<meta property=\"og:image:height\" content=\"554\" \/>\n\t<meta property=\"og:image:type\" content=\"image\/gif\" \/>\n<meta name=\"twitter:card\" content=\"summary_large_image\" \/>\n<meta name=\"twitter:label1\" content=\"Est. reading time\" \/>\n\t<meta name=\"twitter:data1\" content=\"2 minutua\" \/>\n<script type=\"application\/ld+json\" class=\"yoast-schema-graph\">{\"@context\":\"https:\\\/\\\/schema.org\",\"@graph\":[{\"@type\":\"WebPage\",\"@id\":\"https:\\\/\\\/ikernutricionymass.com\\\/producto\\\/kit-reductor-reafirmante-instensivo-casmara\\\/\",\"url\":\"https:\\\/\\\/ikernutricionymass.com\\\/producto\\\/kit-reductor-reafirmante-instensivo-casmara\\\/\",\"name\":\"BODY SCULPTOR CREMA REDUCTORA-REAFIRMANTE. (CASMARA) - Iker Nutrici\u00f3n y M\u00e1s\",\"isPartOf\":{\"@id\":\"https:\\\/\\\/ikernutricionymass.com\\\/#website\"},\"primaryImageOfPage\":{\"@id\":\"https:\\\/\\\/ikernutricionymass.com\\\/producto\\\/kit-reductor-reafirmante-instensivo-casmara\\\/#primaryimage\"},\"image\":{\"@id\":\"https:\\\/\\\/ikernutricionymass.com\\\/producto\\\/kit-reductor-reafirmante-instensivo-casmara\\\/#primaryimage\"},\"thumbnailUrl\":\"https:\\\/\\\/ikernutricionymass.com\\\/wp-content\\\/uploads\\\/2024\\\/08\\\/body-scultor-200ml-600x554-1.gif\",\"datePublished\":\"2024-08-08T10:22:00+00:00\",\"dateModified\":\"2024-09-18T09:05:05+00:00\",\"breadcrumb\":{\"@id\":\"https:\\\/\\\/ikernutricionymass.com\\\/producto\\\/kit-reductor-reafirmante-instensivo-casmara\\\/#breadcrumb\"},\"inLanguage\":\"eu\",\"potentialAction\":[{\"@type\":\"ReadAction\",\"target\":[\"https:\\\/\\\/ikernutricionymass.com\\\/producto\\\/kit-reductor-reafirmante-instensivo-casmara\\\/\"]}]},{\"@type\":\"ImageObject\",\"inLanguage\":\"eu\",\"@id\":\"https:\\\/\\\/ikernutricionymass.com\\\/producto\\\/kit-reductor-reafirmante-instensivo-casmara\\\/#primaryimage\",\"url\":\"https:\\\/\\\/ikernutricionymass.com\\\/wp-content\\\/uploads\\\/2024\\\/08\\\/body-scultor-200ml-600x554-1.gif\",\"contentUrl\":\"https:\\\/\\\/ikernutricionymass.com\\\/wp-content\\\/uploads\\\/2024\\\/08\\\/body-scultor-200ml-600x554-1.gif\",\"width\":600,\"height\":554},{\"@type\":\"BreadcrumbList\",\"@id\":\"https:\\\/\\\/ikernutricionymass.com\\\/producto\\\/kit-reductor-reafirmante-instensivo-casmara\\\/#breadcrumb\",\"itemListElement\":[{\"@type\":\"ListItem\",\"position\":1,\"name\":\"Portada\",\"item\":\"https:\\\/\\\/ikernutricionymass.com\\\/\"},{\"@type\":\"ListItem\",\"position\":2,\"name\":\"Tienda\",\"item\":\"https:\\\/\\\/ikernutricionymass.com\\\/tienda\\\/\"},{\"@type\":\"ListItem\",\"position\":3,\"name\":\"BODY SCULPTOR CREMA REDUCTORA-REAFIRMANTE. (CASMARA)\"}]},{\"@type\":\"WebSite\",\"@id\":\"https:\\\/\\\/ikernutricionymass.com\\\/#website\",\"url\":\"https:\\\/\\\/ikernutricionymass.com\\\/\",\"name\":\"Iker Nutrici\u00f3n y M\u00e1s\",\"description\":\"\",\"publisher\":{\"@id\":\"https:\\\/\\\/ikernutricionymass.com\\\/#organization\"},\"potentialAction\":[{\"@type\":\"SearchAction\",\"target\":{\"@type\":\"EntryPoint\",\"urlTemplate\":\"https:\\\/\\\/ikernutricionymass.com\\\/?s={search_term_string}\"},\"query-input\":{\"@type\":\"PropertyValueSpecification\",\"valueRequired\":true,\"valueName\":\"search_term_string\"}}],\"inLanguage\":\"eu\"},{\"@type\":\"Organization\",\"@id\":\"https:\\\/\\\/ikernutricionymass.com\\\/#organization\",\"name\":\"Iker Nutrici\u00f3n y M\u00e1s\",\"url\":\"https:\\\/\\\/ikernutricionymass.com\\\/\",\"logo\":{\"@type\":\"ImageObject\",\"inLanguage\":\"eu\",\"@id\":\"https:\\\/\\\/ikernutricionymass.com\\\/#\\\/schema\\\/logo\\\/image\\\/\",\"url\":\"https:\\\/\\\/ikernutricionymass.com\\\/wp-content\\\/uploads\\\/2024\\\/07\\\/cropped-IKER_NUTRICION_Y_MAS_-01.png\",\"contentUrl\":\"https:\\\/\\\/ikernutricionymass.com\\\/wp-content\\\/uploads\\\/2024\\\/07\\\/cropped-IKER_NUTRICION_Y_MAS_-01.png\",\"width\":1919,\"height\":1080,\"caption\":\"Iker Nutrici\u00f3n y M\u00e1s\"},\"image\":{\"@id\":\"https:\\\/\\\/ikernutricionymass.com\\\/#\\\/schema\\\/logo\\\/image\\\/\"}}]}<\/script>\n<!-- \/ Yoast SEO plugin. -->","yoast_head_json":{"title":"BODY SCULPTOR CREMA REDUCTORA-REAFIRMANTE. (CASMARA) - Iker Nutrici\u00f3n y M\u00e1s","robots":{"index":"index","follow":"follow","max-snippet":"max-snippet:-1","max-image-preview":"max-image-preview:large","max-video-preview":"max-video-preview:-1"},"canonical":"https:\/\/ikernutricionymass.com\/eu\/produktua\/kit-reductor-reafirmante-instensivo-casmara\/","og_locale":"en_US","og_type":"article","og_title":"BODY SCULPTOR CREMA REDUCTORA-REAFIRMANTE. (CASMARA) - Iker Nutrici\u00f3n y M\u00e1s","og_description":"Crema Liporeductora reafirmante intensiva \u00a13 en 1! Reduce la grasa localizada, elimina visiblemente la piel de naranja, evita su aparici\u00f3n y reafirma la piel. BODY SCULPTOR es una innovaci\u00f3n cosm\u00e9tica en el cuidado corporal. En su f\u00f3rmula combina activos reductores, drenantes y reafirmantes que act\u00faan en sinergia, potenciando su acci\u00f3n. Trata de un modo global [&hellip;]","og_url":"https:\/\/ikernutricionymass.com\/eu\/produktua\/kit-reductor-reafirmante-instensivo-casmara\/","og_site_name":"Iker Nutrici\u00f3n y M\u00e1s","article_modified_time":"2024-09-18T09:05:05+00:00","og_image":[{"width":600,"height":554,"url":"https:\/\/ikernutricionymass.com\/wp-content\/uploads\/2024\/08\/body-scultor-200ml-600x554-1.gif","type":"image\/gif"}],"twitter_card":"summary_large_image","twitter_misc":{"Est. reading time":"2 minutua"},"schema":{"@context":"https:\/\/schema.org","@graph":[{"@type":"WebPage","@id":"https:\/\/ikernutricionymass.com\/producto\/kit-reductor-reafirmante-instensivo-casmara\/","url":"https:\/\/ikernutricionymass.com\/producto\/kit-reductor-reafirmante-instensivo-casmara\/","name":"BODY SCULPTOR CREMA REDUCTORA-REAFIRMANTE. (CASMARA) - Iker Nutrici\u00f3n y M\u00e1s","isPartOf":{"@id":"https:\/\/ikernutricionymass.com\/#website"},"primaryImageOfPage":{"@id":"https:\/\/ikernutricionymass.com\/producto\/kit-reductor-reafirmante-instensivo-casmara\/#primaryimage"},"image":{"@id":"https:\/\/ikernutricionymass.com\/producto\/kit-reductor-reafirmante-instensivo-casmara\/#primaryimage"},"thumbnailUrl":"https:\/\/ikernutricionymass.com\/wp-content\/uploads\/2024\/08\/body-scultor-200ml-600x554-1.gif","datePublished":"2024-08-08T10:22:00+00:00","dateModified":"2024-09-18T09:05:05+00:00","breadcrumb":{"@id":"https:\/\/ikernutricionymass.com\/producto\/kit-reductor-reafirmante-instensivo-casmara\/#breadcrumb"},"inLanguage":"eu","potentialAction":[{"@type":"ReadAction","target":["https:\/\/ikernutricionymass.com\/producto\/kit-reductor-reafirmante-instensivo-casmara\/"]}]},{"@type":"ImageObject","inLanguage":"eu","@id":"https:\/\/ikernutricionymass.com\/producto\/kit-reductor-reafirmante-instensivo-casmara\/#primaryimage","url":"https:\/\/ikernutricionymass.com\/wp-content\/uploads\/2024\/08\/body-scultor-200ml-600x554-1.gif","contentUrl":"https:\/\/ikernutricionymass.com\/wp-content\/uploads\/2024\/08\/body-scultor-200ml-600x554-1.gif","width":600,"height":554},{"@type":"BreadcrumbList","@id":"https:\/\/ikernutricionymass.com\/producto\/kit-reductor-reafirmante-instensivo-casmara\/#breadcrumb","itemListElement":[{"@type":"ListItem","position":1,"name":"Portada","item":"https:\/\/ikernutricionymass.com\/"},{"@type":"ListItem","position":2,"name":"Tienda","item":"https:\/\/ikernutricionymass.com\/tienda\/"},{"@type":"ListItem","position":3,"name":"BODY SCULPTOR CREMA REDUCTORA-REAFIRMANTE. (CASMARA)"}]},{"@type":"WebSite","@id":"https:\/\/ikernutricionymass.com\/#website","url":"https:\/\/ikernutricionymass.com\/","name":"Iker Nutrici\u00f3n y M\u00e1s","description":"","publisher":{"@id":"https:\/\/ikernutricionymass.com\/#organization"},"potentialAction":[{"@type":"SearchAction","target":{"@type":"EntryPoint","urlTemplate":"https:\/\/ikernutricionymass.com\/?s={search_term_string}"},"query-input":{"@type":"PropertyValueSpecification","valueRequired":true,"valueName":"search_term_string"}}],"inLanguage":"eu"},{"@type":"Organization","@id":"https:\/\/ikernutricionymass.com\/#organization","name":"Iker Nutrici\u00f3n y M\u00e1s","url":"https:\/\/ikernutricionymass.com\/","logo":{"@type":"ImageObject","inLanguage":"eu","@id":"https:\/\/ikernutricionymass.com\/#\/schema\/logo\/image\/","url":"https:\/\/ikernutricionymass.com\/wp-content\/uploads\/2024\/07\/cropped-IKER_NUTRICION_Y_MAS_-01.png","contentUrl":"https:\/\/ikernutricionymass.com\/wp-content\/uploads\/2024\/07\/cropped-IKER_NUTRICION_Y_MAS_-01.png","width":1919,"height":1080,"caption":"Iker Nutrici\u00f3n y M\u00e1s"},"image":{"@id":"https:\/\/ikernutricionymass.com\/#\/schema\/logo\/image\/"}}]}},"jetpack_sharing_enabled":true,"_links":{"self":[{"href":"https:\/\/ikernutricionymass.com\/eu\/wp-json\/wp\/v2\/product\/525","targetHints":{"allow":["GET"]}}],"collection":[{"href":"https:\/\/ikernutricionymass.com\/eu\/wp-json\/wp\/v2\/product"}],"about":[{"href":"https:\/\/ikernutricionymass.com\/eu\/wp-json\/wp\/v2\/types\/product"}],"replies":[{"embeddable":true,"href":"https:\/\/ikernutricionymass.com\/eu\/wp-json\/wp\/v2\/comments?post=525"}],"wp:featuredmedia":[{"embeddable":true,"href":"https:\/\/ikernutricionymass.com\/eu\/wp-json\/wp\/v2\/media\/1665"}],"wp:attachment":[{"href":"https:\/\/ikernutricionymass.com\/eu\/wp-json\/wp\/v2\/media?parent=525"}],"wp:term":[{"taxonomy":"product_brand","embeddable":true,"href":"https:\/\/ikernutricionymass.com\/eu\/wp-json\/wp\/v2\/product_brand?post=525"},{"taxonomy":"product_cat","embeddable":true,"href":"https:\/\/ikernutricionymass.com\/eu\/wp-json\/wp\/v2\/product_cat?post=525"},{"taxonomy":"product_tag","embeddable":true,"href":"https:\/\/ikernutricionymass.com\/eu\/wp-json\/wp\/v2\/product_tag?post=525"}],"curies":[{"name":"wp","href":"https:\/\/api.w.org\/{rel}","templated":true}]}}