{"id":516,"date":"2024-08-08T09:06:06","date_gmt":"2024-08-08T09:06:06","guid":{"rendered":"https:\/\/ikernutricionymass.rkinformatika.online\/?post_type=product&#038;p=516"},"modified":"2024-08-08T10:21:34","modified_gmt":"2024-08-08T10:21:34","slug":"mascara-intensiva-casmara","status":"publish","type":"product","link":"https:\/\/ikernutricionymass.com\/eu\/produktua\/mascara-intensiva-casmara\/","title":{"rendered":"M\u00c1SCARA INTENSIVA. (CASMARA)"},"content":{"rendered":"<p><strong>Descripci\u00f3n:<\/strong><\/p>\n<p>Se trata un innovador tejido natural como soporte de estas Sheet Mask, reforzado con peque\u00f1as perlas de nano-imanes inductivos e inteligentes que generan un leve campo magn\u00e9tico capaz de estimular el magnetismo celular de la piel.<\/p>\n<p>Esta Tecnolog\u00eda Biomagn\u00e9tica activa la circulaci\u00f3n sangu\u00ednea en la piel, y el magnetismo creado, impulsa los principios activos impregnados en la mascarilla hacia el interior de la piel, potenciando su acci\u00f3n y consiguiendo m\u00faltiples beneficios.<\/p>\n<p><b>Tipos:<\/b><\/p>\n<p><b>&#8211; Glycolic:\u00a0<\/b>Exfolia las capas superficiales, purificando la piel y acelerando la renovaci\u00f3n cut\u00e1nea. Los\u00a0\u03b1-hidroxi\u00e1cidos\u00a0aumentan la velocidad de recambio celular y difuminan las imperfecciones. Su combinaci\u00f3n con aloe vera potencia el proceso gracias a sus propiedades regeneradoras e hidratantes.<\/p>\n<p><b>&#8211; Hyaluronic: <\/b>Hidrata intensamente, realiza un efecto relleno de arrugas y l\u00edneas de expresi\u00f3n y alivia la irritaci\u00f3n y calma la piel.<\/p>\n<p><b>&#8211; Retinol V: <\/b>Difumina las arrugas en cantidad y profundidad, previene la aparici\u00f3n de manchas\u00a0 y unifica el tono y adem\u00e1s aporta un extra de energ\u00eda y evita la deshidrataci\u00f3n de la piel.<\/p>\n<p><b>&#8211; Vit C: <\/b>Ilumina intensamente y elimina los signos del cansancio, hidrata la piel y retiene el agua. Aumenta la cantidad de col\u00e1geno.<\/p>\n<p><strong>Modo de uso:<\/strong><\/p>\n<p>Colocar la m\u00e1scara en la cara con los imanes hacia fuera durante\u00a0<span data-mce-fragment=\"1\">15 minutos.\u00a0<\/span><\/p>\n<p><strong><\/strong>Tras su uso, doblar hacia el interior, preservando el producto hacia dentro. Cerrar bien y guardar en la nevera. Usos estimados: 1-2.<\/p>\n<p><\/p>","protected":false},"excerpt":{"rendered":"<p>Descripci\u00f3n: Se trata un innovador tejido natural como soporte de estas Sheet Mask, reforzado con peque\u00f1as perlas de nano-imanes inductivos e inteligentes que generan un leve campo magn\u00e9tico capaz de estimular el magnetismo celular de la piel. Esta Tecnolog\u00eda Biomagn\u00e9tica activa la circulaci\u00f3n sangu\u00ednea en la piel, y el magnetismo creado, impulsa los principios activos [&hellip;]<\/p>\n","protected":false},"featured_media":521,"comment_status":"open","ping_status":"closed","template":"","meta":[],"product_brand":[],"product_cat":[26],"product_tag":[],"class_list":{"0":"post-516","1":"product","2":"type-product","3":"status-publish","4":"has-post-thumbnail","6":"product_cat-estetica","8":"first","9":"instock","10":"shipping-taxable","11":"purchasable","12":"product-type-variable"},"yoast_head":"<!-- This site is optimized with the Yoast SEO plugin v27.3 - https:\/\/yoast.com\/product\/yoast-seo-wordpress\/ -->\n<title>M\u00c1SCARA INTENSIVA. (CASMARA) - Iker Nutrici\u00f3n y M\u00e1s<\/title>\n<meta name=\"robots\" content=\"index, follow, max-snippet:-1, max-image-preview:large, max-video-preview:-1\" \/>\n<link rel=\"canonical\" href=\"https:\/\/ikernutricionymass.com\/eu\/produktua\/mascara-intensiva-casmara\/\" \/>\n<meta property=\"og:locale\" content=\"en_US\" \/>\n<meta property=\"og:type\" content=\"article\" \/>\n<meta property=\"og:title\" content=\"M\u00c1SCARA INTENSIVA. (CASMARA) - Iker Nutrici\u00f3n y M\u00e1s\" \/>\n<meta property=\"og:description\" content=\"Descripci\u00f3n: Se trata un innovador tejido natural como soporte de estas Sheet Mask, reforzado con peque\u00f1as perlas de nano-imanes inductivos e inteligentes que generan un leve campo magn\u00e9tico capaz de estimular el magnetismo celular de la piel. Esta Tecnolog\u00eda Biomagn\u00e9tica activa la circulaci\u00f3n sangu\u00ednea en la piel, y el magnetismo creado, impulsa los principios activos [&hellip;]\" \/>\n<meta property=\"og:url\" content=\"https:\/\/ikernutricionymass.com\/eu\/produktua\/mascara-intensiva-casmara\/\" \/>\n<meta property=\"og:site_name\" content=\"Iker Nutrici\u00f3n y M\u00e1s\" \/>\n<meta property=\"article:modified_time\" content=\"2024-08-08T10:21:34+00:00\" \/>\n<meta property=\"og:image\" content=\"https:\/\/ikernutricionymass.com\/wp-content\/uploads\/2024\/08\/Mockup-Peeling-Booster-Mask_HD-2-scaled-600x547-1.webp\" \/>\n\t<meta property=\"og:image:width\" content=\"600\" \/>\n\t<meta property=\"og:image:height\" content=\"547\" \/>\n\t<meta property=\"og:image:type\" content=\"image\/webp\" \/>\n<meta name=\"twitter:card\" content=\"summary_large_image\" \/>\n<meta name=\"twitter:label1\" content=\"Est. reading time\" \/>\n\t<meta name=\"twitter:data1\" content=\"1 minutua\" \/>\n<script type=\"application\/ld+json\" class=\"yoast-schema-graph\">{\"@context\":\"https:\\\/\\\/schema.org\",\"@graph\":[{\"@type\":\"WebPage\",\"@id\":\"https:\\\/\\\/ikernutricionymass.com\\\/producto\\\/mascara-intensiva-casmara\\\/\",\"url\":\"https:\\\/\\\/ikernutricionymass.com\\\/producto\\\/mascara-intensiva-casmara\\\/\",\"name\":\"M\u00c1SCARA INTENSIVA. (CASMARA) - Iker Nutrici\u00f3n y M\u00e1s\",\"isPartOf\":{\"@id\":\"https:\\\/\\\/ikernutricionymass.com\\\/#website\"},\"primaryImageOfPage\":{\"@id\":\"https:\\\/\\\/ikernutricionymass.com\\\/producto\\\/mascara-intensiva-casmara\\\/#primaryimage\"},\"image\":{\"@id\":\"https:\\\/\\\/ikernutricionymass.com\\\/producto\\\/mascara-intensiva-casmara\\\/#primaryimage\"},\"thumbnailUrl\":\"https:\\\/\\\/ikernutricionymass.com\\\/wp-content\\\/uploads\\\/2024\\\/08\\\/Mockup-Peeling-Booster-Mask_HD-2-scaled-600x547-1.webp\",\"datePublished\":\"2024-08-08T09:06:06+00:00\",\"dateModified\":\"2024-08-08T10:21:34+00:00\",\"breadcrumb\":{\"@id\":\"https:\\\/\\\/ikernutricionymass.com\\\/producto\\\/mascara-intensiva-casmara\\\/#breadcrumb\"},\"inLanguage\":\"eu\",\"potentialAction\":[{\"@type\":\"ReadAction\",\"target\":[\"https:\\\/\\\/ikernutricionymass.com\\\/producto\\\/mascara-intensiva-casmara\\\/\"]}]},{\"@type\":\"ImageObject\",\"inLanguage\":\"eu\",\"@id\":\"https:\\\/\\\/ikernutricionymass.com\\\/producto\\\/mascara-intensiva-casmara\\\/#primaryimage\",\"url\":\"https:\\\/\\\/ikernutricionymass.com\\\/wp-content\\\/uploads\\\/2024\\\/08\\\/Mockup-Peeling-Booster-Mask_HD-2-scaled-600x547-1.webp\",\"contentUrl\":\"https:\\\/\\\/ikernutricionymass.com\\\/wp-content\\\/uploads\\\/2024\\\/08\\\/Mockup-Peeling-Booster-Mask_HD-2-scaled-600x547-1.webp\",\"width\":600,\"height\":547},{\"@type\":\"BreadcrumbList\",\"@id\":\"https:\\\/\\\/ikernutricionymass.com\\\/producto\\\/mascara-intensiva-casmara\\\/#breadcrumb\",\"itemListElement\":[{\"@type\":\"ListItem\",\"position\":1,\"name\":\"Portada\",\"item\":\"https:\\\/\\\/ikernutricionymass.com\\\/\"},{\"@type\":\"ListItem\",\"position\":2,\"name\":\"Tienda\",\"item\":\"https:\\\/\\\/ikernutricionymass.com\\\/tienda\\\/\"},{\"@type\":\"ListItem\",\"position\":3,\"name\":\"M\u00c1SCARA INTENSIVA. (CASMARA)\"}]},{\"@type\":\"WebSite\",\"@id\":\"https:\\\/\\\/ikernutricionymass.com\\\/#website\",\"url\":\"https:\\\/\\\/ikernutricionymass.com\\\/\",\"name\":\"Iker Nutrici\u00f3n y M\u00e1s\",\"description\":\"\",\"publisher\":{\"@id\":\"https:\\\/\\\/ikernutricionymass.com\\\/#organization\"},\"potentialAction\":[{\"@type\":\"SearchAction\",\"target\":{\"@type\":\"EntryPoint\",\"urlTemplate\":\"https:\\\/\\\/ikernutricionymass.com\\\/?s={search_term_string}\"},\"query-input\":{\"@type\":\"PropertyValueSpecification\",\"valueRequired\":true,\"valueName\":\"search_term_string\"}}],\"inLanguage\":\"eu\"},{\"@type\":\"Organization\",\"@id\":\"https:\\\/\\\/ikernutricionymass.com\\\/#organization\",\"name\":\"Iker Nutrici\u00f3n y M\u00e1s\",\"url\":\"https:\\\/\\\/ikernutricionymass.com\\\/\",\"logo\":{\"@type\":\"ImageObject\",\"inLanguage\":\"eu\",\"@id\":\"https:\\\/\\\/ikernutricionymass.com\\\/#\\\/schema\\\/logo\\\/image\\\/\",\"url\":\"https:\\\/\\\/ikernutricionymass.com\\\/wp-content\\\/uploads\\\/2024\\\/07\\\/cropped-IKER_NUTRICION_Y_MAS_-01.png\",\"contentUrl\":\"https:\\\/\\\/ikernutricionymass.com\\\/wp-content\\\/uploads\\\/2024\\\/07\\\/cropped-IKER_NUTRICION_Y_MAS_-01.png\",\"width\":1919,\"height\":1080,\"caption\":\"Iker Nutrici\u00f3n y M\u00e1s\"},\"image\":{\"@id\":\"https:\\\/\\\/ikernutricionymass.com\\\/#\\\/schema\\\/logo\\\/image\\\/\"}}]}<\/script>\n<!-- \/ Yoast SEO plugin. -->","yoast_head_json":{"title":"M\u00c1SCARA INTENSIVA. (CASMARA) - Iker Nutrici\u00f3n y M\u00e1s","robots":{"index":"index","follow":"follow","max-snippet":"max-snippet:-1","max-image-preview":"max-image-preview:large","max-video-preview":"max-video-preview:-1"},"canonical":"https:\/\/ikernutricionymass.com\/eu\/produktua\/mascara-intensiva-casmara\/","og_locale":"en_US","og_type":"article","og_title":"M\u00c1SCARA INTENSIVA. (CASMARA) - Iker Nutrici\u00f3n y M\u00e1s","og_description":"Descripci\u00f3n: Se trata un innovador tejido natural como soporte de estas Sheet Mask, reforzado con peque\u00f1as perlas de nano-imanes inductivos e inteligentes que generan un leve campo magn\u00e9tico capaz de estimular el magnetismo celular de la piel. Esta Tecnolog\u00eda Biomagn\u00e9tica activa la circulaci\u00f3n sangu\u00ednea en la piel, y el magnetismo creado, impulsa los principios activos [&hellip;]","og_url":"https:\/\/ikernutricionymass.com\/eu\/produktua\/mascara-intensiva-casmara\/","og_site_name":"Iker Nutrici\u00f3n y M\u00e1s","article_modified_time":"2024-08-08T10:21:34+00:00","og_image":[{"width":600,"height":547,"url":"https:\/\/ikernutricionymass.com\/wp-content\/uploads\/2024\/08\/Mockup-Peeling-Booster-Mask_HD-2-scaled-600x547-1.webp","type":"image\/webp"}],"twitter_card":"summary_large_image","twitter_misc":{"Est. reading time":"1 minutua"},"schema":{"@context":"https:\/\/schema.org","@graph":[{"@type":"WebPage","@id":"https:\/\/ikernutricionymass.com\/producto\/mascara-intensiva-casmara\/","url":"https:\/\/ikernutricionymass.com\/producto\/mascara-intensiva-casmara\/","name":"M\u00c1SCARA INTENSIVA. (CASMARA) - Iker Nutrici\u00f3n y M\u00e1s","isPartOf":{"@id":"https:\/\/ikernutricionymass.com\/#website"},"primaryImageOfPage":{"@id":"https:\/\/ikernutricionymass.com\/producto\/mascara-intensiva-casmara\/#primaryimage"},"image":{"@id":"https:\/\/ikernutricionymass.com\/producto\/mascara-intensiva-casmara\/#primaryimage"},"thumbnailUrl":"https:\/\/ikernutricionymass.com\/wp-content\/uploads\/2024\/08\/Mockup-Peeling-Booster-Mask_HD-2-scaled-600x547-1.webp","datePublished":"2024-08-08T09:06:06+00:00","dateModified":"2024-08-08T10:21:34+00:00","breadcrumb":{"@id":"https:\/\/ikernutricionymass.com\/producto\/mascara-intensiva-casmara\/#breadcrumb"},"inLanguage":"eu","potentialAction":[{"@type":"ReadAction","target":["https:\/\/ikernutricionymass.com\/producto\/mascara-intensiva-casmara\/"]}]},{"@type":"ImageObject","inLanguage":"eu","@id":"https:\/\/ikernutricionymass.com\/producto\/mascara-intensiva-casmara\/#primaryimage","url":"https:\/\/ikernutricionymass.com\/wp-content\/uploads\/2024\/08\/Mockup-Peeling-Booster-Mask_HD-2-scaled-600x547-1.webp","contentUrl":"https:\/\/ikernutricionymass.com\/wp-content\/uploads\/2024\/08\/Mockup-Peeling-Booster-Mask_HD-2-scaled-600x547-1.webp","width":600,"height":547},{"@type":"BreadcrumbList","@id":"https:\/\/ikernutricionymass.com\/producto\/mascara-intensiva-casmara\/#breadcrumb","itemListElement":[{"@type":"ListItem","position":1,"name":"Portada","item":"https:\/\/ikernutricionymass.com\/"},{"@type":"ListItem","position":2,"name":"Tienda","item":"https:\/\/ikernutricionymass.com\/tienda\/"},{"@type":"ListItem","position":3,"name":"M\u00c1SCARA INTENSIVA. (CASMARA)"}]},{"@type":"WebSite","@id":"https:\/\/ikernutricionymass.com\/#website","url":"https:\/\/ikernutricionymass.com\/","name":"Iker Nutrici\u00f3n y M\u00e1s","description":"","publisher":{"@id":"https:\/\/ikernutricionymass.com\/#organization"},"potentialAction":[{"@type":"SearchAction","target":{"@type":"EntryPoint","urlTemplate":"https:\/\/ikernutricionymass.com\/?s={search_term_string}"},"query-input":{"@type":"PropertyValueSpecification","valueRequired":true,"valueName":"search_term_string"}}],"inLanguage":"eu"},{"@type":"Organization","@id":"https:\/\/ikernutricionymass.com\/#organization","name":"Iker Nutrici\u00f3n y M\u00e1s","url":"https:\/\/ikernutricionymass.com\/","logo":{"@type":"ImageObject","inLanguage":"eu","@id":"https:\/\/ikernutricionymass.com\/#\/schema\/logo\/image\/","url":"https:\/\/ikernutricionymass.com\/wp-content\/uploads\/2024\/07\/cropped-IKER_NUTRICION_Y_MAS_-01.png","contentUrl":"https:\/\/ikernutricionymass.com\/wp-content\/uploads\/2024\/07\/cropped-IKER_NUTRICION_Y_MAS_-01.png","width":1919,"height":1080,"caption":"Iker Nutrici\u00f3n y M\u00e1s"},"image":{"@id":"https:\/\/ikernutricionymass.com\/#\/schema\/logo\/image\/"}}]}},"jetpack_sharing_enabled":true,"_links":{"self":[{"href":"https:\/\/ikernutricionymass.com\/eu\/wp-json\/wp\/v2\/product\/516","targetHints":{"allow":["GET"]}}],"collection":[{"href":"https:\/\/ikernutricionymass.com\/eu\/wp-json\/wp\/v2\/product"}],"about":[{"href":"https:\/\/ikernutricionymass.com\/eu\/wp-json\/wp\/v2\/types\/product"}],"replies":[{"embeddable":true,"href":"https:\/\/ikernutricionymass.com\/eu\/wp-json\/wp\/v2\/comments?post=516"}],"wp:featuredmedia":[{"embeddable":true,"href":"https:\/\/ikernutricionymass.com\/eu\/wp-json\/wp\/v2\/media\/521"}],"wp:attachment":[{"href":"https:\/\/ikernutricionymass.com\/eu\/wp-json\/wp\/v2\/media?parent=516"}],"wp:term":[{"taxonomy":"product_brand","embeddable":true,"href":"https:\/\/ikernutricionymass.com\/eu\/wp-json\/wp\/v2\/product_brand?post=516"},{"taxonomy":"product_cat","embeddable":true,"href":"https:\/\/ikernutricionymass.com\/eu\/wp-json\/wp\/v2\/product_cat?post=516"},{"taxonomy":"product_tag","embeddable":true,"href":"https:\/\/ikernutricionymass.com\/eu\/wp-json\/wp\/v2\/product_tag?post=516"}],"curies":[{"name":"wp","href":"https:\/\/api.w.org\/{rel}","templated":true}]}}