{"id":485,"date":"2024-08-08T07:46:32","date_gmt":"2024-08-08T07:46:32","guid":{"rendered":"https:\/\/ikernutricionymass.rkinformatika.online\/?post_type=product&#038;p=485"},"modified":"2024-08-08T07:49:02","modified_gmt":"2024-08-08T07:49:02","slug":"balancing-cleanser-casmara-150ml","status":"publish","type":"product","link":"https:\/\/ikernutricionymass.com\/eu\/produktua\/balancing-cleanser-casmara-150ml\/","title":{"rendered":"BALANCING CLEANSER &#8211; CASMARA (150ML)"},"content":{"rendered":"<p><strong>Descripci\u00f3n:<\/strong><\/p>\n<p><strong>Gel limpiador facial equilibrante multifunci\u00f3n<\/strong><span>\u00a0<\/span>de textura fluida que limpia y equilibra la piel. Exclusiva f\u00f3rmula con acci\u00f3n<span>\u00a0<\/span><strong>3 en 1<\/strong>: limpia, desmaquilla y tonifica el rostro en 1 solo paso. Su cuidada f\u00f3rmula especial para piel sensible permite desmaquillar y\/o limpiar el contorno ocular sin resecar ni provocar rojeces o tirantez en la piel.<\/p>\n<p>Innovador limpiador natural a base de<span>\u00a0<\/span><strong>extracto de bayas de goji<\/strong><span>\u00a0<\/span>y<strong><span>\u00a0<\/span>aceite de aguacate<\/strong><span>\u00a0<\/span>que elimina las sustancias contaminantes en la piel de un modo eficaz respetando la microbiota cut\u00e1nea, al mismo tiempo que refuerza la defensa natural de la piel y la suaviza gracias al aporte de vitaminas y activos nutritivos.<\/p>\n<p><strong>*Apto para el contorno ocular<\/strong><\/p>\n<p><strong>*Limpiador especialmente formulado para piel sensible.<\/strong><\/p>\n<p><strong>Modo de empleo:<\/strong><\/p>\n<p>Aplicar d\u00eda y noche sobre el rostro previamente humedecido con agua. A continuaci\u00f3n realizar movimientos circulares y seguidamente retirar con agua. Se recomienda para retirar el maquillaje del contorno de ojos utilizar un algod\u00f3n humedecido con agua e impregnado de producto, y a continuaci\u00f3n retirar con agua.<\/p>","protected":false},"excerpt":{"rendered":"<p>Descripci\u00f3n: Gel limpiador facial equilibrante multifunci\u00f3n\u00a0de textura fluida que limpia y equilibra la piel. Exclusiva f\u00f3rmula con acci\u00f3n\u00a03 en 1: limpia, desmaquilla y tonifica el rostro en 1 solo paso. Su cuidada f\u00f3rmula especial para piel sensible permite desmaquillar y\/o limpiar el contorno ocular sin resecar ni provocar rojeces o tirantez en la piel. Innovador [&hellip;]<\/p>\n","protected":false},"featured_media":486,"comment_status":"open","ping_status":"closed","template":"","meta":[],"product_brand":[],"product_cat":[26],"product_tag":[],"class_list":{"0":"post-485","1":"product","2":"type-product","3":"status-publish","4":"has-post-thumbnail","6":"product_cat-estetica","8":"first","9":"instock","10":"shipping-taxable","11":"purchasable","12":"product-type-simple"},"yoast_head":"<!-- This site is optimized with the Yoast SEO plugin v27.3 - https:\/\/yoast.com\/product\/yoast-seo-wordpress\/ -->\n<title>BALANCING CLEANSER - CASMARA (150ML) - Iker Nutrici\u00f3n y M\u00e1s<\/title>\n<meta name=\"robots\" content=\"index, follow, max-snippet:-1, max-image-preview:large, max-video-preview:-1\" \/>\n<link rel=\"canonical\" href=\"https:\/\/ikernutricionymass.com\/eu\/produktua\/balancing-cleanser-casmara-150ml\/\" \/>\n<meta property=\"og:locale\" content=\"en_US\" \/>\n<meta property=\"og:type\" content=\"article\" \/>\n<meta property=\"og:title\" content=\"BALANCING CLEANSER - CASMARA (150ML) - Iker Nutrici\u00f3n y M\u00e1s\" \/>\n<meta property=\"og:description\" content=\"Descripci\u00f3n: Gel limpiador facial equilibrante multifunci\u00f3n\u00a0de textura fluida que limpia y equilibra la piel. Exclusiva f\u00f3rmula con acci\u00f3n\u00a03 en 1: limpia, desmaquilla y tonifica el rostro en 1 solo paso. Su cuidada f\u00f3rmula especial para piel sensible permite desmaquillar y\/o limpiar el contorno ocular sin resecar ni provocar rojeces o tirantez en la piel. Innovador [&hellip;]\" \/>\n<meta property=\"og:url\" content=\"https:\/\/ikernutricionymass.com\/eu\/produktua\/balancing-cleanser-casmara-150ml\/\" \/>\n<meta property=\"og:site_name\" content=\"Iker Nutrici\u00f3n y M\u00e1s\" \/>\n<meta property=\"article:modified_time\" content=\"2024-08-08T07:49:02+00:00\" \/>\n<meta property=\"og:image\" content=\"https:\/\/ikernutricionymass.com\/wp-content\/uploads\/2024\/08\/BOTELLA-150ml_BALANCING_Cleansers-2022_WEB.webp\" \/>\n\t<meta property=\"og:image:width\" content=\"1500\" \/>\n\t<meta property=\"og:image:height\" content=\"1500\" \/>\n\t<meta property=\"og:image:type\" content=\"image\/webp\" \/>\n<meta name=\"twitter:card\" content=\"summary_large_image\" \/>\n<meta name=\"twitter:label1\" content=\"Est. reading time\" \/>\n\t<meta name=\"twitter:data1\" content=\"1 minutua\" \/>\n<script type=\"application\/ld+json\" class=\"yoast-schema-graph\">{\"@context\":\"https:\\\/\\\/schema.org\",\"@graph\":[{\"@type\":\"WebPage\",\"@id\":\"https:\\\/\\\/ikernutricionymass.com\\\/producto\\\/balancing-cleanser-casmara-150ml\\\/\",\"url\":\"https:\\\/\\\/ikernutricionymass.com\\\/producto\\\/balancing-cleanser-casmara-150ml\\\/\",\"name\":\"BALANCING CLEANSER - CASMARA (150ML) - Iker Nutrici\u00f3n y M\u00e1s\",\"isPartOf\":{\"@id\":\"https:\\\/\\\/ikernutricionymass.com\\\/#website\"},\"primaryImageOfPage\":{\"@id\":\"https:\\\/\\\/ikernutricionymass.com\\\/producto\\\/balancing-cleanser-casmara-150ml\\\/#primaryimage\"},\"image\":{\"@id\":\"https:\\\/\\\/ikernutricionymass.com\\\/producto\\\/balancing-cleanser-casmara-150ml\\\/#primaryimage\"},\"thumbnailUrl\":\"https:\\\/\\\/ikernutricionymass.com\\\/wp-content\\\/uploads\\\/2024\\\/08\\\/BOTELLA-150ml_BALANCING_Cleansers-2022_WEB.webp\",\"datePublished\":\"2024-08-08T07:46:32+00:00\",\"dateModified\":\"2024-08-08T07:49:02+00:00\",\"breadcrumb\":{\"@id\":\"https:\\\/\\\/ikernutricionymass.com\\\/producto\\\/balancing-cleanser-casmara-150ml\\\/#breadcrumb\"},\"inLanguage\":\"eu\",\"potentialAction\":[{\"@type\":\"ReadAction\",\"target\":[\"https:\\\/\\\/ikernutricionymass.com\\\/producto\\\/balancing-cleanser-casmara-150ml\\\/\"]}]},{\"@type\":\"ImageObject\",\"inLanguage\":\"eu\",\"@id\":\"https:\\\/\\\/ikernutricionymass.com\\\/producto\\\/balancing-cleanser-casmara-150ml\\\/#primaryimage\",\"url\":\"https:\\\/\\\/ikernutricionymass.com\\\/wp-content\\\/uploads\\\/2024\\\/08\\\/BOTELLA-150ml_BALANCING_Cleansers-2022_WEB.webp\",\"contentUrl\":\"https:\\\/\\\/ikernutricionymass.com\\\/wp-content\\\/uploads\\\/2024\\\/08\\\/BOTELLA-150ml_BALANCING_Cleansers-2022_WEB.webp\",\"width\":1500,\"height\":1500},{\"@type\":\"BreadcrumbList\",\"@id\":\"https:\\\/\\\/ikernutricionymass.com\\\/producto\\\/balancing-cleanser-casmara-150ml\\\/#breadcrumb\",\"itemListElement\":[{\"@type\":\"ListItem\",\"position\":1,\"name\":\"Portada\",\"item\":\"https:\\\/\\\/ikernutricionymass.com\\\/\"},{\"@type\":\"ListItem\",\"position\":2,\"name\":\"Tienda\",\"item\":\"https:\\\/\\\/ikernutricionymass.com\\\/tienda\\\/\"},{\"@type\":\"ListItem\",\"position\":3,\"name\":\"BALANCING CLEANSER &#8211; CASMARA (150ML)\"}]},{\"@type\":\"WebSite\",\"@id\":\"https:\\\/\\\/ikernutricionymass.com\\\/#website\",\"url\":\"https:\\\/\\\/ikernutricionymass.com\\\/\",\"name\":\"Iker Nutrici\u00f3n y M\u00e1s\",\"description\":\"\",\"publisher\":{\"@id\":\"https:\\\/\\\/ikernutricionymass.com\\\/#organization\"},\"potentialAction\":[{\"@type\":\"SearchAction\",\"target\":{\"@type\":\"EntryPoint\",\"urlTemplate\":\"https:\\\/\\\/ikernutricionymass.com\\\/?s={search_term_string}\"},\"query-input\":{\"@type\":\"PropertyValueSpecification\",\"valueRequired\":true,\"valueName\":\"search_term_string\"}}],\"inLanguage\":\"eu\"},{\"@type\":\"Organization\",\"@id\":\"https:\\\/\\\/ikernutricionymass.com\\\/#organization\",\"name\":\"Iker Nutrici\u00f3n y M\u00e1s\",\"url\":\"https:\\\/\\\/ikernutricionymass.com\\\/\",\"logo\":{\"@type\":\"ImageObject\",\"inLanguage\":\"eu\",\"@id\":\"https:\\\/\\\/ikernutricionymass.com\\\/#\\\/schema\\\/logo\\\/image\\\/\",\"url\":\"https:\\\/\\\/ikernutricionymass.com\\\/wp-content\\\/uploads\\\/2024\\\/07\\\/cropped-IKER_NUTRICION_Y_MAS_-01.png\",\"contentUrl\":\"https:\\\/\\\/ikernutricionymass.com\\\/wp-content\\\/uploads\\\/2024\\\/07\\\/cropped-IKER_NUTRICION_Y_MAS_-01.png\",\"width\":1919,\"height\":1080,\"caption\":\"Iker Nutrici\u00f3n y M\u00e1s\"},\"image\":{\"@id\":\"https:\\\/\\\/ikernutricionymass.com\\\/#\\\/schema\\\/logo\\\/image\\\/\"}}]}<\/script>\n<!-- \/ Yoast SEO plugin. -->","yoast_head_json":{"title":"BALANCING CLEANSER - CASMARA (150ML) - Iker Nutrici\u00f3n y M\u00e1s","robots":{"index":"index","follow":"follow","max-snippet":"max-snippet:-1","max-image-preview":"max-image-preview:large","max-video-preview":"max-video-preview:-1"},"canonical":"https:\/\/ikernutricionymass.com\/eu\/produktua\/balancing-cleanser-casmara-150ml\/","og_locale":"en_US","og_type":"article","og_title":"BALANCING CLEANSER - CASMARA (150ML) - Iker Nutrici\u00f3n y M\u00e1s","og_description":"Descripci\u00f3n: Gel limpiador facial equilibrante multifunci\u00f3n\u00a0de textura fluida que limpia y equilibra la piel. Exclusiva f\u00f3rmula con acci\u00f3n\u00a03 en 1: limpia, desmaquilla y tonifica el rostro en 1 solo paso. Su cuidada f\u00f3rmula especial para piel sensible permite desmaquillar y\/o limpiar el contorno ocular sin resecar ni provocar rojeces o tirantez en la piel. Innovador [&hellip;]","og_url":"https:\/\/ikernutricionymass.com\/eu\/produktua\/balancing-cleanser-casmara-150ml\/","og_site_name":"Iker Nutrici\u00f3n y M\u00e1s","article_modified_time":"2024-08-08T07:49:02+00:00","og_image":[{"width":1500,"height":1500,"url":"https:\/\/ikernutricionymass.com\/wp-content\/uploads\/2024\/08\/BOTELLA-150ml_BALANCING_Cleansers-2022_WEB.webp","type":"image\/webp"}],"twitter_card":"summary_large_image","twitter_misc":{"Est. reading time":"1 minutua"},"schema":{"@context":"https:\/\/schema.org","@graph":[{"@type":"WebPage","@id":"https:\/\/ikernutricionymass.com\/producto\/balancing-cleanser-casmara-150ml\/","url":"https:\/\/ikernutricionymass.com\/producto\/balancing-cleanser-casmara-150ml\/","name":"BALANCING CLEANSER - CASMARA (150ML) - Iker Nutrici\u00f3n y M\u00e1s","isPartOf":{"@id":"https:\/\/ikernutricionymass.com\/#website"},"primaryImageOfPage":{"@id":"https:\/\/ikernutricionymass.com\/producto\/balancing-cleanser-casmara-150ml\/#primaryimage"},"image":{"@id":"https:\/\/ikernutricionymass.com\/producto\/balancing-cleanser-casmara-150ml\/#primaryimage"},"thumbnailUrl":"https:\/\/ikernutricionymass.com\/wp-content\/uploads\/2024\/08\/BOTELLA-150ml_BALANCING_Cleansers-2022_WEB.webp","datePublished":"2024-08-08T07:46:32+00:00","dateModified":"2024-08-08T07:49:02+00:00","breadcrumb":{"@id":"https:\/\/ikernutricionymass.com\/producto\/balancing-cleanser-casmara-150ml\/#breadcrumb"},"inLanguage":"eu","potentialAction":[{"@type":"ReadAction","target":["https:\/\/ikernutricionymass.com\/producto\/balancing-cleanser-casmara-150ml\/"]}]},{"@type":"ImageObject","inLanguage":"eu","@id":"https:\/\/ikernutricionymass.com\/producto\/balancing-cleanser-casmara-150ml\/#primaryimage","url":"https:\/\/ikernutricionymass.com\/wp-content\/uploads\/2024\/08\/BOTELLA-150ml_BALANCING_Cleansers-2022_WEB.webp","contentUrl":"https:\/\/ikernutricionymass.com\/wp-content\/uploads\/2024\/08\/BOTELLA-150ml_BALANCING_Cleansers-2022_WEB.webp","width":1500,"height":1500},{"@type":"BreadcrumbList","@id":"https:\/\/ikernutricionymass.com\/producto\/balancing-cleanser-casmara-150ml\/#breadcrumb","itemListElement":[{"@type":"ListItem","position":1,"name":"Portada","item":"https:\/\/ikernutricionymass.com\/"},{"@type":"ListItem","position":2,"name":"Tienda","item":"https:\/\/ikernutricionymass.com\/tienda\/"},{"@type":"ListItem","position":3,"name":"BALANCING CLEANSER &#8211; CASMARA (150ML)"}]},{"@type":"WebSite","@id":"https:\/\/ikernutricionymass.com\/#website","url":"https:\/\/ikernutricionymass.com\/","name":"Iker Nutrici\u00f3n y M\u00e1s","description":"","publisher":{"@id":"https:\/\/ikernutricionymass.com\/#organization"},"potentialAction":[{"@type":"SearchAction","target":{"@type":"EntryPoint","urlTemplate":"https:\/\/ikernutricionymass.com\/?s={search_term_string}"},"query-input":{"@type":"PropertyValueSpecification","valueRequired":true,"valueName":"search_term_string"}}],"inLanguage":"eu"},{"@type":"Organization","@id":"https:\/\/ikernutricionymass.com\/#organization","name":"Iker Nutrici\u00f3n y M\u00e1s","url":"https:\/\/ikernutricionymass.com\/","logo":{"@type":"ImageObject","inLanguage":"eu","@id":"https:\/\/ikernutricionymass.com\/#\/schema\/logo\/image\/","url":"https:\/\/ikernutricionymass.com\/wp-content\/uploads\/2024\/07\/cropped-IKER_NUTRICION_Y_MAS_-01.png","contentUrl":"https:\/\/ikernutricionymass.com\/wp-content\/uploads\/2024\/07\/cropped-IKER_NUTRICION_Y_MAS_-01.png","width":1919,"height":1080,"caption":"Iker Nutrici\u00f3n y M\u00e1s"},"image":{"@id":"https:\/\/ikernutricionymass.com\/#\/schema\/logo\/image\/"}}]}},"jetpack_sharing_enabled":true,"_links":{"self":[{"href":"https:\/\/ikernutricionymass.com\/eu\/wp-json\/wp\/v2\/product\/485","targetHints":{"allow":["GET"]}}],"collection":[{"href":"https:\/\/ikernutricionymass.com\/eu\/wp-json\/wp\/v2\/product"}],"about":[{"href":"https:\/\/ikernutricionymass.com\/eu\/wp-json\/wp\/v2\/types\/product"}],"replies":[{"embeddable":true,"href":"https:\/\/ikernutricionymass.com\/eu\/wp-json\/wp\/v2\/comments?post=485"}],"wp:featuredmedia":[{"embeddable":true,"href":"https:\/\/ikernutricionymass.com\/eu\/wp-json\/wp\/v2\/media\/486"}],"wp:attachment":[{"href":"https:\/\/ikernutricionymass.com\/eu\/wp-json\/wp\/v2\/media?parent=485"}],"wp:term":[{"taxonomy":"product_brand","embeddable":true,"href":"https:\/\/ikernutricionymass.com\/eu\/wp-json\/wp\/v2\/product_brand?post=485"},{"taxonomy":"product_cat","embeddable":true,"href":"https:\/\/ikernutricionymass.com\/eu\/wp-json\/wp\/v2\/product_cat?post=485"},{"taxonomy":"product_tag","embeddable":true,"href":"https:\/\/ikernutricionymass.com\/eu\/wp-json\/wp\/v2\/product_tag?post=485"}],"curies":[{"name":"wp","href":"https:\/\/api.w.org\/{rel}","templated":true}]}}