{"id":463,"date":"2024-08-07T14:48:16","date_gmt":"2024-08-07T14:48:16","guid":{"rendered":"https:\/\/ikernutricionymass.rkinformatika.online\/?post_type=product&#038;p=463"},"modified":"2024-09-18T08:38:17","modified_gmt":"2024-09-18T08:38:17","slug":"mattifying-set-hydro-casmara","status":"publish","type":"product","link":"https:\/\/ikernutricionymass.com\/eu\/produktua\/mattifying-set-hydro-casmara\/","title":{"rendered":"MATTIFYING SET HYDRO (CASMARA)"},"content":{"rendered":"<p><strong>Descripci\u00f3n<\/strong><\/p>\n<p>El cuidado perfecto para pieles mixtas, grasas o con tendencia acneica. Un tratamiento ideal matificante para un rostro deslumbrante y con textura uniforme.<\/p>\n<p><strong>\u00bfQu\u00e9 contiene este pack?<\/strong><\/p>\n<p><strong>Antiblemish cleanser:<\/strong>\u00a0Limpiador en espuma con acci\u00f3n seborreguladora que proporciona una limpieza profunda pero respetuosa con la piel.<\/p>\n<p><strong>HYDRO Sebo-Regulating Gel-Cream:\u00a0<\/strong>Cuidado espec\u00edfico para las pieles que sufren signos de disconfort y necesitan corregir y prevenir las imperfecciones asociadas a la piel grasa. Su exquisita textura de tacto seco proporciona un acabado reconfortante.<\/p>\n<p><strong>Shine stop sebocontrol (10ml):\u00a0<\/strong>Gel de cuidado intensivo con propiedades equilibrantes y astringentes para todo tipo de pieles con imperfecciones<br \/>\nlocalizadas.<\/p>","protected":false},"excerpt":{"rendered":"<p>Descripci\u00f3n El cuidado perfecto para pieles mixtas, grasas o con tendencia acneica. Un tratamiento ideal matificante para un rostro deslumbrante y con textura uniforme. \u00bfQu\u00e9 contiene este pack? Antiblemish cleanser:\u00a0Limpiador en espuma con acci\u00f3n seborreguladora que proporciona una limpieza profunda pero respetuosa con la piel. HYDRO Sebo-Regulating Gel-Cream:\u00a0Cuidado espec\u00edfico para las pieles que sufren signos [&hellip;]<\/p>\n","protected":false},"featured_media":469,"comment_status":"open","ping_status":"closed","template":"","meta":[],"product_brand":[],"product_cat":[26],"product_tag":[],"class_list":{"0":"post-463","1":"product","2":"type-product","3":"status-publish","4":"has-post-thumbnail","6":"product_cat-estetica","8":"first","9":"outofstock","10":"shipping-taxable","11":"purchasable","12":"product-type-simple"},"yoast_head":"<!-- This site is optimized with the Yoast SEO plugin v27.3 - https:\/\/yoast.com\/product\/yoast-seo-wordpress\/ -->\n<title>MATTIFYING SET HYDRO (CASMARA) - Iker Nutrici\u00f3n y M\u00e1s<\/title>\n<meta name=\"robots\" content=\"index, follow, max-snippet:-1, max-image-preview:large, max-video-preview:-1\" \/>\n<link rel=\"canonical\" href=\"https:\/\/ikernutricionymass.com\/eu\/produktua\/mattifying-set-hydro-casmara\/\" \/>\n<meta property=\"og:locale\" content=\"en_US\" \/>\n<meta property=\"og:type\" content=\"article\" \/>\n<meta property=\"og:title\" content=\"MATTIFYING SET HYDRO (CASMARA) - Iker Nutrici\u00f3n y M\u00e1s\" \/>\n<meta property=\"og:description\" content=\"Descripci\u00f3n El cuidado perfecto para pieles mixtas, grasas o con tendencia acneica. Un tratamiento ideal matificante para un rostro deslumbrante y con textura uniforme. \u00bfQu\u00e9 contiene este pack? Antiblemish cleanser:\u00a0Limpiador en espuma con acci\u00f3n seborreguladora que proporciona una limpieza profunda pero respetuosa con la piel. HYDRO Sebo-Regulating Gel-Cream:\u00a0Cuidado espec\u00edfico para las pieles que sufren signos [&hellip;]\" \/>\n<meta property=\"og:url\" content=\"https:\/\/ikernutricionymass.com\/eu\/produktua\/mattifying-set-hydro-casmara\/\" \/>\n<meta property=\"og:site_name\" content=\"Iker Nutrici\u00f3n y M\u00e1s\" \/>\n<meta property=\"article:modified_time\" content=\"2024-09-18T08:38:17+00:00\" \/>\n<meta property=\"og:image\" content=\"https:\/\/ikernutricionymass.com\/wp-content\/uploads\/2024\/08\/MOCK-UP-SHINE-STOP-SERUM-INDIV_WEB-1.webp\" \/>\n\t<meta property=\"og:image:width\" content=\"1500\" \/>\n\t<meta property=\"og:image:height\" content=\"1500\" \/>\n\t<meta property=\"og:image:type\" content=\"image\/webp\" \/>\n<meta name=\"twitter:card\" content=\"summary_large_image\" \/>\n<meta name=\"twitter:label1\" content=\"Est. reading time\" \/>\n\t<meta name=\"twitter:data1\" content=\"1 minutua\" \/>\n<script type=\"application\/ld+json\" class=\"yoast-schema-graph\">{\"@context\":\"https:\\\/\\\/schema.org\",\"@graph\":[{\"@type\":\"WebPage\",\"@id\":\"https:\\\/\\\/ikernutricionymass.com\\\/producto\\\/mattifying-set-hydro-casmara\\\/\",\"url\":\"https:\\\/\\\/ikernutricionymass.com\\\/producto\\\/mattifying-set-hydro-casmara\\\/\",\"name\":\"MATTIFYING SET HYDRO (CASMARA) - Iker Nutrici\u00f3n y M\u00e1s\",\"isPartOf\":{\"@id\":\"https:\\\/\\\/ikernutricionymass.com\\\/#website\"},\"primaryImageOfPage\":{\"@id\":\"https:\\\/\\\/ikernutricionymass.com\\\/producto\\\/mattifying-set-hydro-casmara\\\/#primaryimage\"},\"image\":{\"@id\":\"https:\\\/\\\/ikernutricionymass.com\\\/producto\\\/mattifying-set-hydro-casmara\\\/#primaryimage\"},\"thumbnailUrl\":\"https:\\\/\\\/ikernutricionymass.com\\\/wp-content\\\/uploads\\\/2024\\\/08\\\/MOCK-UP-SHINE-STOP-SERUM-INDIV_WEB-1.webp\",\"datePublished\":\"2024-08-07T14:48:16+00:00\",\"dateModified\":\"2024-09-18T08:38:17+00:00\",\"breadcrumb\":{\"@id\":\"https:\\\/\\\/ikernutricionymass.com\\\/producto\\\/mattifying-set-hydro-casmara\\\/#breadcrumb\"},\"inLanguage\":\"eu\",\"potentialAction\":[{\"@type\":\"ReadAction\",\"target\":[\"https:\\\/\\\/ikernutricionymass.com\\\/producto\\\/mattifying-set-hydro-casmara\\\/\"]}]},{\"@type\":\"ImageObject\",\"inLanguage\":\"eu\",\"@id\":\"https:\\\/\\\/ikernutricionymass.com\\\/producto\\\/mattifying-set-hydro-casmara\\\/#primaryimage\",\"url\":\"https:\\\/\\\/ikernutricionymass.com\\\/wp-content\\\/uploads\\\/2024\\\/08\\\/MOCK-UP-SHINE-STOP-SERUM-INDIV_WEB-1.webp\",\"contentUrl\":\"https:\\\/\\\/ikernutricionymass.com\\\/wp-content\\\/uploads\\\/2024\\\/08\\\/MOCK-UP-SHINE-STOP-SERUM-INDIV_WEB-1.webp\",\"width\":1500,\"height\":1500},{\"@type\":\"BreadcrumbList\",\"@id\":\"https:\\\/\\\/ikernutricionymass.com\\\/producto\\\/mattifying-set-hydro-casmara\\\/#breadcrumb\",\"itemListElement\":[{\"@type\":\"ListItem\",\"position\":1,\"name\":\"Portada\",\"item\":\"https:\\\/\\\/ikernutricionymass.com\\\/\"},{\"@type\":\"ListItem\",\"position\":2,\"name\":\"Tienda\",\"item\":\"https:\\\/\\\/ikernutricionymass.com\\\/tienda\\\/\"},{\"@type\":\"ListItem\",\"position\":3,\"name\":\"MATTIFYING SET HYDRO (CASMARA)\"}]},{\"@type\":\"WebSite\",\"@id\":\"https:\\\/\\\/ikernutricionymass.com\\\/#website\",\"url\":\"https:\\\/\\\/ikernutricionymass.com\\\/\",\"name\":\"Iker Nutrici\u00f3n y M\u00e1s\",\"description\":\"\",\"publisher\":{\"@id\":\"https:\\\/\\\/ikernutricionymass.com\\\/#organization\"},\"potentialAction\":[{\"@type\":\"SearchAction\",\"target\":{\"@type\":\"EntryPoint\",\"urlTemplate\":\"https:\\\/\\\/ikernutricionymass.com\\\/?s={search_term_string}\"},\"query-input\":{\"@type\":\"PropertyValueSpecification\",\"valueRequired\":true,\"valueName\":\"search_term_string\"}}],\"inLanguage\":\"eu\"},{\"@type\":\"Organization\",\"@id\":\"https:\\\/\\\/ikernutricionymass.com\\\/#organization\",\"name\":\"Iker Nutrici\u00f3n y M\u00e1s\",\"url\":\"https:\\\/\\\/ikernutricionymass.com\\\/\",\"logo\":{\"@type\":\"ImageObject\",\"inLanguage\":\"eu\",\"@id\":\"https:\\\/\\\/ikernutricionymass.com\\\/#\\\/schema\\\/logo\\\/image\\\/\",\"url\":\"https:\\\/\\\/ikernutricionymass.com\\\/wp-content\\\/uploads\\\/2024\\\/07\\\/cropped-IKER_NUTRICION_Y_MAS_-01.png\",\"contentUrl\":\"https:\\\/\\\/ikernutricionymass.com\\\/wp-content\\\/uploads\\\/2024\\\/07\\\/cropped-IKER_NUTRICION_Y_MAS_-01.png\",\"width\":1919,\"height\":1080,\"caption\":\"Iker Nutrici\u00f3n y M\u00e1s\"},\"image\":{\"@id\":\"https:\\\/\\\/ikernutricionymass.com\\\/#\\\/schema\\\/logo\\\/image\\\/\"}}]}<\/script>\n<!-- \/ Yoast SEO plugin. -->","yoast_head_json":{"title":"MATTIFYING SET HYDRO (CASMARA) - Iker Nutrici\u00f3n y M\u00e1s","robots":{"index":"index","follow":"follow","max-snippet":"max-snippet:-1","max-image-preview":"max-image-preview:large","max-video-preview":"max-video-preview:-1"},"canonical":"https:\/\/ikernutricionymass.com\/eu\/produktua\/mattifying-set-hydro-casmara\/","og_locale":"en_US","og_type":"article","og_title":"MATTIFYING SET HYDRO (CASMARA) - Iker Nutrici\u00f3n y M\u00e1s","og_description":"Descripci\u00f3n El cuidado perfecto para pieles mixtas, grasas o con tendencia acneica. Un tratamiento ideal matificante para un rostro deslumbrante y con textura uniforme. \u00bfQu\u00e9 contiene este pack? Antiblemish cleanser:\u00a0Limpiador en espuma con acci\u00f3n seborreguladora que proporciona una limpieza profunda pero respetuosa con la piel. HYDRO Sebo-Regulating Gel-Cream:\u00a0Cuidado espec\u00edfico para las pieles que sufren signos [&hellip;]","og_url":"https:\/\/ikernutricionymass.com\/eu\/produktua\/mattifying-set-hydro-casmara\/","og_site_name":"Iker Nutrici\u00f3n y M\u00e1s","article_modified_time":"2024-09-18T08:38:17+00:00","og_image":[{"width":1500,"height":1500,"url":"https:\/\/ikernutricionymass.com\/wp-content\/uploads\/2024\/08\/MOCK-UP-SHINE-STOP-SERUM-INDIV_WEB-1.webp","type":"image\/webp"}],"twitter_card":"summary_large_image","twitter_misc":{"Est. reading time":"1 minutua"},"schema":{"@context":"https:\/\/schema.org","@graph":[{"@type":"WebPage","@id":"https:\/\/ikernutricionymass.com\/producto\/mattifying-set-hydro-casmara\/","url":"https:\/\/ikernutricionymass.com\/producto\/mattifying-set-hydro-casmara\/","name":"MATTIFYING SET HYDRO (CASMARA) - Iker Nutrici\u00f3n y M\u00e1s","isPartOf":{"@id":"https:\/\/ikernutricionymass.com\/#website"},"primaryImageOfPage":{"@id":"https:\/\/ikernutricionymass.com\/producto\/mattifying-set-hydro-casmara\/#primaryimage"},"image":{"@id":"https:\/\/ikernutricionymass.com\/producto\/mattifying-set-hydro-casmara\/#primaryimage"},"thumbnailUrl":"https:\/\/ikernutricionymass.com\/wp-content\/uploads\/2024\/08\/MOCK-UP-SHINE-STOP-SERUM-INDIV_WEB-1.webp","datePublished":"2024-08-07T14:48:16+00:00","dateModified":"2024-09-18T08:38:17+00:00","breadcrumb":{"@id":"https:\/\/ikernutricionymass.com\/producto\/mattifying-set-hydro-casmara\/#breadcrumb"},"inLanguage":"eu","potentialAction":[{"@type":"ReadAction","target":["https:\/\/ikernutricionymass.com\/producto\/mattifying-set-hydro-casmara\/"]}]},{"@type":"ImageObject","inLanguage":"eu","@id":"https:\/\/ikernutricionymass.com\/producto\/mattifying-set-hydro-casmara\/#primaryimage","url":"https:\/\/ikernutricionymass.com\/wp-content\/uploads\/2024\/08\/MOCK-UP-SHINE-STOP-SERUM-INDIV_WEB-1.webp","contentUrl":"https:\/\/ikernutricionymass.com\/wp-content\/uploads\/2024\/08\/MOCK-UP-SHINE-STOP-SERUM-INDIV_WEB-1.webp","width":1500,"height":1500},{"@type":"BreadcrumbList","@id":"https:\/\/ikernutricionymass.com\/producto\/mattifying-set-hydro-casmara\/#breadcrumb","itemListElement":[{"@type":"ListItem","position":1,"name":"Portada","item":"https:\/\/ikernutricionymass.com\/"},{"@type":"ListItem","position":2,"name":"Tienda","item":"https:\/\/ikernutricionymass.com\/tienda\/"},{"@type":"ListItem","position":3,"name":"MATTIFYING SET HYDRO (CASMARA)"}]},{"@type":"WebSite","@id":"https:\/\/ikernutricionymass.com\/#website","url":"https:\/\/ikernutricionymass.com\/","name":"Iker Nutrici\u00f3n y M\u00e1s","description":"","publisher":{"@id":"https:\/\/ikernutricionymass.com\/#organization"},"potentialAction":[{"@type":"SearchAction","target":{"@type":"EntryPoint","urlTemplate":"https:\/\/ikernutricionymass.com\/?s={search_term_string}"},"query-input":{"@type":"PropertyValueSpecification","valueRequired":true,"valueName":"search_term_string"}}],"inLanguage":"eu"},{"@type":"Organization","@id":"https:\/\/ikernutricionymass.com\/#organization","name":"Iker Nutrici\u00f3n y M\u00e1s","url":"https:\/\/ikernutricionymass.com\/","logo":{"@type":"ImageObject","inLanguage":"eu","@id":"https:\/\/ikernutricionymass.com\/#\/schema\/logo\/image\/","url":"https:\/\/ikernutricionymass.com\/wp-content\/uploads\/2024\/07\/cropped-IKER_NUTRICION_Y_MAS_-01.png","contentUrl":"https:\/\/ikernutricionymass.com\/wp-content\/uploads\/2024\/07\/cropped-IKER_NUTRICION_Y_MAS_-01.png","width":1919,"height":1080,"caption":"Iker Nutrici\u00f3n y M\u00e1s"},"image":{"@id":"https:\/\/ikernutricionymass.com\/#\/schema\/logo\/image\/"}}]}},"jetpack_sharing_enabled":true,"_links":{"self":[{"href":"https:\/\/ikernutricionymass.com\/eu\/wp-json\/wp\/v2\/product\/463","targetHints":{"allow":["GET"]}}],"collection":[{"href":"https:\/\/ikernutricionymass.com\/eu\/wp-json\/wp\/v2\/product"}],"about":[{"href":"https:\/\/ikernutricionymass.com\/eu\/wp-json\/wp\/v2\/types\/product"}],"replies":[{"embeddable":true,"href":"https:\/\/ikernutricionymass.com\/eu\/wp-json\/wp\/v2\/comments?post=463"}],"wp:featuredmedia":[{"embeddable":true,"href":"https:\/\/ikernutricionymass.com\/eu\/wp-json\/wp\/v2\/media\/469"}],"wp:attachment":[{"href":"https:\/\/ikernutricionymass.com\/eu\/wp-json\/wp\/v2\/media?parent=463"}],"wp:term":[{"taxonomy":"product_brand","embeddable":true,"href":"https:\/\/ikernutricionymass.com\/eu\/wp-json\/wp\/v2\/product_brand?post=463"},{"taxonomy":"product_cat","embeddable":true,"href":"https:\/\/ikernutricionymass.com\/eu\/wp-json\/wp\/v2\/product_cat?post=463"},{"taxonomy":"product_tag","embeddable":true,"href":"https:\/\/ikernutricionymass.com\/eu\/wp-json\/wp\/v2\/product_tag?post=463"}],"curies":[{"name":"wp","href":"https:\/\/api.w.org\/{rel}","templated":true}]}}