{"id":2058,"date":"2025-03-21T16:56:01","date_gmt":"2025-03-21T16:56:01","guid":{"rendered":"https:\/\/ikernutricionymass.com\/?post_type=product&#038;p=2058"},"modified":"2026-02-17T00:18:48","modified_gmt":"2026-02-17T00:18:48","slug":"turmeric-60-caps-scientiffic","status":"publish","type":"product","link":"https:\/\/ikernutricionymass.com\/eu\/produktua\/turmeric-60-caps-scientiffic\/","title":{"rendered":"TURMERIC 60 CAPS. (SCIENTIFFIC)"},"content":{"rendered":"<p>C\u00farcuma.<br \/>\nBioperine\u00ae (Compuesto patentado): 95% de bioperina (alcaloide extra\u00eddo de la pimienta negra)<br \/>\nJengibre y vitamina C<br \/>\nEfectos antiinflamatorios y antioxidantes.<br \/>\nAyuda a prevenir el envejecimiento celular.<br \/>\nPuede contribuir en la mejora de ciertas dolencias inflamatorias.<br \/>\nContribuye a una \u00f3ptima salud del sistema respiratorio y digestivo.<br \/>\nFavorece el buen funcionamiento del metabolismo energ\u00e9tico gracias a sus cualidades termog\u00e9nicas.<br \/>\nIdeal tanto para deportistas profesionales como para personas activas.<\/p>","protected":false},"excerpt":{"rendered":"<p>Contribuye a la reducci\u00f3n de la inflamaci\u00f3n provocada por el deporte y la actividad diaria. Ayuda a prevenir el envejecimiento celular. Favorece el buen funcionamiento del metabolismo energ\u00e9tico.<\/p>","protected":false},"featured_media":2059,"comment_status":"open","ping_status":"closed","template":"","meta":[],"product_brand":[],"product_cat":[33],"product_tag":[],"class_list":{"0":"post-2058","1":"product","2":"type-product","3":"status-publish","4":"has-post-thumbnail","6":"product_cat-salud-y-bienestar","8":"first","9":"instock","10":"shipping-taxable","11":"purchasable","12":"product-type-simple"},"yoast_head":"<!-- This site is optimized with the Yoast SEO plugin v27.3 - https:\/\/yoast.com\/product\/yoast-seo-wordpress\/ -->\n<title>TURMERIC 60 CAPS. (SCIENTIFFIC) - Iker Nutrici\u00f3n y M\u00e1s<\/title>\n<meta name=\"robots\" content=\"index, follow, max-snippet:-1, max-image-preview:large, max-video-preview:-1\" \/>\n<link rel=\"canonical\" href=\"https:\/\/ikernutricionymass.com\/eu\/produktua\/turmeric-60-caps-scientiffic\/\" \/>\n<meta property=\"og:locale\" content=\"en_US\" \/>\n<meta property=\"og:type\" content=\"article\" \/>\n<meta property=\"og:title\" content=\"TURMERIC 60 CAPS. (SCIENTIFFIC) - Iker Nutrici\u00f3n y M\u00e1s\" \/>\n<meta property=\"og:description\" content=\"Contribuye a la reducci\u00f3n de la inflamaci\u00f3n provocada por el deporte y la actividad diaria. Ayuda a prevenir el envejecimiento celular. Favorece el buen funcionamiento del metabolismo energ\u00e9tico.\" \/>\n<meta property=\"og:url\" content=\"https:\/\/ikernutricionymass.com\/eu\/produktua\/turmeric-60-caps-scientiffic\/\" \/>\n<meta property=\"og:site_name\" content=\"Iker Nutrici\u00f3n y M\u00e1s\" \/>\n<meta property=\"article:modified_time\" content=\"2026-02-17T00:18:48+00:00\" \/>\n<meta property=\"og:image\" content=\"https:\/\/ikernutricionymass.com\/wp-content\/uploads\/2025\/03\/33.Turmeric.webp\" \/>\n\t<meta property=\"og:image:width\" content=\"730\" \/>\n\t<meta property=\"og:image:height\" content=\"760\" \/>\n\t<meta property=\"og:image:type\" content=\"image\/webp\" \/>\n<meta name=\"twitter:card\" content=\"summary_large_image\" \/>\n<meta name=\"twitter:label1\" content=\"Est. reading time\" \/>\n\t<meta name=\"twitter:data1\" content=\"1 minutua\" \/>\n<script type=\"application\/ld+json\" class=\"yoast-schema-graph\">{\"@context\":\"https:\\\/\\\/schema.org\",\"@graph\":[{\"@type\":\"WebPage\",\"@id\":\"https:\\\/\\\/ikernutricionymass.com\\\/producto\\\/turmeric-60-caps-scientiffic\\\/\",\"url\":\"https:\\\/\\\/ikernutricionymass.com\\\/producto\\\/turmeric-60-caps-scientiffic\\\/\",\"name\":\"TURMERIC 60 CAPS. (SCIENTIFFIC) - Iker Nutrici\u00f3n y M\u00e1s\",\"isPartOf\":{\"@id\":\"https:\\\/\\\/ikernutricionymass.com\\\/#website\"},\"primaryImageOfPage\":{\"@id\":\"https:\\\/\\\/ikernutricionymass.com\\\/producto\\\/turmeric-60-caps-scientiffic\\\/#primaryimage\"},\"image\":{\"@id\":\"https:\\\/\\\/ikernutricionymass.com\\\/producto\\\/turmeric-60-caps-scientiffic\\\/#primaryimage\"},\"thumbnailUrl\":\"https:\\\/\\\/ikernutricionymass.com\\\/wp-content\\\/uploads\\\/2025\\\/03\\\/33.Turmeric.webp\",\"datePublished\":\"2025-03-21T16:56:01+00:00\",\"dateModified\":\"2026-02-17T00:18:48+00:00\",\"breadcrumb\":{\"@id\":\"https:\\\/\\\/ikernutricionymass.com\\\/producto\\\/turmeric-60-caps-scientiffic\\\/#breadcrumb\"},\"inLanguage\":\"eu\",\"potentialAction\":[{\"@type\":\"ReadAction\",\"target\":[\"https:\\\/\\\/ikernutricionymass.com\\\/producto\\\/turmeric-60-caps-scientiffic\\\/\"]}]},{\"@type\":\"ImageObject\",\"inLanguage\":\"eu\",\"@id\":\"https:\\\/\\\/ikernutricionymass.com\\\/producto\\\/turmeric-60-caps-scientiffic\\\/#primaryimage\",\"url\":\"https:\\\/\\\/ikernutricionymass.com\\\/wp-content\\\/uploads\\\/2025\\\/03\\\/33.Turmeric.webp\",\"contentUrl\":\"https:\\\/\\\/ikernutricionymass.com\\\/wp-content\\\/uploads\\\/2025\\\/03\\\/33.Turmeric.webp\",\"width\":730,\"height\":760},{\"@type\":\"BreadcrumbList\",\"@id\":\"https:\\\/\\\/ikernutricionymass.com\\\/producto\\\/turmeric-60-caps-scientiffic\\\/#breadcrumb\",\"itemListElement\":[{\"@type\":\"ListItem\",\"position\":1,\"name\":\"Portada\",\"item\":\"https:\\\/\\\/ikernutricionymass.com\\\/\"},{\"@type\":\"ListItem\",\"position\":2,\"name\":\"Tienda\",\"item\":\"https:\\\/\\\/ikernutricionymass.com\\\/tienda\\\/\"},{\"@type\":\"ListItem\",\"position\":3,\"name\":\"TURMERIC 60 CAPS. (SCIENTIFFIC)\"}]},{\"@type\":\"WebSite\",\"@id\":\"https:\\\/\\\/ikernutricionymass.com\\\/#website\",\"url\":\"https:\\\/\\\/ikernutricionymass.com\\\/\",\"name\":\"Iker Nutrici\u00f3n y M\u00e1s\",\"description\":\"\",\"publisher\":{\"@id\":\"https:\\\/\\\/ikernutricionymass.com\\\/#organization\"},\"potentialAction\":[{\"@type\":\"SearchAction\",\"target\":{\"@type\":\"EntryPoint\",\"urlTemplate\":\"https:\\\/\\\/ikernutricionymass.com\\\/?s={search_term_string}\"},\"query-input\":{\"@type\":\"PropertyValueSpecification\",\"valueRequired\":true,\"valueName\":\"search_term_string\"}}],\"inLanguage\":\"eu\"},{\"@type\":\"Organization\",\"@id\":\"https:\\\/\\\/ikernutricionymass.com\\\/#organization\",\"name\":\"Iker Nutrici\u00f3n y M\u00e1s\",\"url\":\"https:\\\/\\\/ikernutricionymass.com\\\/\",\"logo\":{\"@type\":\"ImageObject\",\"inLanguage\":\"eu\",\"@id\":\"https:\\\/\\\/ikernutricionymass.com\\\/#\\\/schema\\\/logo\\\/image\\\/\",\"url\":\"https:\\\/\\\/ikernutricionymass.com\\\/wp-content\\\/uploads\\\/2024\\\/07\\\/cropped-IKER_NUTRICION_Y_MAS_-01.png\",\"contentUrl\":\"https:\\\/\\\/ikernutricionymass.com\\\/wp-content\\\/uploads\\\/2024\\\/07\\\/cropped-IKER_NUTRICION_Y_MAS_-01.png\",\"width\":1919,\"height\":1080,\"caption\":\"Iker Nutrici\u00f3n y M\u00e1s\"},\"image\":{\"@id\":\"https:\\\/\\\/ikernutricionymass.com\\\/#\\\/schema\\\/logo\\\/image\\\/\"}}]}<\/script>\n<!-- \/ Yoast SEO plugin. -->","yoast_head_json":{"title":"TURMERIC 60 CAPS. (SCIENTIFFIC) - Iker Nutrici\u00f3n y M\u00e1s","robots":{"index":"index","follow":"follow","max-snippet":"max-snippet:-1","max-image-preview":"max-image-preview:large","max-video-preview":"max-video-preview:-1"},"canonical":"https:\/\/ikernutricionymass.com\/eu\/produktua\/turmeric-60-caps-scientiffic\/","og_locale":"en_US","og_type":"article","og_title":"TURMERIC 60 CAPS. (SCIENTIFFIC) - Iker Nutrici\u00f3n y M\u00e1s","og_description":"Contribuye a la reducci\u00f3n de la inflamaci\u00f3n provocada por el deporte y la actividad diaria. Ayuda a prevenir el envejecimiento celular. Favorece el buen funcionamiento del metabolismo energ\u00e9tico.","og_url":"https:\/\/ikernutricionymass.com\/eu\/produktua\/turmeric-60-caps-scientiffic\/","og_site_name":"Iker Nutrici\u00f3n y M\u00e1s","article_modified_time":"2026-02-17T00:18:48+00:00","og_image":[{"width":730,"height":760,"url":"https:\/\/ikernutricionymass.com\/wp-content\/uploads\/2025\/03\/33.Turmeric.webp","type":"image\/webp"}],"twitter_card":"summary_large_image","twitter_misc":{"Est. reading time":"1 minutua"},"schema":{"@context":"https:\/\/schema.org","@graph":[{"@type":"WebPage","@id":"https:\/\/ikernutricionymass.com\/producto\/turmeric-60-caps-scientiffic\/","url":"https:\/\/ikernutricionymass.com\/producto\/turmeric-60-caps-scientiffic\/","name":"TURMERIC 60 CAPS. (SCIENTIFFIC) - Iker Nutrici\u00f3n y M\u00e1s","isPartOf":{"@id":"https:\/\/ikernutricionymass.com\/#website"},"primaryImageOfPage":{"@id":"https:\/\/ikernutricionymass.com\/producto\/turmeric-60-caps-scientiffic\/#primaryimage"},"image":{"@id":"https:\/\/ikernutricionymass.com\/producto\/turmeric-60-caps-scientiffic\/#primaryimage"},"thumbnailUrl":"https:\/\/ikernutricionymass.com\/wp-content\/uploads\/2025\/03\/33.Turmeric.webp","datePublished":"2025-03-21T16:56:01+00:00","dateModified":"2026-02-17T00:18:48+00:00","breadcrumb":{"@id":"https:\/\/ikernutricionymass.com\/producto\/turmeric-60-caps-scientiffic\/#breadcrumb"},"inLanguage":"eu","potentialAction":[{"@type":"ReadAction","target":["https:\/\/ikernutricionymass.com\/producto\/turmeric-60-caps-scientiffic\/"]}]},{"@type":"ImageObject","inLanguage":"eu","@id":"https:\/\/ikernutricionymass.com\/producto\/turmeric-60-caps-scientiffic\/#primaryimage","url":"https:\/\/ikernutricionymass.com\/wp-content\/uploads\/2025\/03\/33.Turmeric.webp","contentUrl":"https:\/\/ikernutricionymass.com\/wp-content\/uploads\/2025\/03\/33.Turmeric.webp","width":730,"height":760},{"@type":"BreadcrumbList","@id":"https:\/\/ikernutricionymass.com\/producto\/turmeric-60-caps-scientiffic\/#breadcrumb","itemListElement":[{"@type":"ListItem","position":1,"name":"Portada","item":"https:\/\/ikernutricionymass.com\/"},{"@type":"ListItem","position":2,"name":"Tienda","item":"https:\/\/ikernutricionymass.com\/tienda\/"},{"@type":"ListItem","position":3,"name":"TURMERIC 60 CAPS. (SCIENTIFFIC)"}]},{"@type":"WebSite","@id":"https:\/\/ikernutricionymass.com\/#website","url":"https:\/\/ikernutricionymass.com\/","name":"Iker Nutrici\u00f3n y M\u00e1s","description":"","publisher":{"@id":"https:\/\/ikernutricionymass.com\/#organization"},"potentialAction":[{"@type":"SearchAction","target":{"@type":"EntryPoint","urlTemplate":"https:\/\/ikernutricionymass.com\/?s={search_term_string}"},"query-input":{"@type":"PropertyValueSpecification","valueRequired":true,"valueName":"search_term_string"}}],"inLanguage":"eu"},{"@type":"Organization","@id":"https:\/\/ikernutricionymass.com\/#organization","name":"Iker Nutrici\u00f3n y M\u00e1s","url":"https:\/\/ikernutricionymass.com\/","logo":{"@type":"ImageObject","inLanguage":"eu","@id":"https:\/\/ikernutricionymass.com\/#\/schema\/logo\/image\/","url":"https:\/\/ikernutricionymass.com\/wp-content\/uploads\/2024\/07\/cropped-IKER_NUTRICION_Y_MAS_-01.png","contentUrl":"https:\/\/ikernutricionymass.com\/wp-content\/uploads\/2024\/07\/cropped-IKER_NUTRICION_Y_MAS_-01.png","width":1919,"height":1080,"caption":"Iker Nutrici\u00f3n y M\u00e1s"},"image":{"@id":"https:\/\/ikernutricionymass.com\/#\/schema\/logo\/image\/"}}]}},"jetpack_sharing_enabled":true,"_links":{"self":[{"href":"https:\/\/ikernutricionymass.com\/eu\/wp-json\/wp\/v2\/product\/2058","targetHints":{"allow":["GET"]}}],"collection":[{"href":"https:\/\/ikernutricionymass.com\/eu\/wp-json\/wp\/v2\/product"}],"about":[{"href":"https:\/\/ikernutricionymass.com\/eu\/wp-json\/wp\/v2\/types\/product"}],"replies":[{"embeddable":true,"href":"https:\/\/ikernutricionymass.com\/eu\/wp-json\/wp\/v2\/comments?post=2058"}],"wp:featuredmedia":[{"embeddable":true,"href":"https:\/\/ikernutricionymass.com\/eu\/wp-json\/wp\/v2\/media\/2059"}],"wp:attachment":[{"href":"https:\/\/ikernutricionymass.com\/eu\/wp-json\/wp\/v2\/media?parent=2058"}],"wp:term":[{"taxonomy":"product_brand","embeddable":true,"href":"https:\/\/ikernutricionymass.com\/eu\/wp-json\/wp\/v2\/product_brand?post=2058"},{"taxonomy":"product_cat","embeddable":true,"href":"https:\/\/ikernutricionymass.com\/eu\/wp-json\/wp\/v2\/product_cat?post=2058"},{"taxonomy":"product_tag","embeddable":true,"href":"https:\/\/ikernutricionymass.com\/eu\/wp-json\/wp\/v2\/product_tag?post=2058"}],"curies":[{"name":"wp","href":"https:\/\/api.w.org\/{rel}","templated":true}]}}