{"id":2018,"date":"2025-03-21T09:54:56","date_gmt":"2025-03-21T09:54:56","guid":{"rendered":"https:\/\/ikernutricionymass.com\/?post_type=product&#038;p=2018"},"modified":"2025-03-21T09:56:25","modified_gmt":"2025-03-21T09:56:25","slug":"vitalife","status":"publish","type":"product","link":"https:\/\/ikernutricionymass.com\/eu\/produktua\/vitalife\/","title":{"rendered":"VITALIFE"},"content":{"rendered":"<p>Vitalife contiene vitaminas, minerales y antioxidantes. Las vitaminas son un grupo de sustancias que son necesarias para el funcionamiento celular, el crecimiento y el desarrollo normales. La vitamina A ayuda a la formaci\u00f3n y al mantenimiento de las membranas mucosas y piel saludable. Contribuye al proceso de diferenciaci\u00f3n celular, al funcionamiento normal del sistema inmunitario, al mantenimiento de la visi\u00f3n, las mucosas y la piel en condiciones normales.<\/p>\n<p>Vitalife contiene todo el grupo de vitamina B al completo, la Vitamina B2, B6 y B12 posee funciones como ayudar a formar gl\u00f3bulos rojos. Concretamente la vitamina B1 contribuye al metabolismo energ\u00e9tico normal, al funcionamiento normal del coraz\u00f3n y del sistema nervioso. La Vitamina B6 ayuda a regular la actividad hormonal y contribuye al funcionamiento normal del sistema inmunitario, a la funci\u00f3n psicol\u00f3gica normal, al funcionamiento normal del sistema nervioso, al metabolismo normal de la homociste\u00edna, de las prote\u00ednas y del gluc\u00f3geno. Tambi\u00e9n ayuda a disminuir el cansancio y la fatiga.<\/p>\n<p>Vitalife contiene vitamina C, la cual es un antioxidante contribuye a la formaci\u00f3n normal de col\u00e1geno para el funcionamiento normal de los dientes ya la formaci\u00f3n normal de col\u00e1geno para el funcionamiento normal de las enc\u00edas. Esta vitamina ayuda al cuerpo, absorber el hierro y mantener el tejido saludable. Tambi\u00e9n es esencial para la cicatrizaci\u00f3n de las heridas. La Vitamina C ayuda a disminuir el cansancio y la fatiga, a regenerar de forma reducida. La Vitamina E mejora la absorci\u00f3n del hierro y contribuye a la protecci\u00f3n de las c\u00e9lulas frente al da\u00f1o oxidativo. La vitamina D es muy dif\u00edcil de conseguir \u00fanicamente desde fuentes alimenticias y es muy importante porque ayuda a absorber el calcio y contribuye a al proceso de divisi\u00f3n celular, al funcionamiento normal del sistema inmunitario al mantenimiento de los dientes en condiciones normales y al funcionamiento normal de los m\u00fasculos. Vitalife contiene numerosos minerales muy importantes para el organismo. Contiene el calcio, hierro, magnesio, zinc, selenio, cobre, manganeso, cromo, potasio, f\u00f3sforo, yodo. Todo ellos tienen funciones muy importantes y esenciales. Contiene Espirulina, Jalea Real, \u00c1cido Hialur\u00f3nico, Extracto de Olivo, Jengibre, Alga Kelp, Glutation Reducido, \u00c1cido Alfa, Lipoico, Lute\u00edna, Coenzima Q10, Resveratrol, Licopeno.<\/p>\n<p>&nbsp;<\/p>\n<p>Modo de empleo<br \/>\nTomar 2 c\u00e1psulas al d\u00eda con el desayuno.<\/p>","protected":false},"excerpt":{"rendered":"<p>VITALIFE es un complejo vitam\u00ednico y mineral, con antioxidantes e ingredientes contra radicales libres. Todos en la combinaci\u00f3n ideal, constituyen una eficaz f\u00f3rmula de alto rendimiento. Complemento de amplio espectro con ingredientes como la Lute\u00edna, \u00c1cido \u00c1lfa Lip\u00f3ico, Licopeno y Resveratrol. Lo hacen especial por su contenido en Jalea Real, Coenzima Q10 y Glutation Reducido.<\/p>","protected":false},"featured_media":2019,"comment_status":"open","ping_status":"closed","template":"","meta":[],"product_brand":[],"product_cat":[33,35],"product_tag":[],"class_list":{"0":"post-2018","1":"product","2":"type-product","3":"status-publish","4":"has-post-thumbnail","6":"product_cat-salud-y-bienestar","7":"product_cat-vitaminas-y-minerales","9":"first","10":"instock","11":"shipping-taxable","12":"purchasable","13":"product-type-simple"},"yoast_head":"<!-- This site is optimized with the Yoast SEO plugin v27.3 - https:\/\/yoast.com\/product\/yoast-seo-wordpress\/ -->\n<title>VITALIFE - Iker Nutrici\u00f3n y M\u00e1s<\/title>\n<meta name=\"robots\" content=\"index, follow, max-snippet:-1, max-image-preview:large, max-video-preview:-1\" \/>\n<link rel=\"canonical\" href=\"https:\/\/ikernutricionymass.com\/eu\/produktua\/vitalife\/\" \/>\n<meta property=\"og:locale\" content=\"en_US\" \/>\n<meta property=\"og:type\" content=\"article\" \/>\n<meta property=\"og:title\" content=\"VITALIFE - Iker Nutrici\u00f3n y M\u00e1s\" \/>\n<meta property=\"og:description\" content=\"VITALIFE es un complejo vitam\u00ednico y mineral, con antioxidantes e ingredientes contra radicales libres. Todos en la combinaci\u00f3n ideal, constituyen una eficaz f\u00f3rmula de alto rendimiento. Complemento de amplio espectro con ingredientes como la Lute\u00edna, \u00c1cido \u00c1lfa Lip\u00f3ico, Licopeno y Resveratrol. Lo hacen especial por su contenido en Jalea Real, Coenzima Q10 y Glutation Reducido.\" \/>\n<meta property=\"og:url\" content=\"https:\/\/ikernutricionymass.com\/eu\/produktua\/vitalife\/\" \/>\n<meta property=\"og:site_name\" content=\"Iker Nutrici\u00f3n y M\u00e1s\" \/>\n<meta property=\"article:modified_time\" content=\"2025-03-21T09:56:25+00:00\" \/>\n<meta property=\"og:image\" content=\"https:\/\/ikernutricionymass.com\/wp-content\/uploads\/2025\/03\/vitalife.png\" \/>\n\t<meta property=\"og:image:width\" content=\"900\" \/>\n\t<meta property=\"og:image:height\" content=\"1100\" \/>\n\t<meta property=\"og:image:type\" content=\"image\/png\" \/>\n<meta name=\"twitter:card\" content=\"summary_large_image\" \/>\n<meta name=\"twitter:label1\" content=\"Est. reading time\" \/>\n\t<meta name=\"twitter:data1\" content=\"2 minutua\" \/>\n<script type=\"application\/ld+json\" class=\"yoast-schema-graph\">{\"@context\":\"https:\\\/\\\/schema.org\",\"@graph\":[{\"@type\":\"WebPage\",\"@id\":\"https:\\\/\\\/ikernutricionymass.com\\\/producto\\\/vitalife\\\/\",\"url\":\"https:\\\/\\\/ikernutricionymass.com\\\/producto\\\/vitalife\\\/\",\"name\":\"VITALIFE - Iker Nutrici\u00f3n y M\u00e1s\",\"isPartOf\":{\"@id\":\"https:\\\/\\\/ikernutricionymass.com\\\/#website\"},\"primaryImageOfPage\":{\"@id\":\"https:\\\/\\\/ikernutricionymass.com\\\/producto\\\/vitalife\\\/#primaryimage\"},\"image\":{\"@id\":\"https:\\\/\\\/ikernutricionymass.com\\\/producto\\\/vitalife\\\/#primaryimage\"},\"thumbnailUrl\":\"https:\\\/\\\/ikernutricionymass.com\\\/wp-content\\\/uploads\\\/2025\\\/03\\\/vitalife.png\",\"datePublished\":\"2025-03-21T09:54:56+00:00\",\"dateModified\":\"2025-03-21T09:56:25+00:00\",\"breadcrumb\":{\"@id\":\"https:\\\/\\\/ikernutricionymass.com\\\/producto\\\/vitalife\\\/#breadcrumb\"},\"inLanguage\":\"eu\",\"potentialAction\":[{\"@type\":\"ReadAction\",\"target\":[\"https:\\\/\\\/ikernutricionymass.com\\\/producto\\\/vitalife\\\/\"]}]},{\"@type\":\"ImageObject\",\"inLanguage\":\"eu\",\"@id\":\"https:\\\/\\\/ikernutricionymass.com\\\/producto\\\/vitalife\\\/#primaryimage\",\"url\":\"https:\\\/\\\/ikernutricionymass.com\\\/wp-content\\\/uploads\\\/2025\\\/03\\\/vitalife.png\",\"contentUrl\":\"https:\\\/\\\/ikernutricionymass.com\\\/wp-content\\\/uploads\\\/2025\\\/03\\\/vitalife.png\",\"width\":900,\"height\":1100},{\"@type\":\"BreadcrumbList\",\"@id\":\"https:\\\/\\\/ikernutricionymass.com\\\/producto\\\/vitalife\\\/#breadcrumb\",\"itemListElement\":[{\"@type\":\"ListItem\",\"position\":1,\"name\":\"Portada\",\"item\":\"https:\\\/\\\/ikernutricionymass.com\\\/\"},{\"@type\":\"ListItem\",\"position\":2,\"name\":\"Tienda\",\"item\":\"https:\\\/\\\/ikernutricionymass.com\\\/tienda\\\/\"},{\"@type\":\"ListItem\",\"position\":3,\"name\":\"VITALIFE\"}]},{\"@type\":\"WebSite\",\"@id\":\"https:\\\/\\\/ikernutricionymass.com\\\/#website\",\"url\":\"https:\\\/\\\/ikernutricionymass.com\\\/\",\"name\":\"Iker Nutrici\u00f3n y M\u00e1s\",\"description\":\"\",\"publisher\":{\"@id\":\"https:\\\/\\\/ikernutricionymass.com\\\/#organization\"},\"potentialAction\":[{\"@type\":\"SearchAction\",\"target\":{\"@type\":\"EntryPoint\",\"urlTemplate\":\"https:\\\/\\\/ikernutricionymass.com\\\/?s={search_term_string}\"},\"query-input\":{\"@type\":\"PropertyValueSpecification\",\"valueRequired\":true,\"valueName\":\"search_term_string\"}}],\"inLanguage\":\"eu\"},{\"@type\":\"Organization\",\"@id\":\"https:\\\/\\\/ikernutricionymass.com\\\/#organization\",\"name\":\"Iker Nutrici\u00f3n y M\u00e1s\",\"url\":\"https:\\\/\\\/ikernutricionymass.com\\\/\",\"logo\":{\"@type\":\"ImageObject\",\"inLanguage\":\"eu\",\"@id\":\"https:\\\/\\\/ikernutricionymass.com\\\/#\\\/schema\\\/logo\\\/image\\\/\",\"url\":\"https:\\\/\\\/ikernutricionymass.com\\\/wp-content\\\/uploads\\\/2024\\\/07\\\/cropped-IKER_NUTRICION_Y_MAS_-01.png\",\"contentUrl\":\"https:\\\/\\\/ikernutricionymass.com\\\/wp-content\\\/uploads\\\/2024\\\/07\\\/cropped-IKER_NUTRICION_Y_MAS_-01.png\",\"width\":1919,\"height\":1080,\"caption\":\"Iker Nutrici\u00f3n y M\u00e1s\"},\"image\":{\"@id\":\"https:\\\/\\\/ikernutricionymass.com\\\/#\\\/schema\\\/logo\\\/image\\\/\"}}]}<\/script>\n<!-- \/ Yoast SEO plugin. -->","yoast_head_json":{"title":"VITALIFE - Iker Nutrici\u00f3n y M\u00e1s","robots":{"index":"index","follow":"follow","max-snippet":"max-snippet:-1","max-image-preview":"max-image-preview:large","max-video-preview":"max-video-preview:-1"},"canonical":"https:\/\/ikernutricionymass.com\/eu\/produktua\/vitalife\/","og_locale":"en_US","og_type":"article","og_title":"VITALIFE - Iker Nutrici\u00f3n y M\u00e1s","og_description":"VITALIFE es un complejo vitam\u00ednico y mineral, con antioxidantes e ingredientes contra radicales libres. Todos en la combinaci\u00f3n ideal, constituyen una eficaz f\u00f3rmula de alto rendimiento. Complemento de amplio espectro con ingredientes como la Lute\u00edna, \u00c1cido \u00c1lfa Lip\u00f3ico, Licopeno y Resveratrol. Lo hacen especial por su contenido en Jalea Real, Coenzima Q10 y Glutation Reducido.","og_url":"https:\/\/ikernutricionymass.com\/eu\/produktua\/vitalife\/","og_site_name":"Iker Nutrici\u00f3n y M\u00e1s","article_modified_time":"2025-03-21T09:56:25+00:00","og_image":[{"width":900,"height":1100,"url":"https:\/\/ikernutricionymass.com\/wp-content\/uploads\/2025\/03\/vitalife.png","type":"image\/png"}],"twitter_card":"summary_large_image","twitter_misc":{"Est. reading time":"2 minutua"},"schema":{"@context":"https:\/\/schema.org","@graph":[{"@type":"WebPage","@id":"https:\/\/ikernutricionymass.com\/producto\/vitalife\/","url":"https:\/\/ikernutricionymass.com\/producto\/vitalife\/","name":"VITALIFE - Iker Nutrici\u00f3n y M\u00e1s","isPartOf":{"@id":"https:\/\/ikernutricionymass.com\/#website"},"primaryImageOfPage":{"@id":"https:\/\/ikernutricionymass.com\/producto\/vitalife\/#primaryimage"},"image":{"@id":"https:\/\/ikernutricionymass.com\/producto\/vitalife\/#primaryimage"},"thumbnailUrl":"https:\/\/ikernutricionymass.com\/wp-content\/uploads\/2025\/03\/vitalife.png","datePublished":"2025-03-21T09:54:56+00:00","dateModified":"2025-03-21T09:56:25+00:00","breadcrumb":{"@id":"https:\/\/ikernutricionymass.com\/producto\/vitalife\/#breadcrumb"},"inLanguage":"eu","potentialAction":[{"@type":"ReadAction","target":["https:\/\/ikernutricionymass.com\/producto\/vitalife\/"]}]},{"@type":"ImageObject","inLanguage":"eu","@id":"https:\/\/ikernutricionymass.com\/producto\/vitalife\/#primaryimage","url":"https:\/\/ikernutricionymass.com\/wp-content\/uploads\/2025\/03\/vitalife.png","contentUrl":"https:\/\/ikernutricionymass.com\/wp-content\/uploads\/2025\/03\/vitalife.png","width":900,"height":1100},{"@type":"BreadcrumbList","@id":"https:\/\/ikernutricionymass.com\/producto\/vitalife\/#breadcrumb","itemListElement":[{"@type":"ListItem","position":1,"name":"Portada","item":"https:\/\/ikernutricionymass.com\/"},{"@type":"ListItem","position":2,"name":"Tienda","item":"https:\/\/ikernutricionymass.com\/tienda\/"},{"@type":"ListItem","position":3,"name":"VITALIFE"}]},{"@type":"WebSite","@id":"https:\/\/ikernutricionymass.com\/#website","url":"https:\/\/ikernutricionymass.com\/","name":"Iker Nutrici\u00f3n y M\u00e1s","description":"","publisher":{"@id":"https:\/\/ikernutricionymass.com\/#organization"},"potentialAction":[{"@type":"SearchAction","target":{"@type":"EntryPoint","urlTemplate":"https:\/\/ikernutricionymass.com\/?s={search_term_string}"},"query-input":{"@type":"PropertyValueSpecification","valueRequired":true,"valueName":"search_term_string"}}],"inLanguage":"eu"},{"@type":"Organization","@id":"https:\/\/ikernutricionymass.com\/#organization","name":"Iker Nutrici\u00f3n y M\u00e1s","url":"https:\/\/ikernutricionymass.com\/","logo":{"@type":"ImageObject","inLanguage":"eu","@id":"https:\/\/ikernutricionymass.com\/#\/schema\/logo\/image\/","url":"https:\/\/ikernutricionymass.com\/wp-content\/uploads\/2024\/07\/cropped-IKER_NUTRICION_Y_MAS_-01.png","contentUrl":"https:\/\/ikernutricionymass.com\/wp-content\/uploads\/2024\/07\/cropped-IKER_NUTRICION_Y_MAS_-01.png","width":1919,"height":1080,"caption":"Iker Nutrici\u00f3n y M\u00e1s"},"image":{"@id":"https:\/\/ikernutricionymass.com\/#\/schema\/logo\/image\/"}}]}},"jetpack_sharing_enabled":true,"_links":{"self":[{"href":"https:\/\/ikernutricionymass.com\/eu\/wp-json\/wp\/v2\/product\/2018","targetHints":{"allow":["GET"]}}],"collection":[{"href":"https:\/\/ikernutricionymass.com\/eu\/wp-json\/wp\/v2\/product"}],"about":[{"href":"https:\/\/ikernutricionymass.com\/eu\/wp-json\/wp\/v2\/types\/product"}],"replies":[{"embeddable":true,"href":"https:\/\/ikernutricionymass.com\/eu\/wp-json\/wp\/v2\/comments?post=2018"}],"wp:featuredmedia":[{"embeddable":true,"href":"https:\/\/ikernutricionymass.com\/eu\/wp-json\/wp\/v2\/media\/2019"}],"wp:attachment":[{"href":"https:\/\/ikernutricionymass.com\/eu\/wp-json\/wp\/v2\/media?parent=2018"}],"wp:term":[{"taxonomy":"product_brand","embeddable":true,"href":"https:\/\/ikernutricionymass.com\/eu\/wp-json\/wp\/v2\/product_brand?post=2018"},{"taxonomy":"product_cat","embeddable":true,"href":"https:\/\/ikernutricionymass.com\/eu\/wp-json\/wp\/v2\/product_cat?post=2018"},{"taxonomy":"product_tag","embeddable":true,"href":"https:\/\/ikernutricionymass.com\/eu\/wp-json\/wp\/v2\/product_tag?post=2018"}],"curies":[{"name":"wp","href":"https:\/\/api.w.org\/{rel}","templated":true}]}}