{"id":1833,"date":"2024-09-20T10:18:35","date_gmt":"2024-09-20T10:18:35","guid":{"rendered":"https:\/\/ikernutricionymass.com\/?post_type=product&#038;p=1833"},"modified":"2025-03-20T11:34:01","modified_gmt":"2025-03-20T11:34:01","slug":"bebidas-mix-saborizante-eleven-fit","status":"publish","type":"product","link":"https:\/\/ikernutricionymass.com\/eu\/produktua\/bebidas-mix-saborizante-eleven-fit\/","title":{"rendered":"BEBIDAS MIX (SABORIZANTE ELEVEN FIT)"},"content":{"rendered":"<p>Con cada sobre de Mix podr\u00e1s preparar 1,5L de una deliciosa bebida, Mix es m\u00e1s saludable que un refresco convencional, no contiene az\u00facar y adem\u00e1s es bajo en calor\u00edas y carbohidratos!<\/p>\n<p>Mix resulta la bebida ideal para personas en \u00e9poca de p\u00e9rdida de peso o especialmente interesadas en cuidar al m\u00e1ximo las calor\u00edas de su dieta, o que simplemente necesitan dar sabor al agua para facilitar la ingesta de l\u00edquidos diaria.<\/p>\n<p>Mix es para TODOS, completamente apto para ni\u00f1os y mayores.<\/p>\n<p>*Un vaso de 250 ml de Mix contiene\u00a0menos de 5 calor\u00edas.<\/p>\n<p>*Mix se presenta en c\u00f3modas bolsitas de 9 gramos, no tienes que cargar peso o disponer de un sitio espacioso en tu hogar, con una caja de\u00a0Mix puedes realizar hasta 36 litros de bebida.<\/p>","protected":false},"excerpt":{"rendered":"<p>Con cada sobre de Mix podr\u00e1s preparar 1,5L de una deliciosa bebida, Mix es m\u00e1s saludable que un refresco convencional, no contiene az\u00facar y adem\u00e1s es bajo en calor\u00edas y carbohidratos! Mix resulta la bebida ideal para personas en \u00e9poca de p\u00e9rdida de peso o especialmente interesadas en cuidar al m\u00e1ximo las calor\u00edas de su [&hellip;]<\/p>\n","protected":false},"featured_media":1834,"comment_status":"open","ping_status":"closed","template":"","meta":[],"product_brand":[],"product_cat":[19],"product_tag":[],"class_list":{"0":"post-1833","1":"product","2":"type-product","3":"status-publish","4":"has-post-thumbnail","6":"product_cat-alimentacion","8":"first","9":"instock","10":"shipping-taxable","11":"purchasable","12":"product-type-variable"},"yoast_head":"<!-- This site is optimized with the Yoast SEO plugin v27.3 - https:\/\/yoast.com\/product\/yoast-seo-wordpress\/ -->\n<title>BEBIDAS MIX (SABORIZANTE ELEVEN FIT) - Iker Nutrici\u00f3n y M\u00e1s<\/title>\n<meta name=\"robots\" content=\"index, follow, max-snippet:-1, max-image-preview:large, max-video-preview:-1\" \/>\n<link rel=\"canonical\" href=\"https:\/\/ikernutricionymass.com\/eu\/produktua\/bebidas-mix-saborizante-eleven-fit\/\" \/>\n<meta property=\"og:locale\" content=\"en_US\" \/>\n<meta property=\"og:type\" content=\"article\" \/>\n<meta property=\"og:title\" content=\"BEBIDAS MIX (SABORIZANTE ELEVEN FIT) - Iker Nutrici\u00f3n y M\u00e1s\" \/>\n<meta property=\"og:description\" content=\"Con cada sobre de Mix podr\u00e1s preparar 1,5L de una deliciosa bebida, Mix es m\u00e1s saludable que un refresco convencional, no contiene az\u00facar y adem\u00e1s es bajo en calor\u00edas y carbohidratos! Mix resulta la bebida ideal para personas en \u00e9poca de p\u00e9rdida de peso o especialmente interesadas en cuidar al m\u00e1ximo las calor\u00edas de su [&hellip;]\" \/>\n<meta property=\"og:url\" content=\"https:\/\/ikernutricionymass.com\/eu\/produktua\/bebidas-mix-saborizante-eleven-fit\/\" \/>\n<meta property=\"og:site_name\" content=\"Iker Nutrici\u00f3n y M\u00e1s\" \/>\n<meta property=\"article:modified_time\" content=\"2025-03-20T11:34:01+00:00\" \/>\n<meta property=\"og:image\" content=\"https:\/\/ikernutricionymass.com\/wp-content\/uploads\/2024\/09\/lima.jpg\" \/>\n\t<meta property=\"og:image:width\" content=\"560\" \/>\n\t<meta property=\"og:image:height\" content=\"560\" \/>\n\t<meta property=\"og:image:type\" content=\"image\/jpeg\" \/>\n<meta name=\"twitter:card\" content=\"summary_large_image\" \/>\n<meta name=\"twitter:label1\" content=\"Est. reading time\" \/>\n\t<meta name=\"twitter:data1\" content=\"1 minutua\" \/>\n<script type=\"application\/ld+json\" class=\"yoast-schema-graph\">{\"@context\":\"https:\\\/\\\/schema.org\",\"@graph\":[{\"@type\":\"WebPage\",\"@id\":\"https:\\\/\\\/ikernutricionymass.com\\\/producto\\\/bebidas-mix-saborizante-eleven-fit\\\/\",\"url\":\"https:\\\/\\\/ikernutricionymass.com\\\/producto\\\/bebidas-mix-saborizante-eleven-fit\\\/\",\"name\":\"BEBIDAS MIX (SABORIZANTE ELEVEN FIT) - Iker Nutrici\u00f3n y M\u00e1s\",\"isPartOf\":{\"@id\":\"https:\\\/\\\/ikernutricionymass.com\\\/#website\"},\"primaryImageOfPage\":{\"@id\":\"https:\\\/\\\/ikernutricionymass.com\\\/producto\\\/bebidas-mix-saborizante-eleven-fit\\\/#primaryimage\"},\"image\":{\"@id\":\"https:\\\/\\\/ikernutricionymass.com\\\/producto\\\/bebidas-mix-saborizante-eleven-fit\\\/#primaryimage\"},\"thumbnailUrl\":\"https:\\\/\\\/ikernutricionymass.com\\\/wp-content\\\/uploads\\\/2024\\\/09\\\/lima.jpg\",\"datePublished\":\"2024-09-20T10:18:35+00:00\",\"dateModified\":\"2025-03-20T11:34:01+00:00\",\"breadcrumb\":{\"@id\":\"https:\\\/\\\/ikernutricionymass.com\\\/producto\\\/bebidas-mix-saborizante-eleven-fit\\\/#breadcrumb\"},\"inLanguage\":\"eu\",\"potentialAction\":[{\"@type\":\"ReadAction\",\"target\":[\"https:\\\/\\\/ikernutricionymass.com\\\/producto\\\/bebidas-mix-saborizante-eleven-fit\\\/\"]}]},{\"@type\":\"ImageObject\",\"inLanguage\":\"eu\",\"@id\":\"https:\\\/\\\/ikernutricionymass.com\\\/producto\\\/bebidas-mix-saborizante-eleven-fit\\\/#primaryimage\",\"url\":\"https:\\\/\\\/ikernutricionymass.com\\\/wp-content\\\/uploads\\\/2024\\\/09\\\/lima.jpg\",\"contentUrl\":\"https:\\\/\\\/ikernutricionymass.com\\\/wp-content\\\/uploads\\\/2024\\\/09\\\/lima.jpg\",\"width\":560,\"height\":560},{\"@type\":\"BreadcrumbList\",\"@id\":\"https:\\\/\\\/ikernutricionymass.com\\\/producto\\\/bebidas-mix-saborizante-eleven-fit\\\/#breadcrumb\",\"itemListElement\":[{\"@type\":\"ListItem\",\"position\":1,\"name\":\"Portada\",\"item\":\"https:\\\/\\\/ikernutricionymass.com\\\/\"},{\"@type\":\"ListItem\",\"position\":2,\"name\":\"Tienda\",\"item\":\"https:\\\/\\\/ikernutricionymass.com\\\/tienda\\\/\"},{\"@type\":\"ListItem\",\"position\":3,\"name\":\"BEBIDAS MIX (SABORIZANTE ELEVEN FIT)\"}]},{\"@type\":\"WebSite\",\"@id\":\"https:\\\/\\\/ikernutricionymass.com\\\/#website\",\"url\":\"https:\\\/\\\/ikernutricionymass.com\\\/\",\"name\":\"Iker Nutrici\u00f3n y M\u00e1s\",\"description\":\"\",\"publisher\":{\"@id\":\"https:\\\/\\\/ikernutricionymass.com\\\/#organization\"},\"potentialAction\":[{\"@type\":\"SearchAction\",\"target\":{\"@type\":\"EntryPoint\",\"urlTemplate\":\"https:\\\/\\\/ikernutricionymass.com\\\/?s={search_term_string}\"},\"query-input\":{\"@type\":\"PropertyValueSpecification\",\"valueRequired\":true,\"valueName\":\"search_term_string\"}}],\"inLanguage\":\"eu\"},{\"@type\":\"Organization\",\"@id\":\"https:\\\/\\\/ikernutricionymass.com\\\/#organization\",\"name\":\"Iker Nutrici\u00f3n y M\u00e1s\",\"url\":\"https:\\\/\\\/ikernutricionymass.com\\\/\",\"logo\":{\"@type\":\"ImageObject\",\"inLanguage\":\"eu\",\"@id\":\"https:\\\/\\\/ikernutricionymass.com\\\/#\\\/schema\\\/logo\\\/image\\\/\",\"url\":\"https:\\\/\\\/ikernutricionymass.com\\\/wp-content\\\/uploads\\\/2024\\\/07\\\/cropped-IKER_NUTRICION_Y_MAS_-01.png\",\"contentUrl\":\"https:\\\/\\\/ikernutricionymass.com\\\/wp-content\\\/uploads\\\/2024\\\/07\\\/cropped-IKER_NUTRICION_Y_MAS_-01.png\",\"width\":1919,\"height\":1080,\"caption\":\"Iker Nutrici\u00f3n y M\u00e1s\"},\"image\":{\"@id\":\"https:\\\/\\\/ikernutricionymass.com\\\/#\\\/schema\\\/logo\\\/image\\\/\"}}]}<\/script>\n<!-- \/ Yoast SEO plugin. -->","yoast_head_json":{"title":"BEBIDAS MIX (SABORIZANTE ELEVEN FIT) - Iker Nutrici\u00f3n y M\u00e1s","robots":{"index":"index","follow":"follow","max-snippet":"max-snippet:-1","max-image-preview":"max-image-preview:large","max-video-preview":"max-video-preview:-1"},"canonical":"https:\/\/ikernutricionymass.com\/eu\/produktua\/bebidas-mix-saborizante-eleven-fit\/","og_locale":"en_US","og_type":"article","og_title":"BEBIDAS MIX (SABORIZANTE ELEVEN FIT) - Iker Nutrici\u00f3n y M\u00e1s","og_description":"Con cada sobre de Mix podr\u00e1s preparar 1,5L de una deliciosa bebida, Mix es m\u00e1s saludable que un refresco convencional, no contiene az\u00facar y adem\u00e1s es bajo en calor\u00edas y carbohidratos! Mix resulta la bebida ideal para personas en \u00e9poca de p\u00e9rdida de peso o especialmente interesadas en cuidar al m\u00e1ximo las calor\u00edas de su [&hellip;]","og_url":"https:\/\/ikernutricionymass.com\/eu\/produktua\/bebidas-mix-saborizante-eleven-fit\/","og_site_name":"Iker Nutrici\u00f3n y M\u00e1s","article_modified_time":"2025-03-20T11:34:01+00:00","og_image":[{"width":560,"height":560,"url":"https:\/\/ikernutricionymass.com\/wp-content\/uploads\/2024\/09\/lima.jpg","type":"image\/jpeg"}],"twitter_card":"summary_large_image","twitter_misc":{"Est. reading time":"1 minutua"},"schema":{"@context":"https:\/\/schema.org","@graph":[{"@type":"WebPage","@id":"https:\/\/ikernutricionymass.com\/producto\/bebidas-mix-saborizante-eleven-fit\/","url":"https:\/\/ikernutricionymass.com\/producto\/bebidas-mix-saborizante-eleven-fit\/","name":"BEBIDAS MIX (SABORIZANTE ELEVEN FIT) - Iker Nutrici\u00f3n y M\u00e1s","isPartOf":{"@id":"https:\/\/ikernutricionymass.com\/#website"},"primaryImageOfPage":{"@id":"https:\/\/ikernutricionymass.com\/producto\/bebidas-mix-saborizante-eleven-fit\/#primaryimage"},"image":{"@id":"https:\/\/ikernutricionymass.com\/producto\/bebidas-mix-saborizante-eleven-fit\/#primaryimage"},"thumbnailUrl":"https:\/\/ikernutricionymass.com\/wp-content\/uploads\/2024\/09\/lima.jpg","datePublished":"2024-09-20T10:18:35+00:00","dateModified":"2025-03-20T11:34:01+00:00","breadcrumb":{"@id":"https:\/\/ikernutricionymass.com\/producto\/bebidas-mix-saborizante-eleven-fit\/#breadcrumb"},"inLanguage":"eu","potentialAction":[{"@type":"ReadAction","target":["https:\/\/ikernutricionymass.com\/producto\/bebidas-mix-saborizante-eleven-fit\/"]}]},{"@type":"ImageObject","inLanguage":"eu","@id":"https:\/\/ikernutricionymass.com\/producto\/bebidas-mix-saborizante-eleven-fit\/#primaryimage","url":"https:\/\/ikernutricionymass.com\/wp-content\/uploads\/2024\/09\/lima.jpg","contentUrl":"https:\/\/ikernutricionymass.com\/wp-content\/uploads\/2024\/09\/lima.jpg","width":560,"height":560},{"@type":"BreadcrumbList","@id":"https:\/\/ikernutricionymass.com\/producto\/bebidas-mix-saborizante-eleven-fit\/#breadcrumb","itemListElement":[{"@type":"ListItem","position":1,"name":"Portada","item":"https:\/\/ikernutricionymass.com\/"},{"@type":"ListItem","position":2,"name":"Tienda","item":"https:\/\/ikernutricionymass.com\/tienda\/"},{"@type":"ListItem","position":3,"name":"BEBIDAS MIX (SABORIZANTE ELEVEN FIT)"}]},{"@type":"WebSite","@id":"https:\/\/ikernutricionymass.com\/#website","url":"https:\/\/ikernutricionymass.com\/","name":"Iker Nutrici\u00f3n y M\u00e1s","description":"","publisher":{"@id":"https:\/\/ikernutricionymass.com\/#organization"},"potentialAction":[{"@type":"SearchAction","target":{"@type":"EntryPoint","urlTemplate":"https:\/\/ikernutricionymass.com\/?s={search_term_string}"},"query-input":{"@type":"PropertyValueSpecification","valueRequired":true,"valueName":"search_term_string"}}],"inLanguage":"eu"},{"@type":"Organization","@id":"https:\/\/ikernutricionymass.com\/#organization","name":"Iker Nutrici\u00f3n y M\u00e1s","url":"https:\/\/ikernutricionymass.com\/","logo":{"@type":"ImageObject","inLanguage":"eu","@id":"https:\/\/ikernutricionymass.com\/#\/schema\/logo\/image\/","url":"https:\/\/ikernutricionymass.com\/wp-content\/uploads\/2024\/07\/cropped-IKER_NUTRICION_Y_MAS_-01.png","contentUrl":"https:\/\/ikernutricionymass.com\/wp-content\/uploads\/2024\/07\/cropped-IKER_NUTRICION_Y_MAS_-01.png","width":1919,"height":1080,"caption":"Iker Nutrici\u00f3n y M\u00e1s"},"image":{"@id":"https:\/\/ikernutricionymass.com\/#\/schema\/logo\/image\/"}}]}},"jetpack_sharing_enabled":true,"_links":{"self":[{"href":"https:\/\/ikernutricionymass.com\/eu\/wp-json\/wp\/v2\/product\/1833","targetHints":{"allow":["GET"]}}],"collection":[{"href":"https:\/\/ikernutricionymass.com\/eu\/wp-json\/wp\/v2\/product"}],"about":[{"href":"https:\/\/ikernutricionymass.com\/eu\/wp-json\/wp\/v2\/types\/product"}],"replies":[{"embeddable":true,"href":"https:\/\/ikernutricionymass.com\/eu\/wp-json\/wp\/v2\/comments?post=1833"}],"wp:featuredmedia":[{"embeddable":true,"href":"https:\/\/ikernutricionymass.com\/eu\/wp-json\/wp\/v2\/media\/1834"}],"wp:attachment":[{"href":"https:\/\/ikernutricionymass.com\/eu\/wp-json\/wp\/v2\/media?parent=1833"}],"wp:term":[{"taxonomy":"product_brand","embeddable":true,"href":"https:\/\/ikernutricionymass.com\/eu\/wp-json\/wp\/v2\/product_brand?post=1833"},{"taxonomy":"product_cat","embeddable":true,"href":"https:\/\/ikernutricionymass.com\/eu\/wp-json\/wp\/v2\/product_cat?post=1833"},{"taxonomy":"product_tag","embeddable":true,"href":"https:\/\/ikernutricionymass.com\/eu\/wp-json\/wp\/v2\/product_tag?post=1833"}],"curies":[{"name":"wp","href":"https:\/\/api.w.org\/{rel}","templated":true}]}}