{"id":1816,"date":"2024-09-19T09:43:54","date_gmt":"2024-09-19T09:43:54","guid":{"rendered":"https:\/\/ikernutricionymass.com\/?post_type=product&#038;p=1816"},"modified":"2024-09-19T09:43:55","modified_gmt":"2024-09-19T09:43:55","slug":"ganchitos-crousty-tomate-oregano-75g-le-pain-des-fleurs","status":"publish","type":"product","link":"https:\/\/ikernutricionymass.com\/eu\/produktua\/ganchitos-crousty-tomate-oregano-75g-le-pain-des-fleurs\/","title":{"rendered":"GANCHITOS CROUSTY TOMATE-OREGANO 75G (LE PAIN DES FLEURS)"},"content":{"rendered":"<p>Sabrosos y crujientes ganchitos de tomate y or\u00e9gano de Le Pain des Fleurs. Con aceite de girasol. Sin az\u00facares a\u00f1adidos.<\/p>\n<p>Bajo contenido en sal.<\/p>\n<p><strong>Sin Gluten. <\/strong><\/p>\n<p><strong>Veganos. <\/strong><\/p>\n<p>Fuente de fibra.<\/p>","protected":false},"excerpt":{"rendered":"<p>Sabrosos y crujientes ganchitos de tomate y or\u00e9gano de Le Pain des Fleurs. Con aceite de girasol. Sin az\u00facares a\u00f1adidos. Bajo contenido en sal. Sin Gluten. Veganos. Fuente de fibra.<\/p>","protected":false},"featured_media":1817,"comment_status":"open","ping_status":"closed","template":"","meta":[],"product_brand":[],"product_cat":[19],"product_tag":[],"class_list":{"0":"post-1816","1":"product","2":"type-product","3":"status-publish","4":"has-post-thumbnail","6":"product_cat-alimentacion","8":"first","9":"instock","10":"shipping-taxable","11":"purchasable","12":"product-type-simple"},"yoast_head":"<!-- This site is optimized with the Yoast SEO plugin v27.3 - https:\/\/yoast.com\/product\/yoast-seo-wordpress\/ -->\n<title>GANCHITOS CROUSTY TOMATE-OREGANO 75G (LE PAIN DES FLEURS) - Iker Nutrici\u00f3n y M\u00e1s<\/title>\n<meta name=\"robots\" content=\"index, follow, max-snippet:-1, max-image-preview:large, max-video-preview:-1\" \/>\n<link rel=\"canonical\" href=\"https:\/\/ikernutricionymass.com\/eu\/produktua\/ganchitos-crousty-tomate-oregano-75g-le-pain-des-fleurs\/\" \/>\n<meta property=\"og:locale\" content=\"en_US\" \/>\n<meta property=\"og:type\" content=\"article\" \/>\n<meta property=\"og:title\" content=\"GANCHITOS CROUSTY TOMATE-OREGANO 75G (LE PAIN DES FLEURS) - Iker Nutrici\u00f3n y M\u00e1s\" \/>\n<meta property=\"og:description\" content=\"Sabrosos y crujientes ganchitos de tomate y or\u00e9gano de Le Pain des Fleurs. Con aceite de girasol. Sin az\u00facares a\u00f1adidos. Bajo contenido en sal. Sin Gluten. Veganos. Fuente de fibra.\" \/>\n<meta property=\"og:url\" content=\"https:\/\/ikernutricionymass.com\/eu\/produktua\/ganchitos-crousty-tomate-oregano-75g-le-pain-des-fleurs\/\" \/>\n<meta property=\"og:site_name\" content=\"Iker Nutrici\u00f3n y M\u00e1s\" \/>\n<meta property=\"article:modified_time\" content=\"2024-09-19T09:43:55+00:00\" \/>\n<meta property=\"og:image\" content=\"https:\/\/ikernutricionymass.com\/wp-content\/uploads\/2024\/09\/ganchito-crousty-tomate-oregano-vegano-sin-gluten-75-gr-le-pain-des-fleurs.jpg\" \/>\n\t<meta property=\"og:image:width\" content=\"800\" \/>\n\t<meta property=\"og:image:height\" content=\"800\" \/>\n\t<meta property=\"og:image:type\" content=\"image\/jpeg\" \/>\n<meta name=\"twitter:card\" content=\"summary_large_image\" \/>\n<meta name=\"twitter:label1\" content=\"Est. reading time\" \/>\n\t<meta name=\"twitter:data1\" content=\"1 minutua\" \/>\n<script type=\"application\/ld+json\" class=\"yoast-schema-graph\">{\"@context\":\"https:\\\/\\\/schema.org\",\"@graph\":[{\"@type\":\"WebPage\",\"@id\":\"https:\\\/\\\/ikernutricionymass.com\\\/producto\\\/ganchitos-crousty-tomate-oregano-75g-le-pain-des-fleurs\\\/\",\"url\":\"https:\\\/\\\/ikernutricionymass.com\\\/producto\\\/ganchitos-crousty-tomate-oregano-75g-le-pain-des-fleurs\\\/\",\"name\":\"GANCHITOS CROUSTY TOMATE-OREGANO 75G (LE PAIN DES FLEURS) - Iker Nutrici\u00f3n y M\u00e1s\",\"isPartOf\":{\"@id\":\"https:\\\/\\\/ikernutricionymass.com\\\/#website\"},\"primaryImageOfPage\":{\"@id\":\"https:\\\/\\\/ikernutricionymass.com\\\/producto\\\/ganchitos-crousty-tomate-oregano-75g-le-pain-des-fleurs\\\/#primaryimage\"},\"image\":{\"@id\":\"https:\\\/\\\/ikernutricionymass.com\\\/producto\\\/ganchitos-crousty-tomate-oregano-75g-le-pain-des-fleurs\\\/#primaryimage\"},\"thumbnailUrl\":\"https:\\\/\\\/ikernutricionymass.com\\\/wp-content\\\/uploads\\\/2024\\\/09\\\/ganchito-crousty-tomate-oregano-vegano-sin-gluten-75-gr-le-pain-des-fleurs.jpg\",\"datePublished\":\"2024-09-19T09:43:54+00:00\",\"dateModified\":\"2024-09-19T09:43:55+00:00\",\"breadcrumb\":{\"@id\":\"https:\\\/\\\/ikernutricionymass.com\\\/producto\\\/ganchitos-crousty-tomate-oregano-75g-le-pain-des-fleurs\\\/#breadcrumb\"},\"inLanguage\":\"eu\",\"potentialAction\":[{\"@type\":\"ReadAction\",\"target\":[\"https:\\\/\\\/ikernutricionymass.com\\\/producto\\\/ganchitos-crousty-tomate-oregano-75g-le-pain-des-fleurs\\\/\"]}]},{\"@type\":\"ImageObject\",\"inLanguage\":\"eu\",\"@id\":\"https:\\\/\\\/ikernutricionymass.com\\\/producto\\\/ganchitos-crousty-tomate-oregano-75g-le-pain-des-fleurs\\\/#primaryimage\",\"url\":\"https:\\\/\\\/ikernutricionymass.com\\\/wp-content\\\/uploads\\\/2024\\\/09\\\/ganchito-crousty-tomate-oregano-vegano-sin-gluten-75-gr-le-pain-des-fleurs.jpg\",\"contentUrl\":\"https:\\\/\\\/ikernutricionymass.com\\\/wp-content\\\/uploads\\\/2024\\\/09\\\/ganchito-crousty-tomate-oregano-vegano-sin-gluten-75-gr-le-pain-des-fleurs.jpg\",\"width\":800,\"height\":800},{\"@type\":\"BreadcrumbList\",\"@id\":\"https:\\\/\\\/ikernutricionymass.com\\\/producto\\\/ganchitos-crousty-tomate-oregano-75g-le-pain-des-fleurs\\\/#breadcrumb\",\"itemListElement\":[{\"@type\":\"ListItem\",\"position\":1,\"name\":\"Portada\",\"item\":\"https:\\\/\\\/ikernutricionymass.com\\\/\"},{\"@type\":\"ListItem\",\"position\":2,\"name\":\"Tienda\",\"item\":\"https:\\\/\\\/ikernutricionymass.com\\\/tienda\\\/\"},{\"@type\":\"ListItem\",\"position\":3,\"name\":\"GANCHITOS CROUSTY TOMATE-OREGANO 75G (LE PAIN DES FLEURS)\"}]},{\"@type\":\"WebSite\",\"@id\":\"https:\\\/\\\/ikernutricionymass.com\\\/#website\",\"url\":\"https:\\\/\\\/ikernutricionymass.com\\\/\",\"name\":\"Iker Nutrici\u00f3n y M\u00e1s\",\"description\":\"\",\"publisher\":{\"@id\":\"https:\\\/\\\/ikernutricionymass.com\\\/#organization\"},\"potentialAction\":[{\"@type\":\"SearchAction\",\"target\":{\"@type\":\"EntryPoint\",\"urlTemplate\":\"https:\\\/\\\/ikernutricionymass.com\\\/?s={search_term_string}\"},\"query-input\":{\"@type\":\"PropertyValueSpecification\",\"valueRequired\":true,\"valueName\":\"search_term_string\"}}],\"inLanguage\":\"eu\"},{\"@type\":\"Organization\",\"@id\":\"https:\\\/\\\/ikernutricionymass.com\\\/#organization\",\"name\":\"Iker Nutrici\u00f3n y M\u00e1s\",\"url\":\"https:\\\/\\\/ikernutricionymass.com\\\/\",\"logo\":{\"@type\":\"ImageObject\",\"inLanguage\":\"eu\",\"@id\":\"https:\\\/\\\/ikernutricionymass.com\\\/#\\\/schema\\\/logo\\\/image\\\/\",\"url\":\"https:\\\/\\\/ikernutricionymass.com\\\/wp-content\\\/uploads\\\/2024\\\/07\\\/cropped-IKER_NUTRICION_Y_MAS_-01.png\",\"contentUrl\":\"https:\\\/\\\/ikernutricionymass.com\\\/wp-content\\\/uploads\\\/2024\\\/07\\\/cropped-IKER_NUTRICION_Y_MAS_-01.png\",\"width\":1919,\"height\":1080,\"caption\":\"Iker Nutrici\u00f3n y M\u00e1s\"},\"image\":{\"@id\":\"https:\\\/\\\/ikernutricionymass.com\\\/#\\\/schema\\\/logo\\\/image\\\/\"}}]}<\/script>\n<!-- \/ Yoast SEO plugin. -->","yoast_head_json":{"title":"GANCHITOS CROUSTY TOMATE-OREGANO 75G (LE PAIN DES FLEURS) - Iker Nutrici\u00f3n y M\u00e1s","robots":{"index":"index","follow":"follow","max-snippet":"max-snippet:-1","max-image-preview":"max-image-preview:large","max-video-preview":"max-video-preview:-1"},"canonical":"https:\/\/ikernutricionymass.com\/eu\/produktua\/ganchitos-crousty-tomate-oregano-75g-le-pain-des-fleurs\/","og_locale":"en_US","og_type":"article","og_title":"GANCHITOS CROUSTY TOMATE-OREGANO 75G (LE PAIN DES FLEURS) - Iker Nutrici\u00f3n y M\u00e1s","og_description":"Sabrosos y crujientes ganchitos de tomate y or\u00e9gano de Le Pain des Fleurs. Con aceite de girasol. Sin az\u00facares a\u00f1adidos. Bajo contenido en sal. Sin Gluten. Veganos. Fuente de fibra.","og_url":"https:\/\/ikernutricionymass.com\/eu\/produktua\/ganchitos-crousty-tomate-oregano-75g-le-pain-des-fleurs\/","og_site_name":"Iker Nutrici\u00f3n y M\u00e1s","article_modified_time":"2024-09-19T09:43:55+00:00","og_image":[{"width":800,"height":800,"url":"https:\/\/ikernutricionymass.com\/wp-content\/uploads\/2024\/09\/ganchito-crousty-tomate-oregano-vegano-sin-gluten-75-gr-le-pain-des-fleurs.jpg","type":"image\/jpeg"}],"twitter_card":"summary_large_image","twitter_misc":{"Est. reading time":"1 minutua"},"schema":{"@context":"https:\/\/schema.org","@graph":[{"@type":"WebPage","@id":"https:\/\/ikernutricionymass.com\/producto\/ganchitos-crousty-tomate-oregano-75g-le-pain-des-fleurs\/","url":"https:\/\/ikernutricionymass.com\/producto\/ganchitos-crousty-tomate-oregano-75g-le-pain-des-fleurs\/","name":"GANCHITOS CROUSTY TOMATE-OREGANO 75G (LE PAIN DES FLEURS) - Iker Nutrici\u00f3n y M\u00e1s","isPartOf":{"@id":"https:\/\/ikernutricionymass.com\/#website"},"primaryImageOfPage":{"@id":"https:\/\/ikernutricionymass.com\/producto\/ganchitos-crousty-tomate-oregano-75g-le-pain-des-fleurs\/#primaryimage"},"image":{"@id":"https:\/\/ikernutricionymass.com\/producto\/ganchitos-crousty-tomate-oregano-75g-le-pain-des-fleurs\/#primaryimage"},"thumbnailUrl":"https:\/\/ikernutricionymass.com\/wp-content\/uploads\/2024\/09\/ganchito-crousty-tomate-oregano-vegano-sin-gluten-75-gr-le-pain-des-fleurs.jpg","datePublished":"2024-09-19T09:43:54+00:00","dateModified":"2024-09-19T09:43:55+00:00","breadcrumb":{"@id":"https:\/\/ikernutricionymass.com\/producto\/ganchitos-crousty-tomate-oregano-75g-le-pain-des-fleurs\/#breadcrumb"},"inLanguage":"eu","potentialAction":[{"@type":"ReadAction","target":["https:\/\/ikernutricionymass.com\/producto\/ganchitos-crousty-tomate-oregano-75g-le-pain-des-fleurs\/"]}]},{"@type":"ImageObject","inLanguage":"eu","@id":"https:\/\/ikernutricionymass.com\/producto\/ganchitos-crousty-tomate-oregano-75g-le-pain-des-fleurs\/#primaryimage","url":"https:\/\/ikernutricionymass.com\/wp-content\/uploads\/2024\/09\/ganchito-crousty-tomate-oregano-vegano-sin-gluten-75-gr-le-pain-des-fleurs.jpg","contentUrl":"https:\/\/ikernutricionymass.com\/wp-content\/uploads\/2024\/09\/ganchito-crousty-tomate-oregano-vegano-sin-gluten-75-gr-le-pain-des-fleurs.jpg","width":800,"height":800},{"@type":"BreadcrumbList","@id":"https:\/\/ikernutricionymass.com\/producto\/ganchitos-crousty-tomate-oregano-75g-le-pain-des-fleurs\/#breadcrumb","itemListElement":[{"@type":"ListItem","position":1,"name":"Portada","item":"https:\/\/ikernutricionymass.com\/"},{"@type":"ListItem","position":2,"name":"Tienda","item":"https:\/\/ikernutricionymass.com\/tienda\/"},{"@type":"ListItem","position":3,"name":"GANCHITOS CROUSTY TOMATE-OREGANO 75G (LE PAIN DES FLEURS)"}]},{"@type":"WebSite","@id":"https:\/\/ikernutricionymass.com\/#website","url":"https:\/\/ikernutricionymass.com\/","name":"Iker Nutrici\u00f3n y M\u00e1s","description":"","publisher":{"@id":"https:\/\/ikernutricionymass.com\/#organization"},"potentialAction":[{"@type":"SearchAction","target":{"@type":"EntryPoint","urlTemplate":"https:\/\/ikernutricionymass.com\/?s={search_term_string}"},"query-input":{"@type":"PropertyValueSpecification","valueRequired":true,"valueName":"search_term_string"}}],"inLanguage":"eu"},{"@type":"Organization","@id":"https:\/\/ikernutricionymass.com\/#organization","name":"Iker Nutrici\u00f3n y M\u00e1s","url":"https:\/\/ikernutricionymass.com\/","logo":{"@type":"ImageObject","inLanguage":"eu","@id":"https:\/\/ikernutricionymass.com\/#\/schema\/logo\/image\/","url":"https:\/\/ikernutricionymass.com\/wp-content\/uploads\/2024\/07\/cropped-IKER_NUTRICION_Y_MAS_-01.png","contentUrl":"https:\/\/ikernutricionymass.com\/wp-content\/uploads\/2024\/07\/cropped-IKER_NUTRICION_Y_MAS_-01.png","width":1919,"height":1080,"caption":"Iker Nutrici\u00f3n y M\u00e1s"},"image":{"@id":"https:\/\/ikernutricionymass.com\/#\/schema\/logo\/image\/"}}]}},"jetpack_sharing_enabled":true,"_links":{"self":[{"href":"https:\/\/ikernutricionymass.com\/eu\/wp-json\/wp\/v2\/product\/1816","targetHints":{"allow":["GET"]}}],"collection":[{"href":"https:\/\/ikernutricionymass.com\/eu\/wp-json\/wp\/v2\/product"}],"about":[{"href":"https:\/\/ikernutricionymass.com\/eu\/wp-json\/wp\/v2\/types\/product"}],"replies":[{"embeddable":true,"href":"https:\/\/ikernutricionymass.com\/eu\/wp-json\/wp\/v2\/comments?post=1816"}],"wp:featuredmedia":[{"embeddable":true,"href":"https:\/\/ikernutricionymass.com\/eu\/wp-json\/wp\/v2\/media\/1817"}],"wp:attachment":[{"href":"https:\/\/ikernutricionymass.com\/eu\/wp-json\/wp\/v2\/media?parent=1816"}],"wp:term":[{"taxonomy":"product_brand","embeddable":true,"href":"https:\/\/ikernutricionymass.com\/eu\/wp-json\/wp\/v2\/product_brand?post=1816"},{"taxonomy":"product_cat","embeddable":true,"href":"https:\/\/ikernutricionymass.com\/eu\/wp-json\/wp\/v2\/product_cat?post=1816"},{"taxonomy":"product_tag","embeddable":true,"href":"https:\/\/ikernutricionymass.com\/eu\/wp-json\/wp\/v2\/product_tag?post=1816"}],"curies":[{"name":"wp","href":"https:\/\/api.w.org\/{rel}","templated":true}]}}