{"id":1767,"date":"2024-09-18T17:22:40","date_gmt":"2024-09-18T17:22:40","guid":{"rendered":"https:\/\/ikernutricionymass.com\/?post_type=product&#038;p=1767"},"modified":"2024-09-18T17:22:40","modified_gmt":"2024-09-18T17:22:40","slug":"same-60-cap-scientiffic-nutrition","status":"publish","type":"product","link":"https:\/\/ikernutricionymass.com\/eu\/produktua\/same-60-cap-scientiffic-nutrition\/","title":{"rendered":"SAME+  60 CAP (SCIENTIFFIC NUTRITION)"},"content":{"rendered":"<p>Contribuye a evitar y tratar lesiones en el h\u00edgado as\u00ed como la hepatotoxicidad derivada del alcohol, f\u00e1rmacos u otras sustancias t\u00f3xicas para el h\u00edgado.<\/p>\n<ul class=\"wp-block-list\">\n<li>S-adenosil-L-Metionina (SAME). 200 mg por c\u00e1psula.<\/li>\n<li>Con vitamina B6, B12 y \u00c1cido F\u00f3lico.<\/li>\n<li>0,9 mg de vitamina B6 por c\u00e1psula.<\/li>\n<li>1,2 \u03bcg de vitamina B12 por c\u00e1psula.<\/li>\n<li>50 \u03bcg de \u00c1cido F\u00f3lico por c\u00e1psula.<\/li>\n<li>Ayuda a prevenir el estr\u00e9s oxidativo del h\u00edgado.<\/li>\n<li>Contribuye a\u00a0 evitar y tratar lesiones hep\u00e1ticas<\/li>\n<li>Ayuda a aliviar la fatiga de enfermedades hep\u00e1ticas cr\u00f3nicas.<\/li>\n<li>Facilita las reacciones de neutralizaci\u00f3n y eliminaci\u00f3n de compuestos t\u00f3xicos en el h\u00edgado.<\/li>\n<li>La mol\u00e9cula S-adenosil-L-Metionina presenta efectos antiinflamatorios y antioxidantes que ayudan a reducir la inflamaci\u00f3n hep\u00e1tica.<\/li>\n<\/ul>\n<p>Dosis recomendada: 2 c\u00e1psulas.<\/p>","protected":false},"excerpt":{"rendered":"<p>Contribuye a evitar y tratar lesiones en el h\u00edgado as\u00ed como la hepatotoxicidad derivada del alcohol, f\u00e1rmacos u otras sustancias t\u00f3xicas para el h\u00edgado. S-adenosil-L-Metionina (SAME). 200 mg por c\u00e1psula. Con vitamina B6, B12 y \u00c1cido F\u00f3lico. 0,9 mg de vitamina B6 por c\u00e1psula. 1,2 \u03bcg de vitamina B12 por c\u00e1psula. 50 \u03bcg de \u00c1cido [&hellip;]<\/p>\n","protected":false},"featured_media":1768,"comment_status":"open","ping_status":"closed","template":"","meta":[],"product_brand":[],"product_cat":[34,33,35],"product_tag":[],"class_list":{"0":"post-1767","1":"product","2":"type-product","3":"status-publish","4":"has-post-thumbnail","6":"product_cat-salud-hepatica","7":"product_cat-salud-y-bienestar","8":"product_cat-vitaminas-y-minerales","10":"first","11":"instock","12":"shipping-taxable","13":"purchasable","14":"product-type-simple"},"yoast_head":"<!-- This site is optimized with the Yoast SEO plugin v27.3 - https:\/\/yoast.com\/product\/yoast-seo-wordpress\/ -->\n<title>SAME+ 60 CAP (SCIENTIFFIC NUTRITION) - Iker Nutrici\u00f3n y M\u00e1s<\/title>\n<meta name=\"robots\" content=\"index, follow, max-snippet:-1, max-image-preview:large, max-video-preview:-1\" \/>\n<link rel=\"canonical\" href=\"https:\/\/ikernutricionymass.com\/eu\/produktua\/same-60-cap-scientiffic-nutrition\/\" \/>\n<meta property=\"og:locale\" content=\"en_US\" \/>\n<meta property=\"og:type\" content=\"article\" \/>\n<meta property=\"og:title\" content=\"SAME+ 60 CAP (SCIENTIFFIC NUTRITION) - Iker Nutrici\u00f3n y M\u00e1s\" \/>\n<meta property=\"og:description\" content=\"Contribuye a evitar y tratar lesiones en el h\u00edgado as\u00ed como la hepatotoxicidad derivada del alcohol, f\u00e1rmacos u otras sustancias t\u00f3xicas para el h\u00edgado. S-adenosil-L-Metionina (SAME). 200 mg por c\u00e1psula. Con vitamina B6, B12 y \u00c1cido F\u00f3lico. 0,9 mg de vitamina B6 por c\u00e1psula. 1,2 \u03bcg de vitamina B12 por c\u00e1psula. 50 \u03bcg de \u00c1cido [&hellip;]\" \/>\n<meta property=\"og:url\" content=\"https:\/\/ikernutricionymass.com\/eu\/produktua\/same-60-cap-scientiffic-nutrition\/\" \/>\n<meta property=\"og:site_name\" content=\"Iker Nutrici\u00f3n y M\u00e1s\" \/>\n<meta property=\"og:image\" content=\"https:\/\/ikernutricionymass.com\/wp-content\/uploads\/2024\/09\/47.-Same.webp\" \/>\n\t<meta property=\"og:image:width\" content=\"730\" \/>\n\t<meta property=\"og:image:height\" content=\"760\" \/>\n\t<meta property=\"og:image:type\" content=\"image\/webp\" \/>\n<meta name=\"twitter:card\" content=\"summary_large_image\" \/>\n<meta name=\"twitter:label1\" content=\"Est. reading time\" \/>\n\t<meta name=\"twitter:data1\" content=\"1 minutua\" \/>\n<script type=\"application\/ld+json\" class=\"yoast-schema-graph\">{\"@context\":\"https:\\\/\\\/schema.org\",\"@graph\":[{\"@type\":\"WebPage\",\"@id\":\"https:\\\/\\\/ikernutricionymass.com\\\/producto\\\/same-60-cap-scientiffic-nutrition\\\/\",\"url\":\"https:\\\/\\\/ikernutricionymass.com\\\/producto\\\/same-60-cap-scientiffic-nutrition\\\/\",\"name\":\"SAME+ 60 CAP (SCIENTIFFIC NUTRITION) - Iker Nutrici\u00f3n y M\u00e1s\",\"isPartOf\":{\"@id\":\"https:\\\/\\\/ikernutricionymass.com\\\/#website\"},\"primaryImageOfPage\":{\"@id\":\"https:\\\/\\\/ikernutricionymass.com\\\/producto\\\/same-60-cap-scientiffic-nutrition\\\/#primaryimage\"},\"image\":{\"@id\":\"https:\\\/\\\/ikernutricionymass.com\\\/producto\\\/same-60-cap-scientiffic-nutrition\\\/#primaryimage\"},\"thumbnailUrl\":\"https:\\\/\\\/ikernutricionymass.com\\\/wp-content\\\/uploads\\\/2024\\\/09\\\/47.-Same.webp\",\"datePublished\":\"2024-09-18T17:22:40+00:00\",\"breadcrumb\":{\"@id\":\"https:\\\/\\\/ikernutricionymass.com\\\/producto\\\/same-60-cap-scientiffic-nutrition\\\/#breadcrumb\"},\"inLanguage\":\"eu\",\"potentialAction\":[{\"@type\":\"ReadAction\",\"target\":[\"https:\\\/\\\/ikernutricionymass.com\\\/producto\\\/same-60-cap-scientiffic-nutrition\\\/\"]}]},{\"@type\":\"ImageObject\",\"inLanguage\":\"eu\",\"@id\":\"https:\\\/\\\/ikernutricionymass.com\\\/producto\\\/same-60-cap-scientiffic-nutrition\\\/#primaryimage\",\"url\":\"https:\\\/\\\/ikernutricionymass.com\\\/wp-content\\\/uploads\\\/2024\\\/09\\\/47.-Same.webp\",\"contentUrl\":\"https:\\\/\\\/ikernutricionymass.com\\\/wp-content\\\/uploads\\\/2024\\\/09\\\/47.-Same.webp\",\"width\":730,\"height\":760},{\"@type\":\"BreadcrumbList\",\"@id\":\"https:\\\/\\\/ikernutricionymass.com\\\/producto\\\/same-60-cap-scientiffic-nutrition\\\/#breadcrumb\",\"itemListElement\":[{\"@type\":\"ListItem\",\"position\":1,\"name\":\"Portada\",\"item\":\"https:\\\/\\\/ikernutricionymass.com\\\/\"},{\"@type\":\"ListItem\",\"position\":2,\"name\":\"Tienda\",\"item\":\"https:\\\/\\\/ikernutricionymass.com\\\/tienda\\\/\"},{\"@type\":\"ListItem\",\"position\":3,\"name\":\"SAME+ 60 CAP (SCIENTIFFIC NUTRITION)\"}]},{\"@type\":\"WebSite\",\"@id\":\"https:\\\/\\\/ikernutricionymass.com\\\/#website\",\"url\":\"https:\\\/\\\/ikernutricionymass.com\\\/\",\"name\":\"Iker Nutrici\u00f3n y M\u00e1s\",\"description\":\"\",\"publisher\":{\"@id\":\"https:\\\/\\\/ikernutricionymass.com\\\/#organization\"},\"potentialAction\":[{\"@type\":\"SearchAction\",\"target\":{\"@type\":\"EntryPoint\",\"urlTemplate\":\"https:\\\/\\\/ikernutricionymass.com\\\/?s={search_term_string}\"},\"query-input\":{\"@type\":\"PropertyValueSpecification\",\"valueRequired\":true,\"valueName\":\"search_term_string\"}}],\"inLanguage\":\"eu\"},{\"@type\":\"Organization\",\"@id\":\"https:\\\/\\\/ikernutricionymass.com\\\/#organization\",\"name\":\"Iker Nutrici\u00f3n y M\u00e1s\",\"url\":\"https:\\\/\\\/ikernutricionymass.com\\\/\",\"logo\":{\"@type\":\"ImageObject\",\"inLanguage\":\"eu\",\"@id\":\"https:\\\/\\\/ikernutricionymass.com\\\/#\\\/schema\\\/logo\\\/image\\\/\",\"url\":\"https:\\\/\\\/ikernutricionymass.com\\\/wp-content\\\/uploads\\\/2024\\\/07\\\/cropped-IKER_NUTRICION_Y_MAS_-01.png\",\"contentUrl\":\"https:\\\/\\\/ikernutricionymass.com\\\/wp-content\\\/uploads\\\/2024\\\/07\\\/cropped-IKER_NUTRICION_Y_MAS_-01.png\",\"width\":1919,\"height\":1080,\"caption\":\"Iker Nutrici\u00f3n y M\u00e1s\"},\"image\":{\"@id\":\"https:\\\/\\\/ikernutricionymass.com\\\/#\\\/schema\\\/logo\\\/image\\\/\"}}]}<\/script>\n<!-- \/ Yoast SEO plugin. -->","yoast_head_json":{"title":"SAME+ 60 CAP (SCIENTIFFIC NUTRITION) - Iker Nutrici\u00f3n y M\u00e1s","robots":{"index":"index","follow":"follow","max-snippet":"max-snippet:-1","max-image-preview":"max-image-preview:large","max-video-preview":"max-video-preview:-1"},"canonical":"https:\/\/ikernutricionymass.com\/eu\/produktua\/same-60-cap-scientiffic-nutrition\/","og_locale":"en_US","og_type":"article","og_title":"SAME+ 60 CAP (SCIENTIFFIC NUTRITION) - Iker Nutrici\u00f3n y M\u00e1s","og_description":"Contribuye a evitar y tratar lesiones en el h\u00edgado as\u00ed como la hepatotoxicidad derivada del alcohol, f\u00e1rmacos u otras sustancias t\u00f3xicas para el h\u00edgado. S-adenosil-L-Metionina (SAME). 200 mg por c\u00e1psula. Con vitamina B6, B12 y \u00c1cido F\u00f3lico. 0,9 mg de vitamina B6 por c\u00e1psula. 1,2 \u03bcg de vitamina B12 por c\u00e1psula. 50 \u03bcg de \u00c1cido [&hellip;]","og_url":"https:\/\/ikernutricionymass.com\/eu\/produktua\/same-60-cap-scientiffic-nutrition\/","og_site_name":"Iker Nutrici\u00f3n y M\u00e1s","og_image":[{"width":730,"height":760,"url":"https:\/\/ikernutricionymass.com\/wp-content\/uploads\/2024\/09\/47.-Same.webp","type":"image\/webp"}],"twitter_card":"summary_large_image","twitter_misc":{"Est. reading time":"1 minutua"},"schema":{"@context":"https:\/\/schema.org","@graph":[{"@type":"WebPage","@id":"https:\/\/ikernutricionymass.com\/producto\/same-60-cap-scientiffic-nutrition\/","url":"https:\/\/ikernutricionymass.com\/producto\/same-60-cap-scientiffic-nutrition\/","name":"SAME+ 60 CAP (SCIENTIFFIC NUTRITION) - Iker Nutrici\u00f3n y M\u00e1s","isPartOf":{"@id":"https:\/\/ikernutricionymass.com\/#website"},"primaryImageOfPage":{"@id":"https:\/\/ikernutricionymass.com\/producto\/same-60-cap-scientiffic-nutrition\/#primaryimage"},"image":{"@id":"https:\/\/ikernutricionymass.com\/producto\/same-60-cap-scientiffic-nutrition\/#primaryimage"},"thumbnailUrl":"https:\/\/ikernutricionymass.com\/wp-content\/uploads\/2024\/09\/47.-Same.webp","datePublished":"2024-09-18T17:22:40+00:00","breadcrumb":{"@id":"https:\/\/ikernutricionymass.com\/producto\/same-60-cap-scientiffic-nutrition\/#breadcrumb"},"inLanguage":"eu","potentialAction":[{"@type":"ReadAction","target":["https:\/\/ikernutricionymass.com\/producto\/same-60-cap-scientiffic-nutrition\/"]}]},{"@type":"ImageObject","inLanguage":"eu","@id":"https:\/\/ikernutricionymass.com\/producto\/same-60-cap-scientiffic-nutrition\/#primaryimage","url":"https:\/\/ikernutricionymass.com\/wp-content\/uploads\/2024\/09\/47.-Same.webp","contentUrl":"https:\/\/ikernutricionymass.com\/wp-content\/uploads\/2024\/09\/47.-Same.webp","width":730,"height":760},{"@type":"BreadcrumbList","@id":"https:\/\/ikernutricionymass.com\/producto\/same-60-cap-scientiffic-nutrition\/#breadcrumb","itemListElement":[{"@type":"ListItem","position":1,"name":"Portada","item":"https:\/\/ikernutricionymass.com\/"},{"@type":"ListItem","position":2,"name":"Tienda","item":"https:\/\/ikernutricionymass.com\/tienda\/"},{"@type":"ListItem","position":3,"name":"SAME+ 60 CAP (SCIENTIFFIC NUTRITION)"}]},{"@type":"WebSite","@id":"https:\/\/ikernutricionymass.com\/#website","url":"https:\/\/ikernutricionymass.com\/","name":"Iker Nutrici\u00f3n y M\u00e1s","description":"","publisher":{"@id":"https:\/\/ikernutricionymass.com\/#organization"},"potentialAction":[{"@type":"SearchAction","target":{"@type":"EntryPoint","urlTemplate":"https:\/\/ikernutricionymass.com\/?s={search_term_string}"},"query-input":{"@type":"PropertyValueSpecification","valueRequired":true,"valueName":"search_term_string"}}],"inLanguage":"eu"},{"@type":"Organization","@id":"https:\/\/ikernutricionymass.com\/#organization","name":"Iker Nutrici\u00f3n y M\u00e1s","url":"https:\/\/ikernutricionymass.com\/","logo":{"@type":"ImageObject","inLanguage":"eu","@id":"https:\/\/ikernutricionymass.com\/#\/schema\/logo\/image\/","url":"https:\/\/ikernutricionymass.com\/wp-content\/uploads\/2024\/07\/cropped-IKER_NUTRICION_Y_MAS_-01.png","contentUrl":"https:\/\/ikernutricionymass.com\/wp-content\/uploads\/2024\/07\/cropped-IKER_NUTRICION_Y_MAS_-01.png","width":1919,"height":1080,"caption":"Iker Nutrici\u00f3n y M\u00e1s"},"image":{"@id":"https:\/\/ikernutricionymass.com\/#\/schema\/logo\/image\/"}}]}},"jetpack_sharing_enabled":true,"_links":{"self":[{"href":"https:\/\/ikernutricionymass.com\/eu\/wp-json\/wp\/v2\/product\/1767","targetHints":{"allow":["GET"]}}],"collection":[{"href":"https:\/\/ikernutricionymass.com\/eu\/wp-json\/wp\/v2\/product"}],"about":[{"href":"https:\/\/ikernutricionymass.com\/eu\/wp-json\/wp\/v2\/types\/product"}],"replies":[{"embeddable":true,"href":"https:\/\/ikernutricionymass.com\/eu\/wp-json\/wp\/v2\/comments?post=1767"}],"wp:featuredmedia":[{"embeddable":true,"href":"https:\/\/ikernutricionymass.com\/eu\/wp-json\/wp\/v2\/media\/1768"}],"wp:attachment":[{"href":"https:\/\/ikernutricionymass.com\/eu\/wp-json\/wp\/v2\/media?parent=1767"}],"wp:term":[{"taxonomy":"product_brand","embeddable":true,"href":"https:\/\/ikernutricionymass.com\/eu\/wp-json\/wp\/v2\/product_brand?post=1767"},{"taxonomy":"product_cat","embeddable":true,"href":"https:\/\/ikernutricionymass.com\/eu\/wp-json\/wp\/v2\/product_cat?post=1767"},{"taxonomy":"product_tag","embeddable":true,"href":"https:\/\/ikernutricionymass.com\/eu\/wp-json\/wp\/v2\/product_tag?post=1767"}],"curies":[{"name":"wp","href":"https:\/\/api.w.org\/{rel}","templated":true}]}}