{"id":1765,"date":"2024-09-18T17:20:03","date_gmt":"2024-09-18T17:20:03","guid":{"rendered":"https:\/\/ikernutricionymass.com\/?post_type=product&#038;p=1765"},"modified":"2024-09-18T17:20:04","modified_gmt":"2024-09-18T17:20:04","slug":"digezymex-120cap-scientiffic-nutrition","status":"publish","type":"product","link":"https:\/\/ikernutricionymass.com\/eu\/produktua\/digezymex-120cap-scientiffic-nutrition\/","title":{"rendered":"DIGEZYMEX 120CAP (SCIENTIFFIC NUTRITION)"},"content":{"rendered":"<p>Mejora tus digestiones favoreciendo la asimilaci\u00f3n de nutrientes, contribuyendo a la expulsi\u00f3n de gases y reduciendo las molestias estomacales.<\/p>\n<ul class=\"wp-block-list\">\n<li>Con hinojo, alcachofa, inulina y bromelina.<\/li>\n<li>Facilita las digestiones.<\/li>\n<li>Contribuye a una mejor absorci\u00f3n de nutrientes.<\/li>\n<li>Con propiedades carminativas (expulsi\u00f3n de gases).<\/li>\n<li>Favorece la reducci\u00f3n de la hinchaz\u00f3n y las molestias estomacales.<\/li>\n<\/ul>\n<p>Dosis recomendada: 2 c\u00e1psulas.<\/p>","protected":false},"excerpt":{"rendered":"<p>Mejora tus digestiones favoreciendo la asimilaci\u00f3n de nutrientes, contribuyendo a la expulsi\u00f3n de gases y reduciendo las molestias estomacales. Con hinojo, alcachofa, inulina y bromelina. Facilita las digestiones. Contribuye a una mejor absorci\u00f3n de nutrientes. Con propiedades carminativas (expulsi\u00f3n de gases). Favorece la reducci\u00f3n de la hinchaz\u00f3n y las molestias estomacales. Dosis recomendada: 2 c\u00e1psulas.<\/p>","protected":false},"featured_media":1766,"comment_status":"open","ping_status":"closed","template":"","meta":[],"product_brand":[],"product_cat":[33],"product_tag":[],"class_list":{"0":"post-1765","1":"product","2":"type-product","3":"status-publish","4":"has-post-thumbnail","6":"product_cat-salud-y-bienestar","8":"first","9":"instock","10":"shipping-taxable","11":"purchasable","12":"product-type-simple"},"yoast_head":"<!-- This site is optimized with the Yoast SEO plugin v27.3 - https:\/\/yoast.com\/product\/yoast-seo-wordpress\/ -->\n<title>DIGEZYMEX 120CAP (SCIENTIFFIC NUTRITION) - Iker Nutrici\u00f3n y M\u00e1s<\/title>\n<meta name=\"robots\" content=\"index, follow, max-snippet:-1, max-image-preview:large, max-video-preview:-1\" \/>\n<link rel=\"canonical\" href=\"https:\/\/ikernutricionymass.com\/eu\/produktua\/digezymex-120cap-scientiffic-nutrition\/\" \/>\n<meta property=\"og:locale\" content=\"en_US\" \/>\n<meta property=\"og:type\" content=\"article\" \/>\n<meta property=\"og:title\" content=\"DIGEZYMEX 120CAP (SCIENTIFFIC NUTRITION) - Iker Nutrici\u00f3n y M\u00e1s\" \/>\n<meta property=\"og:description\" content=\"Mejora tus digestiones favoreciendo la asimilaci\u00f3n de nutrientes, contribuyendo a la expulsi\u00f3n de gases y reduciendo las molestias estomacales. Con hinojo, alcachofa, inulina y bromelina. Facilita las digestiones. Contribuye a una mejor absorci\u00f3n de nutrientes. Con propiedades carminativas (expulsi\u00f3n de gases). Favorece la reducci\u00f3n de la hinchaz\u00f3n y las molestias estomacales. Dosis recomendada: 2 c\u00e1psulas.\" \/>\n<meta property=\"og:url\" content=\"https:\/\/ikernutricionymass.com\/eu\/produktua\/digezymex-120cap-scientiffic-nutrition\/\" \/>\n<meta property=\"og:site_name\" content=\"Iker Nutrici\u00f3n y M\u00e1s\" \/>\n<meta property=\"article:modified_time\" content=\"2024-09-18T17:20:04+00:00\" \/>\n<meta property=\"og:image\" content=\"https:\/\/ikernutricionymass.com\/wp-content\/uploads\/2024\/09\/digezymex.webp\" \/>\n\t<meta property=\"og:image:width\" content=\"600\" \/>\n\t<meta property=\"og:image:height\" content=\"625\" \/>\n\t<meta property=\"og:image:type\" content=\"image\/webp\" \/>\n<meta name=\"twitter:card\" content=\"summary_large_image\" \/>\n<meta name=\"twitter:label1\" content=\"Est. reading time\" \/>\n\t<meta name=\"twitter:data1\" content=\"1 minutua\" \/>\n<script type=\"application\/ld+json\" class=\"yoast-schema-graph\">{\"@context\":\"https:\\\/\\\/schema.org\",\"@graph\":[{\"@type\":\"WebPage\",\"@id\":\"https:\\\/\\\/ikernutricionymass.com\\\/producto\\\/digezymex-120cap-scientiffic-nutrition\\\/\",\"url\":\"https:\\\/\\\/ikernutricionymass.com\\\/producto\\\/digezymex-120cap-scientiffic-nutrition\\\/\",\"name\":\"DIGEZYMEX 120CAP (SCIENTIFFIC NUTRITION) - Iker Nutrici\u00f3n y M\u00e1s\",\"isPartOf\":{\"@id\":\"https:\\\/\\\/ikernutricionymass.com\\\/#website\"},\"primaryImageOfPage\":{\"@id\":\"https:\\\/\\\/ikernutricionymass.com\\\/producto\\\/digezymex-120cap-scientiffic-nutrition\\\/#primaryimage\"},\"image\":{\"@id\":\"https:\\\/\\\/ikernutricionymass.com\\\/producto\\\/digezymex-120cap-scientiffic-nutrition\\\/#primaryimage\"},\"thumbnailUrl\":\"https:\\\/\\\/ikernutricionymass.com\\\/wp-content\\\/uploads\\\/2024\\\/09\\\/digezymex.webp\",\"datePublished\":\"2024-09-18T17:20:03+00:00\",\"dateModified\":\"2024-09-18T17:20:04+00:00\",\"breadcrumb\":{\"@id\":\"https:\\\/\\\/ikernutricionymass.com\\\/producto\\\/digezymex-120cap-scientiffic-nutrition\\\/#breadcrumb\"},\"inLanguage\":\"eu\",\"potentialAction\":[{\"@type\":\"ReadAction\",\"target\":[\"https:\\\/\\\/ikernutricionymass.com\\\/producto\\\/digezymex-120cap-scientiffic-nutrition\\\/\"]}]},{\"@type\":\"ImageObject\",\"inLanguage\":\"eu\",\"@id\":\"https:\\\/\\\/ikernutricionymass.com\\\/producto\\\/digezymex-120cap-scientiffic-nutrition\\\/#primaryimage\",\"url\":\"https:\\\/\\\/ikernutricionymass.com\\\/wp-content\\\/uploads\\\/2024\\\/09\\\/digezymex.webp\",\"contentUrl\":\"https:\\\/\\\/ikernutricionymass.com\\\/wp-content\\\/uploads\\\/2024\\\/09\\\/digezymex.webp\",\"width\":600,\"height\":625},{\"@type\":\"BreadcrumbList\",\"@id\":\"https:\\\/\\\/ikernutricionymass.com\\\/producto\\\/digezymex-120cap-scientiffic-nutrition\\\/#breadcrumb\",\"itemListElement\":[{\"@type\":\"ListItem\",\"position\":1,\"name\":\"Portada\",\"item\":\"https:\\\/\\\/ikernutricionymass.com\\\/\"},{\"@type\":\"ListItem\",\"position\":2,\"name\":\"Tienda\",\"item\":\"https:\\\/\\\/ikernutricionymass.com\\\/tienda\\\/\"},{\"@type\":\"ListItem\",\"position\":3,\"name\":\"DIGEZYMEX 120CAP (SCIENTIFFIC NUTRITION)\"}]},{\"@type\":\"WebSite\",\"@id\":\"https:\\\/\\\/ikernutricionymass.com\\\/#website\",\"url\":\"https:\\\/\\\/ikernutricionymass.com\\\/\",\"name\":\"Iker Nutrici\u00f3n y M\u00e1s\",\"description\":\"\",\"publisher\":{\"@id\":\"https:\\\/\\\/ikernutricionymass.com\\\/#organization\"},\"potentialAction\":[{\"@type\":\"SearchAction\",\"target\":{\"@type\":\"EntryPoint\",\"urlTemplate\":\"https:\\\/\\\/ikernutricionymass.com\\\/?s={search_term_string}\"},\"query-input\":{\"@type\":\"PropertyValueSpecification\",\"valueRequired\":true,\"valueName\":\"search_term_string\"}}],\"inLanguage\":\"eu\"},{\"@type\":\"Organization\",\"@id\":\"https:\\\/\\\/ikernutricionymass.com\\\/#organization\",\"name\":\"Iker Nutrici\u00f3n y M\u00e1s\",\"url\":\"https:\\\/\\\/ikernutricionymass.com\\\/\",\"logo\":{\"@type\":\"ImageObject\",\"inLanguage\":\"eu\",\"@id\":\"https:\\\/\\\/ikernutricionymass.com\\\/#\\\/schema\\\/logo\\\/image\\\/\",\"url\":\"https:\\\/\\\/ikernutricionymass.com\\\/wp-content\\\/uploads\\\/2024\\\/07\\\/cropped-IKER_NUTRICION_Y_MAS_-01.png\",\"contentUrl\":\"https:\\\/\\\/ikernutricionymass.com\\\/wp-content\\\/uploads\\\/2024\\\/07\\\/cropped-IKER_NUTRICION_Y_MAS_-01.png\",\"width\":1919,\"height\":1080,\"caption\":\"Iker Nutrici\u00f3n y M\u00e1s\"},\"image\":{\"@id\":\"https:\\\/\\\/ikernutricionymass.com\\\/#\\\/schema\\\/logo\\\/image\\\/\"}}]}<\/script>\n<!-- \/ Yoast SEO plugin. -->","yoast_head_json":{"title":"DIGEZYMEX 120CAP (SCIENTIFFIC NUTRITION) - Iker Nutrici\u00f3n y M\u00e1s","robots":{"index":"index","follow":"follow","max-snippet":"max-snippet:-1","max-image-preview":"max-image-preview:large","max-video-preview":"max-video-preview:-1"},"canonical":"https:\/\/ikernutricionymass.com\/eu\/produktua\/digezymex-120cap-scientiffic-nutrition\/","og_locale":"en_US","og_type":"article","og_title":"DIGEZYMEX 120CAP (SCIENTIFFIC NUTRITION) - Iker Nutrici\u00f3n y M\u00e1s","og_description":"Mejora tus digestiones favoreciendo la asimilaci\u00f3n de nutrientes, contribuyendo a la expulsi\u00f3n de gases y reduciendo las molestias estomacales. Con hinojo, alcachofa, inulina y bromelina. Facilita las digestiones. Contribuye a una mejor absorci\u00f3n de nutrientes. Con propiedades carminativas (expulsi\u00f3n de gases). Favorece la reducci\u00f3n de la hinchaz\u00f3n y las molestias estomacales. Dosis recomendada: 2 c\u00e1psulas.","og_url":"https:\/\/ikernutricionymass.com\/eu\/produktua\/digezymex-120cap-scientiffic-nutrition\/","og_site_name":"Iker Nutrici\u00f3n y M\u00e1s","article_modified_time":"2024-09-18T17:20:04+00:00","og_image":[{"width":600,"height":625,"url":"https:\/\/ikernutricionymass.com\/wp-content\/uploads\/2024\/09\/digezymex.webp","type":"image\/webp"}],"twitter_card":"summary_large_image","twitter_misc":{"Est. reading time":"1 minutua"},"schema":{"@context":"https:\/\/schema.org","@graph":[{"@type":"WebPage","@id":"https:\/\/ikernutricionymass.com\/producto\/digezymex-120cap-scientiffic-nutrition\/","url":"https:\/\/ikernutricionymass.com\/producto\/digezymex-120cap-scientiffic-nutrition\/","name":"DIGEZYMEX 120CAP (SCIENTIFFIC NUTRITION) - Iker Nutrici\u00f3n y M\u00e1s","isPartOf":{"@id":"https:\/\/ikernutricionymass.com\/#website"},"primaryImageOfPage":{"@id":"https:\/\/ikernutricionymass.com\/producto\/digezymex-120cap-scientiffic-nutrition\/#primaryimage"},"image":{"@id":"https:\/\/ikernutricionymass.com\/producto\/digezymex-120cap-scientiffic-nutrition\/#primaryimage"},"thumbnailUrl":"https:\/\/ikernutricionymass.com\/wp-content\/uploads\/2024\/09\/digezymex.webp","datePublished":"2024-09-18T17:20:03+00:00","dateModified":"2024-09-18T17:20:04+00:00","breadcrumb":{"@id":"https:\/\/ikernutricionymass.com\/producto\/digezymex-120cap-scientiffic-nutrition\/#breadcrumb"},"inLanguage":"eu","potentialAction":[{"@type":"ReadAction","target":["https:\/\/ikernutricionymass.com\/producto\/digezymex-120cap-scientiffic-nutrition\/"]}]},{"@type":"ImageObject","inLanguage":"eu","@id":"https:\/\/ikernutricionymass.com\/producto\/digezymex-120cap-scientiffic-nutrition\/#primaryimage","url":"https:\/\/ikernutricionymass.com\/wp-content\/uploads\/2024\/09\/digezymex.webp","contentUrl":"https:\/\/ikernutricionymass.com\/wp-content\/uploads\/2024\/09\/digezymex.webp","width":600,"height":625},{"@type":"BreadcrumbList","@id":"https:\/\/ikernutricionymass.com\/producto\/digezymex-120cap-scientiffic-nutrition\/#breadcrumb","itemListElement":[{"@type":"ListItem","position":1,"name":"Portada","item":"https:\/\/ikernutricionymass.com\/"},{"@type":"ListItem","position":2,"name":"Tienda","item":"https:\/\/ikernutricionymass.com\/tienda\/"},{"@type":"ListItem","position":3,"name":"DIGEZYMEX 120CAP (SCIENTIFFIC NUTRITION)"}]},{"@type":"WebSite","@id":"https:\/\/ikernutricionymass.com\/#website","url":"https:\/\/ikernutricionymass.com\/","name":"Iker Nutrici\u00f3n y M\u00e1s","description":"","publisher":{"@id":"https:\/\/ikernutricionymass.com\/#organization"},"potentialAction":[{"@type":"SearchAction","target":{"@type":"EntryPoint","urlTemplate":"https:\/\/ikernutricionymass.com\/?s={search_term_string}"},"query-input":{"@type":"PropertyValueSpecification","valueRequired":true,"valueName":"search_term_string"}}],"inLanguage":"eu"},{"@type":"Organization","@id":"https:\/\/ikernutricionymass.com\/#organization","name":"Iker Nutrici\u00f3n y M\u00e1s","url":"https:\/\/ikernutricionymass.com\/","logo":{"@type":"ImageObject","inLanguage":"eu","@id":"https:\/\/ikernutricionymass.com\/#\/schema\/logo\/image\/","url":"https:\/\/ikernutricionymass.com\/wp-content\/uploads\/2024\/07\/cropped-IKER_NUTRICION_Y_MAS_-01.png","contentUrl":"https:\/\/ikernutricionymass.com\/wp-content\/uploads\/2024\/07\/cropped-IKER_NUTRICION_Y_MAS_-01.png","width":1919,"height":1080,"caption":"Iker Nutrici\u00f3n y M\u00e1s"},"image":{"@id":"https:\/\/ikernutricionymass.com\/#\/schema\/logo\/image\/"}}]}},"jetpack_sharing_enabled":true,"_links":{"self":[{"href":"https:\/\/ikernutricionymass.com\/eu\/wp-json\/wp\/v2\/product\/1765","targetHints":{"allow":["GET"]}}],"collection":[{"href":"https:\/\/ikernutricionymass.com\/eu\/wp-json\/wp\/v2\/product"}],"about":[{"href":"https:\/\/ikernutricionymass.com\/eu\/wp-json\/wp\/v2\/types\/product"}],"replies":[{"embeddable":true,"href":"https:\/\/ikernutricionymass.com\/eu\/wp-json\/wp\/v2\/comments?post=1765"}],"wp:featuredmedia":[{"embeddable":true,"href":"https:\/\/ikernutricionymass.com\/eu\/wp-json\/wp\/v2\/media\/1766"}],"wp:attachment":[{"href":"https:\/\/ikernutricionymass.com\/eu\/wp-json\/wp\/v2\/media?parent=1765"}],"wp:term":[{"taxonomy":"product_brand","embeddable":true,"href":"https:\/\/ikernutricionymass.com\/eu\/wp-json\/wp\/v2\/product_brand?post=1765"},{"taxonomy":"product_cat","embeddable":true,"href":"https:\/\/ikernutricionymass.com\/eu\/wp-json\/wp\/v2\/product_cat?post=1765"},{"taxonomy":"product_tag","embeddable":true,"href":"https:\/\/ikernutricionymass.com\/eu\/wp-json\/wp\/v2\/product_tag?post=1765"}],"curies":[{"name":"wp","href":"https:\/\/api.w.org\/{rel}","templated":true}]}}