{"id":1759,"date":"2024-09-18T17:07:06","date_gmt":"2024-09-18T17:07:06","guid":{"rendered":"https:\/\/ikernutricionymass.com\/?post_type=product&#038;p=1759"},"modified":"2024-09-18T17:07:07","modified_gmt":"2024-09-18T17:07:07","slug":"aceite-krill-60-cap-scientiffic-nutrition","status":"publish","type":"product","link":"https:\/\/ikernutricionymass.com\/eu\/produktua\/aceite-krill-60-cap-scientiffic-nutrition\/","title":{"rendered":"ACEITE KRILL 60 CAP (SCIENTIFFIC NUTRITION)"},"content":{"rendered":"<p>Contribuye al funcionamiento natural del coraz\u00f3n, el metabolismo normal de los l\u00edpidos, la reducci\u00f3n del colesterol y al correcto funcionamiento del h\u00edgado.<\/p>\n<p>Declaraciones de salud aprobadas por la EFSA:<\/p>\n<div class=\"wp-block-columns is-layout-flex wp-container-core-columns-is-layout-6 wp-block-columns-is-layout-flex\">\n<div class=\"wp-block-column is-layout-flow wp-block-column-is-layout-flow\">\n<ol class=\"wp-block-list\">\n<li>Una ingesta diaria de 250mg de EPA y DHA contribuye al funcionamiento normal del coraz\u00f3n.<\/li>\n<li>La ingesta diaria de 82,5mg de colina contribuye al metabolismo normal de los l\u00edpidos y al funcionamiento normal del h\u00edgado.<\/li>\n<li>La dosis diaria recomendada de aceite de krill nos aportar\u00e1 estos beneficios para la salud cardiovascular, siendo una soluci\u00f3n eficaz para la reducci\u00f3n de los niveles de colesterol en lugar de las monacolinas.<\/li>\n<\/ol>\n<\/div>\n<\/div>","protected":false},"excerpt":{"rendered":"<p>Contribuye al funcionamiento natural del coraz\u00f3n, el metabolismo normal de los l\u00edpidos, la reducci\u00f3n del colesterol y al correcto funcionamiento del h\u00edgado. Declaraciones de salud aprobadas por la EFSA: Una ingesta diaria de 250mg de EPA y DHA contribuye al funcionamiento normal del coraz\u00f3n. La ingesta diaria de 82,5mg de colina contribuye al metabolismo normal [&hellip;]<\/p>\n","protected":false},"featured_media":1760,"comment_status":"open","ping_status":"closed","template":"","meta":[],"product_brand":[],"product_cat":[21,33],"product_tag":[],"class_list":{"0":"post-1759","1":"product","2":"type-product","3":"status-publish","4":"has-post-thumbnail","6":"product_cat-acidos-grasos","7":"product_cat-salud-y-bienestar","9":"first","10":"instock","11":"shipping-taxable","12":"purchasable","13":"product-type-simple"},"yoast_head":"<!-- This site is optimized with the Yoast SEO plugin v27.3 - https:\/\/yoast.com\/product\/yoast-seo-wordpress\/ -->\n<title>ACEITE KRILL 60 CAP (SCIENTIFFIC NUTRITION) - Iker Nutrici\u00f3n y M\u00e1s<\/title>\n<meta name=\"robots\" content=\"index, follow, max-snippet:-1, max-image-preview:large, max-video-preview:-1\" \/>\n<link rel=\"canonical\" href=\"https:\/\/ikernutricionymass.com\/eu\/produktua\/aceite-krill-60-cap-scientiffic-nutrition\/\" \/>\n<meta property=\"og:locale\" content=\"en_US\" \/>\n<meta property=\"og:type\" content=\"article\" \/>\n<meta property=\"og:title\" content=\"ACEITE KRILL 60 CAP (SCIENTIFFIC NUTRITION) - Iker Nutrici\u00f3n y M\u00e1s\" \/>\n<meta property=\"og:description\" content=\"Contribuye al funcionamiento natural del coraz\u00f3n, el metabolismo normal de los l\u00edpidos, la reducci\u00f3n del colesterol y al correcto funcionamiento del h\u00edgado. Declaraciones de salud aprobadas por la EFSA: Una ingesta diaria de 250mg de EPA y DHA contribuye al funcionamiento normal del coraz\u00f3n. La ingesta diaria de 82,5mg de colina contribuye al metabolismo normal [&hellip;]\" \/>\n<meta property=\"og:url\" content=\"https:\/\/ikernutricionymass.com\/eu\/produktua\/aceite-krill-60-cap-scientiffic-nutrition\/\" \/>\n<meta property=\"og:site_name\" content=\"Iker Nutrici\u00f3n y M\u00e1s\" \/>\n<meta property=\"article:modified_time\" content=\"2024-09-18T17:07:07+00:00\" \/>\n<meta property=\"og:image\" content=\"https:\/\/ikernutricionymass.com\/wp-content\/uploads\/2024\/09\/10.-Krill-60-perlas.webp\" \/>\n\t<meta property=\"og:image:width\" content=\"730\" \/>\n\t<meta property=\"og:image:height\" content=\"760\" \/>\n\t<meta property=\"og:image:type\" content=\"image\/webp\" \/>\n<meta name=\"twitter:card\" content=\"summary_large_image\" \/>\n<meta name=\"twitter:label1\" content=\"Est. reading time\" \/>\n\t<meta name=\"twitter:data1\" content=\"1 minutua\" \/>\n<script type=\"application\/ld+json\" class=\"yoast-schema-graph\">{\"@context\":\"https:\\\/\\\/schema.org\",\"@graph\":[{\"@type\":\"WebPage\",\"@id\":\"https:\\\/\\\/ikernutricionymass.com\\\/producto\\\/aceite-krill-60-cap-scientiffic-nutrition\\\/\",\"url\":\"https:\\\/\\\/ikernutricionymass.com\\\/producto\\\/aceite-krill-60-cap-scientiffic-nutrition\\\/\",\"name\":\"ACEITE KRILL 60 CAP (SCIENTIFFIC NUTRITION) - Iker Nutrici\u00f3n y M\u00e1s\",\"isPartOf\":{\"@id\":\"https:\\\/\\\/ikernutricionymass.com\\\/#website\"},\"primaryImageOfPage\":{\"@id\":\"https:\\\/\\\/ikernutricionymass.com\\\/producto\\\/aceite-krill-60-cap-scientiffic-nutrition\\\/#primaryimage\"},\"image\":{\"@id\":\"https:\\\/\\\/ikernutricionymass.com\\\/producto\\\/aceite-krill-60-cap-scientiffic-nutrition\\\/#primaryimage\"},\"thumbnailUrl\":\"https:\\\/\\\/ikernutricionymass.com\\\/wp-content\\\/uploads\\\/2024\\\/09\\\/10.-Krill-60-perlas.webp\",\"datePublished\":\"2024-09-18T17:07:06+00:00\",\"dateModified\":\"2024-09-18T17:07:07+00:00\",\"breadcrumb\":{\"@id\":\"https:\\\/\\\/ikernutricionymass.com\\\/producto\\\/aceite-krill-60-cap-scientiffic-nutrition\\\/#breadcrumb\"},\"inLanguage\":\"eu\",\"potentialAction\":[{\"@type\":\"ReadAction\",\"target\":[\"https:\\\/\\\/ikernutricionymass.com\\\/producto\\\/aceite-krill-60-cap-scientiffic-nutrition\\\/\"]}]},{\"@type\":\"ImageObject\",\"inLanguage\":\"eu\",\"@id\":\"https:\\\/\\\/ikernutricionymass.com\\\/producto\\\/aceite-krill-60-cap-scientiffic-nutrition\\\/#primaryimage\",\"url\":\"https:\\\/\\\/ikernutricionymass.com\\\/wp-content\\\/uploads\\\/2024\\\/09\\\/10.-Krill-60-perlas.webp\",\"contentUrl\":\"https:\\\/\\\/ikernutricionymass.com\\\/wp-content\\\/uploads\\\/2024\\\/09\\\/10.-Krill-60-perlas.webp\",\"width\":730,\"height\":760},{\"@type\":\"BreadcrumbList\",\"@id\":\"https:\\\/\\\/ikernutricionymass.com\\\/producto\\\/aceite-krill-60-cap-scientiffic-nutrition\\\/#breadcrumb\",\"itemListElement\":[{\"@type\":\"ListItem\",\"position\":1,\"name\":\"Portada\",\"item\":\"https:\\\/\\\/ikernutricionymass.com\\\/\"},{\"@type\":\"ListItem\",\"position\":2,\"name\":\"Tienda\",\"item\":\"https:\\\/\\\/ikernutricionymass.com\\\/tienda\\\/\"},{\"@type\":\"ListItem\",\"position\":3,\"name\":\"ACEITE KRILL 60 CAP (SCIENTIFFIC NUTRITION)\"}]},{\"@type\":\"WebSite\",\"@id\":\"https:\\\/\\\/ikernutricionymass.com\\\/#website\",\"url\":\"https:\\\/\\\/ikernutricionymass.com\\\/\",\"name\":\"Iker Nutrici\u00f3n y M\u00e1s\",\"description\":\"\",\"publisher\":{\"@id\":\"https:\\\/\\\/ikernutricionymass.com\\\/#organization\"},\"potentialAction\":[{\"@type\":\"SearchAction\",\"target\":{\"@type\":\"EntryPoint\",\"urlTemplate\":\"https:\\\/\\\/ikernutricionymass.com\\\/?s={search_term_string}\"},\"query-input\":{\"@type\":\"PropertyValueSpecification\",\"valueRequired\":true,\"valueName\":\"search_term_string\"}}],\"inLanguage\":\"eu\"},{\"@type\":\"Organization\",\"@id\":\"https:\\\/\\\/ikernutricionymass.com\\\/#organization\",\"name\":\"Iker Nutrici\u00f3n y M\u00e1s\",\"url\":\"https:\\\/\\\/ikernutricionymass.com\\\/\",\"logo\":{\"@type\":\"ImageObject\",\"inLanguage\":\"eu\",\"@id\":\"https:\\\/\\\/ikernutricionymass.com\\\/#\\\/schema\\\/logo\\\/image\\\/\",\"url\":\"https:\\\/\\\/ikernutricionymass.com\\\/wp-content\\\/uploads\\\/2024\\\/07\\\/cropped-IKER_NUTRICION_Y_MAS_-01.png\",\"contentUrl\":\"https:\\\/\\\/ikernutricionymass.com\\\/wp-content\\\/uploads\\\/2024\\\/07\\\/cropped-IKER_NUTRICION_Y_MAS_-01.png\",\"width\":1919,\"height\":1080,\"caption\":\"Iker Nutrici\u00f3n y M\u00e1s\"},\"image\":{\"@id\":\"https:\\\/\\\/ikernutricionymass.com\\\/#\\\/schema\\\/logo\\\/image\\\/\"}}]}<\/script>\n<!-- \/ Yoast SEO plugin. -->","yoast_head_json":{"title":"ACEITE KRILL 60 CAP (SCIENTIFFIC NUTRITION) - Iker Nutrici\u00f3n y M\u00e1s","robots":{"index":"index","follow":"follow","max-snippet":"max-snippet:-1","max-image-preview":"max-image-preview:large","max-video-preview":"max-video-preview:-1"},"canonical":"https:\/\/ikernutricionymass.com\/eu\/produktua\/aceite-krill-60-cap-scientiffic-nutrition\/","og_locale":"en_US","og_type":"article","og_title":"ACEITE KRILL 60 CAP (SCIENTIFFIC NUTRITION) - Iker Nutrici\u00f3n y M\u00e1s","og_description":"Contribuye al funcionamiento natural del coraz\u00f3n, el metabolismo normal de los l\u00edpidos, la reducci\u00f3n del colesterol y al correcto funcionamiento del h\u00edgado. Declaraciones de salud aprobadas por la EFSA: Una ingesta diaria de 250mg de EPA y DHA contribuye al funcionamiento normal del coraz\u00f3n. La ingesta diaria de 82,5mg de colina contribuye al metabolismo normal [&hellip;]","og_url":"https:\/\/ikernutricionymass.com\/eu\/produktua\/aceite-krill-60-cap-scientiffic-nutrition\/","og_site_name":"Iker Nutrici\u00f3n y M\u00e1s","article_modified_time":"2024-09-18T17:07:07+00:00","og_image":[{"width":730,"height":760,"url":"https:\/\/ikernutricionymass.com\/wp-content\/uploads\/2024\/09\/10.-Krill-60-perlas.webp","type":"image\/webp"}],"twitter_card":"summary_large_image","twitter_misc":{"Est. reading time":"1 minutua"},"schema":{"@context":"https:\/\/schema.org","@graph":[{"@type":"WebPage","@id":"https:\/\/ikernutricionymass.com\/producto\/aceite-krill-60-cap-scientiffic-nutrition\/","url":"https:\/\/ikernutricionymass.com\/producto\/aceite-krill-60-cap-scientiffic-nutrition\/","name":"ACEITE KRILL 60 CAP (SCIENTIFFIC NUTRITION) - Iker Nutrici\u00f3n y M\u00e1s","isPartOf":{"@id":"https:\/\/ikernutricionymass.com\/#website"},"primaryImageOfPage":{"@id":"https:\/\/ikernutricionymass.com\/producto\/aceite-krill-60-cap-scientiffic-nutrition\/#primaryimage"},"image":{"@id":"https:\/\/ikernutricionymass.com\/producto\/aceite-krill-60-cap-scientiffic-nutrition\/#primaryimage"},"thumbnailUrl":"https:\/\/ikernutricionymass.com\/wp-content\/uploads\/2024\/09\/10.-Krill-60-perlas.webp","datePublished":"2024-09-18T17:07:06+00:00","dateModified":"2024-09-18T17:07:07+00:00","breadcrumb":{"@id":"https:\/\/ikernutricionymass.com\/producto\/aceite-krill-60-cap-scientiffic-nutrition\/#breadcrumb"},"inLanguage":"eu","potentialAction":[{"@type":"ReadAction","target":["https:\/\/ikernutricionymass.com\/producto\/aceite-krill-60-cap-scientiffic-nutrition\/"]}]},{"@type":"ImageObject","inLanguage":"eu","@id":"https:\/\/ikernutricionymass.com\/producto\/aceite-krill-60-cap-scientiffic-nutrition\/#primaryimage","url":"https:\/\/ikernutricionymass.com\/wp-content\/uploads\/2024\/09\/10.-Krill-60-perlas.webp","contentUrl":"https:\/\/ikernutricionymass.com\/wp-content\/uploads\/2024\/09\/10.-Krill-60-perlas.webp","width":730,"height":760},{"@type":"BreadcrumbList","@id":"https:\/\/ikernutricionymass.com\/producto\/aceite-krill-60-cap-scientiffic-nutrition\/#breadcrumb","itemListElement":[{"@type":"ListItem","position":1,"name":"Portada","item":"https:\/\/ikernutricionymass.com\/"},{"@type":"ListItem","position":2,"name":"Tienda","item":"https:\/\/ikernutricionymass.com\/tienda\/"},{"@type":"ListItem","position":3,"name":"ACEITE KRILL 60 CAP (SCIENTIFFIC NUTRITION)"}]},{"@type":"WebSite","@id":"https:\/\/ikernutricionymass.com\/#website","url":"https:\/\/ikernutricionymass.com\/","name":"Iker Nutrici\u00f3n y M\u00e1s","description":"","publisher":{"@id":"https:\/\/ikernutricionymass.com\/#organization"},"potentialAction":[{"@type":"SearchAction","target":{"@type":"EntryPoint","urlTemplate":"https:\/\/ikernutricionymass.com\/?s={search_term_string}"},"query-input":{"@type":"PropertyValueSpecification","valueRequired":true,"valueName":"search_term_string"}}],"inLanguage":"eu"},{"@type":"Organization","@id":"https:\/\/ikernutricionymass.com\/#organization","name":"Iker Nutrici\u00f3n y M\u00e1s","url":"https:\/\/ikernutricionymass.com\/","logo":{"@type":"ImageObject","inLanguage":"eu","@id":"https:\/\/ikernutricionymass.com\/#\/schema\/logo\/image\/","url":"https:\/\/ikernutricionymass.com\/wp-content\/uploads\/2024\/07\/cropped-IKER_NUTRICION_Y_MAS_-01.png","contentUrl":"https:\/\/ikernutricionymass.com\/wp-content\/uploads\/2024\/07\/cropped-IKER_NUTRICION_Y_MAS_-01.png","width":1919,"height":1080,"caption":"Iker Nutrici\u00f3n y M\u00e1s"},"image":{"@id":"https:\/\/ikernutricionymass.com\/#\/schema\/logo\/image\/"}}]}},"jetpack_sharing_enabled":true,"_links":{"self":[{"href":"https:\/\/ikernutricionymass.com\/eu\/wp-json\/wp\/v2\/product\/1759","targetHints":{"allow":["GET"]}}],"collection":[{"href":"https:\/\/ikernutricionymass.com\/eu\/wp-json\/wp\/v2\/product"}],"about":[{"href":"https:\/\/ikernutricionymass.com\/eu\/wp-json\/wp\/v2\/types\/product"}],"replies":[{"embeddable":true,"href":"https:\/\/ikernutricionymass.com\/eu\/wp-json\/wp\/v2\/comments?post=1759"}],"wp:featuredmedia":[{"embeddable":true,"href":"https:\/\/ikernutricionymass.com\/eu\/wp-json\/wp\/v2\/media\/1760"}],"wp:attachment":[{"href":"https:\/\/ikernutricionymass.com\/eu\/wp-json\/wp\/v2\/media?parent=1759"}],"wp:term":[{"taxonomy":"product_brand","embeddable":true,"href":"https:\/\/ikernutricionymass.com\/eu\/wp-json\/wp\/v2\/product_brand?post=1759"},{"taxonomy":"product_cat","embeddable":true,"href":"https:\/\/ikernutricionymass.com\/eu\/wp-json\/wp\/v2\/product_cat?post=1759"},{"taxonomy":"product_tag","embeddable":true,"href":"https:\/\/ikernutricionymass.com\/eu\/wp-json\/wp\/v2\/product_tag?post=1759"}],"curies":[{"name":"wp","href":"https:\/\/api.w.org\/{rel}","templated":true}]}}