{"id":1749,"date":"2024-09-18T16:17:50","date_gmt":"2024-09-18T16:17:50","guid":{"rendered":"https:\/\/ikernutricionymass.com\/?post_type=product&#038;p=1749"},"modified":"2024-09-18T16:18:58","modified_gmt":"2024-09-18T16:18:58","slug":"glucosamine-complex-120-cap-io-genix","status":"publish","type":"product","link":"https:\/\/ikernutricionymass.com\/eu\/produktua\/glucosamine-complex-120-cap-io-genix\/","title":{"rendered":"GLUCOSAMINE COMPLEX 120 CAP (IO.GENIX)"},"content":{"rendered":"<p><strong>Glucosamina complex<\/strong>\u00a0es un\u00a0<strong>producto ideal<\/strong>\u00a0para a\u00f1adir junto a una dieta variada y equilibrada ayudando a afrontar los d\u00edas m\u00e1s intensos y los entrenamientos m\u00e1s exigentes, perfecto para los deportistas que llevan a sus entrenamientos al l\u00edmite.<\/p>\n<p>Los problemas articulares pueden derivar de distintas situaciones del d\u00eda a d\u00eda como pasar mucho tiempo de pie o sentados durante las horas de trabajo, en posiciones que no siempre son las mejores. Al igual que ocurre al realizar deportes de alto impacto de forma frecuente, involucrando de forma directa las articulaciones.<\/p>\n<p>Dosis recomendada: 4 c\u00e1psulas.<\/p>","protected":false},"excerpt":{"rendered":"<p>Glucosamina complex\u00a0es un\u00a0producto ideal\u00a0para a\u00f1adir junto a una dieta variada y equilibrada ayudando a afrontar los d\u00edas m\u00e1s intensos y los entrenamientos m\u00e1s exigentes, perfecto para los deportistas que llevan a sus entrenamientos al l\u00edmite. Los problemas articulares pueden derivar de distintas situaciones del d\u00eda a d\u00eda como pasar mucho tiempo de pie o sentados [&hellip;]<\/p>\n","protected":false},"featured_media":1750,"comment_status":"open","ping_status":"closed","template":"","meta":[],"product_brand":[],"product_cat":[31,32,33],"product_tag":[],"class_list":{"0":"post-1749","1":"product","2":"type-product","3":"status-publish","4":"has-post-thumbnail","6":"product_cat-rendimiento","7":"product_cat-salud-articular","8":"product_cat-salud-y-bienestar","10":"first","11":"instock","12":"shipping-taxable","13":"purchasable","14":"product-type-simple"},"yoast_head":"<!-- This site is optimized with the Yoast SEO plugin v27.3 - https:\/\/yoast.com\/product\/yoast-seo-wordpress\/ -->\n<title>GLUCOSAMINE COMPLEX 120 CAP (IO.GENIX) - Iker Nutrici\u00f3n y M\u00e1s<\/title>\n<meta name=\"robots\" content=\"index, follow, max-snippet:-1, max-image-preview:large, max-video-preview:-1\" \/>\n<link rel=\"canonical\" href=\"https:\/\/ikernutricionymass.com\/eu\/produktua\/glucosamine-complex-120-cap-io-genix\/\" \/>\n<meta property=\"og:locale\" content=\"en_US\" \/>\n<meta property=\"og:type\" content=\"article\" \/>\n<meta property=\"og:title\" content=\"GLUCOSAMINE COMPLEX 120 CAP (IO.GENIX) - Iker Nutrici\u00f3n y M\u00e1s\" \/>\n<meta property=\"og:description\" content=\"Glucosamina complex\u00a0es un\u00a0producto ideal\u00a0para a\u00f1adir junto a una dieta variada y equilibrada ayudando a afrontar los d\u00edas m\u00e1s intensos y los entrenamientos m\u00e1s exigentes, perfecto para los deportistas que llevan a sus entrenamientos al l\u00edmite. Los problemas articulares pueden derivar de distintas situaciones del d\u00eda a d\u00eda como pasar mucho tiempo de pie o sentados [&hellip;]\" \/>\n<meta property=\"og:url\" content=\"https:\/\/ikernutricionymass.com\/eu\/produktua\/glucosamine-complex-120-cap-io-genix\/\" \/>\n<meta property=\"og:site_name\" content=\"Iker Nutrici\u00f3n y M\u00e1s\" \/>\n<meta property=\"article:modified_time\" content=\"2024-09-18T16:18:58+00:00\" \/>\n<meta property=\"og:image\" content=\"https:\/\/ikernutricionymass.com\/wp-content\/uploads\/2024\/09\/glucosamine-complex.jpg\" \/>\n\t<meta property=\"og:image:width\" content=\"381\" \/>\n\t<meta property=\"og:image:height\" content=\"492\" \/>\n\t<meta property=\"og:image:type\" content=\"image\/jpeg\" \/>\n<meta name=\"twitter:card\" content=\"summary_large_image\" \/>\n<meta name=\"twitter:label1\" content=\"Est. reading time\" \/>\n\t<meta name=\"twitter:data1\" content=\"1 minutua\" \/>\n<script type=\"application\/ld+json\" class=\"yoast-schema-graph\">{\"@context\":\"https:\\\/\\\/schema.org\",\"@graph\":[{\"@type\":\"WebPage\",\"@id\":\"https:\\\/\\\/ikernutricionymass.com\\\/producto\\\/glucosamine-complex-120-cap-io-genix\\\/\",\"url\":\"https:\\\/\\\/ikernutricionymass.com\\\/producto\\\/glucosamine-complex-120-cap-io-genix\\\/\",\"name\":\"GLUCOSAMINE COMPLEX 120 CAP (IO.GENIX) - Iker Nutrici\u00f3n y M\u00e1s\",\"isPartOf\":{\"@id\":\"https:\\\/\\\/ikernutricionymass.com\\\/#website\"},\"primaryImageOfPage\":{\"@id\":\"https:\\\/\\\/ikernutricionymass.com\\\/producto\\\/glucosamine-complex-120-cap-io-genix\\\/#primaryimage\"},\"image\":{\"@id\":\"https:\\\/\\\/ikernutricionymass.com\\\/producto\\\/glucosamine-complex-120-cap-io-genix\\\/#primaryimage\"},\"thumbnailUrl\":\"https:\\\/\\\/ikernutricionymass.com\\\/wp-content\\\/uploads\\\/2024\\\/09\\\/glucosamine-complex.jpg\",\"datePublished\":\"2024-09-18T16:17:50+00:00\",\"dateModified\":\"2024-09-18T16:18:58+00:00\",\"breadcrumb\":{\"@id\":\"https:\\\/\\\/ikernutricionymass.com\\\/producto\\\/glucosamine-complex-120-cap-io-genix\\\/#breadcrumb\"},\"inLanguage\":\"eu\",\"potentialAction\":[{\"@type\":\"ReadAction\",\"target\":[\"https:\\\/\\\/ikernutricionymass.com\\\/producto\\\/glucosamine-complex-120-cap-io-genix\\\/\"]}]},{\"@type\":\"ImageObject\",\"inLanguage\":\"eu\",\"@id\":\"https:\\\/\\\/ikernutricionymass.com\\\/producto\\\/glucosamine-complex-120-cap-io-genix\\\/#primaryimage\",\"url\":\"https:\\\/\\\/ikernutricionymass.com\\\/wp-content\\\/uploads\\\/2024\\\/09\\\/glucosamine-complex.jpg\",\"contentUrl\":\"https:\\\/\\\/ikernutricionymass.com\\\/wp-content\\\/uploads\\\/2024\\\/09\\\/glucosamine-complex.jpg\",\"width\":381,\"height\":492},{\"@type\":\"BreadcrumbList\",\"@id\":\"https:\\\/\\\/ikernutricionymass.com\\\/producto\\\/glucosamine-complex-120-cap-io-genix\\\/#breadcrumb\",\"itemListElement\":[{\"@type\":\"ListItem\",\"position\":1,\"name\":\"Portada\",\"item\":\"https:\\\/\\\/ikernutricionymass.com\\\/\"},{\"@type\":\"ListItem\",\"position\":2,\"name\":\"Tienda\",\"item\":\"https:\\\/\\\/ikernutricionymass.com\\\/tienda\\\/\"},{\"@type\":\"ListItem\",\"position\":3,\"name\":\"GLUCOSAMINE COMPLEX 120 CAP (IO.GENIX)\"}]},{\"@type\":\"WebSite\",\"@id\":\"https:\\\/\\\/ikernutricionymass.com\\\/#website\",\"url\":\"https:\\\/\\\/ikernutricionymass.com\\\/\",\"name\":\"Iker Nutrici\u00f3n y M\u00e1s\",\"description\":\"\",\"publisher\":{\"@id\":\"https:\\\/\\\/ikernutricionymass.com\\\/#organization\"},\"potentialAction\":[{\"@type\":\"SearchAction\",\"target\":{\"@type\":\"EntryPoint\",\"urlTemplate\":\"https:\\\/\\\/ikernutricionymass.com\\\/?s={search_term_string}\"},\"query-input\":{\"@type\":\"PropertyValueSpecification\",\"valueRequired\":true,\"valueName\":\"search_term_string\"}}],\"inLanguage\":\"eu\"},{\"@type\":\"Organization\",\"@id\":\"https:\\\/\\\/ikernutricionymass.com\\\/#organization\",\"name\":\"Iker Nutrici\u00f3n y M\u00e1s\",\"url\":\"https:\\\/\\\/ikernutricionymass.com\\\/\",\"logo\":{\"@type\":\"ImageObject\",\"inLanguage\":\"eu\",\"@id\":\"https:\\\/\\\/ikernutricionymass.com\\\/#\\\/schema\\\/logo\\\/image\\\/\",\"url\":\"https:\\\/\\\/ikernutricionymass.com\\\/wp-content\\\/uploads\\\/2024\\\/07\\\/cropped-IKER_NUTRICION_Y_MAS_-01.png\",\"contentUrl\":\"https:\\\/\\\/ikernutricionymass.com\\\/wp-content\\\/uploads\\\/2024\\\/07\\\/cropped-IKER_NUTRICION_Y_MAS_-01.png\",\"width\":1919,\"height\":1080,\"caption\":\"Iker Nutrici\u00f3n y M\u00e1s\"},\"image\":{\"@id\":\"https:\\\/\\\/ikernutricionymass.com\\\/#\\\/schema\\\/logo\\\/image\\\/\"}}]}<\/script>\n<!-- \/ Yoast SEO plugin. -->","yoast_head_json":{"title":"GLUCOSAMINE COMPLEX 120 CAP (IO.GENIX) - Iker Nutrici\u00f3n y M\u00e1s","robots":{"index":"index","follow":"follow","max-snippet":"max-snippet:-1","max-image-preview":"max-image-preview:large","max-video-preview":"max-video-preview:-1"},"canonical":"https:\/\/ikernutricionymass.com\/eu\/produktua\/glucosamine-complex-120-cap-io-genix\/","og_locale":"en_US","og_type":"article","og_title":"GLUCOSAMINE COMPLEX 120 CAP (IO.GENIX) - Iker Nutrici\u00f3n y M\u00e1s","og_description":"Glucosamina complex\u00a0es un\u00a0producto ideal\u00a0para a\u00f1adir junto a una dieta variada y equilibrada ayudando a afrontar los d\u00edas m\u00e1s intensos y los entrenamientos m\u00e1s exigentes, perfecto para los deportistas que llevan a sus entrenamientos al l\u00edmite. Los problemas articulares pueden derivar de distintas situaciones del d\u00eda a d\u00eda como pasar mucho tiempo de pie o sentados [&hellip;]","og_url":"https:\/\/ikernutricionymass.com\/eu\/produktua\/glucosamine-complex-120-cap-io-genix\/","og_site_name":"Iker Nutrici\u00f3n y M\u00e1s","article_modified_time":"2024-09-18T16:18:58+00:00","og_image":[{"width":381,"height":492,"url":"https:\/\/ikernutricionymass.com\/wp-content\/uploads\/2024\/09\/glucosamine-complex.jpg","type":"image\/jpeg"}],"twitter_card":"summary_large_image","twitter_misc":{"Est. reading time":"1 minutua"},"schema":{"@context":"https:\/\/schema.org","@graph":[{"@type":"WebPage","@id":"https:\/\/ikernutricionymass.com\/producto\/glucosamine-complex-120-cap-io-genix\/","url":"https:\/\/ikernutricionymass.com\/producto\/glucosamine-complex-120-cap-io-genix\/","name":"GLUCOSAMINE COMPLEX 120 CAP (IO.GENIX) - Iker Nutrici\u00f3n y M\u00e1s","isPartOf":{"@id":"https:\/\/ikernutricionymass.com\/#website"},"primaryImageOfPage":{"@id":"https:\/\/ikernutricionymass.com\/producto\/glucosamine-complex-120-cap-io-genix\/#primaryimage"},"image":{"@id":"https:\/\/ikernutricionymass.com\/producto\/glucosamine-complex-120-cap-io-genix\/#primaryimage"},"thumbnailUrl":"https:\/\/ikernutricionymass.com\/wp-content\/uploads\/2024\/09\/glucosamine-complex.jpg","datePublished":"2024-09-18T16:17:50+00:00","dateModified":"2024-09-18T16:18:58+00:00","breadcrumb":{"@id":"https:\/\/ikernutricionymass.com\/producto\/glucosamine-complex-120-cap-io-genix\/#breadcrumb"},"inLanguage":"eu","potentialAction":[{"@type":"ReadAction","target":["https:\/\/ikernutricionymass.com\/producto\/glucosamine-complex-120-cap-io-genix\/"]}]},{"@type":"ImageObject","inLanguage":"eu","@id":"https:\/\/ikernutricionymass.com\/producto\/glucosamine-complex-120-cap-io-genix\/#primaryimage","url":"https:\/\/ikernutricionymass.com\/wp-content\/uploads\/2024\/09\/glucosamine-complex.jpg","contentUrl":"https:\/\/ikernutricionymass.com\/wp-content\/uploads\/2024\/09\/glucosamine-complex.jpg","width":381,"height":492},{"@type":"BreadcrumbList","@id":"https:\/\/ikernutricionymass.com\/producto\/glucosamine-complex-120-cap-io-genix\/#breadcrumb","itemListElement":[{"@type":"ListItem","position":1,"name":"Portada","item":"https:\/\/ikernutricionymass.com\/"},{"@type":"ListItem","position":2,"name":"Tienda","item":"https:\/\/ikernutricionymass.com\/tienda\/"},{"@type":"ListItem","position":3,"name":"GLUCOSAMINE COMPLEX 120 CAP (IO.GENIX)"}]},{"@type":"WebSite","@id":"https:\/\/ikernutricionymass.com\/#website","url":"https:\/\/ikernutricionymass.com\/","name":"Iker Nutrici\u00f3n y M\u00e1s","description":"","publisher":{"@id":"https:\/\/ikernutricionymass.com\/#organization"},"potentialAction":[{"@type":"SearchAction","target":{"@type":"EntryPoint","urlTemplate":"https:\/\/ikernutricionymass.com\/?s={search_term_string}"},"query-input":{"@type":"PropertyValueSpecification","valueRequired":true,"valueName":"search_term_string"}}],"inLanguage":"eu"},{"@type":"Organization","@id":"https:\/\/ikernutricionymass.com\/#organization","name":"Iker Nutrici\u00f3n y M\u00e1s","url":"https:\/\/ikernutricionymass.com\/","logo":{"@type":"ImageObject","inLanguage":"eu","@id":"https:\/\/ikernutricionymass.com\/#\/schema\/logo\/image\/","url":"https:\/\/ikernutricionymass.com\/wp-content\/uploads\/2024\/07\/cropped-IKER_NUTRICION_Y_MAS_-01.png","contentUrl":"https:\/\/ikernutricionymass.com\/wp-content\/uploads\/2024\/07\/cropped-IKER_NUTRICION_Y_MAS_-01.png","width":1919,"height":1080,"caption":"Iker Nutrici\u00f3n y M\u00e1s"},"image":{"@id":"https:\/\/ikernutricionymass.com\/#\/schema\/logo\/image\/"}}]}},"jetpack_sharing_enabled":true,"_links":{"self":[{"href":"https:\/\/ikernutricionymass.com\/eu\/wp-json\/wp\/v2\/product\/1749","targetHints":{"allow":["GET"]}}],"collection":[{"href":"https:\/\/ikernutricionymass.com\/eu\/wp-json\/wp\/v2\/product"}],"about":[{"href":"https:\/\/ikernutricionymass.com\/eu\/wp-json\/wp\/v2\/types\/product"}],"replies":[{"embeddable":true,"href":"https:\/\/ikernutricionymass.com\/eu\/wp-json\/wp\/v2\/comments?post=1749"}],"wp:featuredmedia":[{"embeddable":true,"href":"https:\/\/ikernutricionymass.com\/eu\/wp-json\/wp\/v2\/media\/1750"}],"wp:attachment":[{"href":"https:\/\/ikernutricionymass.com\/eu\/wp-json\/wp\/v2\/media?parent=1749"}],"wp:term":[{"taxonomy":"product_brand","embeddable":true,"href":"https:\/\/ikernutricionymass.com\/eu\/wp-json\/wp\/v2\/product_brand?post=1749"},{"taxonomy":"product_cat","embeddable":true,"href":"https:\/\/ikernutricionymass.com\/eu\/wp-json\/wp\/v2\/product_cat?post=1749"},{"taxonomy":"product_tag","embeddable":true,"href":"https:\/\/ikernutricionymass.com\/eu\/wp-json\/wp\/v2\/product_tag?post=1749"}],"curies":[{"name":"wp","href":"https:\/\/api.w.org\/{rel}","templated":true}]}}