{"id":1657,"date":"2024-09-17T17:43:32","date_gmt":"2024-09-17T17:43:32","guid":{"rendered":"https:\/\/ikernutricionymass.com\/?post_type=product&#038;p=1657"},"modified":"2026-02-18T16:44:08","modified_gmt":"2026-02-18T16:44:08","slug":"crema-avellanas-250g-fullgas","status":"publish","type":"product","link":"https:\/\/ikernutricionymass.com\/eu\/produktua\/crema-avellanas-250g-fullgas\/","title":{"rendered":"CREMA AVELLANAS 250G (FULLGAS)"},"content":{"rendered":"<p>\u00bfQu\u00e9 es Crema de Avellana?<\/p>\n<p>La crema de avellana de FullGas Sport es una rica manera de consumir grasas saludables. Es un producto fabricado con frutos secos de gran calidad, pelados y tostados antes de ser molidos para conseguir esta rica crema.<\/p>\n<p>Certificado ECO<\/p>\n<p>El producto se ha fabricado con productos de agricultura ecol\u00f3gica, teniendo as\u00ed oficialmente la certificado de producto ecol\u00f3gico. ES-ECO-025-NA. Agricultura UE.<\/p>","protected":false},"excerpt":{"rendered":"<p>\u00bfQu\u00e9 es Crema de Avellana? La crema de avellana de FullGas Sport es una rica manera de consumir grasas saludables. Es un producto fabricado con frutos secos de gran calidad, pelados y tostados antes de ser molidos para conseguir esta rica crema. Certificado ECO El producto se ha fabricado con productos de agricultura ecol\u00f3gica, teniendo [&hellip;]<\/p>\n","protected":false},"featured_media":1658,"comment_status":"open","ping_status":"closed","template":"","meta":[],"product_brand":[],"product_cat":[19],"product_tag":[],"class_list":{"0":"post-1657","1":"product","2":"type-product","3":"status-publish","4":"has-post-thumbnail","6":"product_cat-alimentacion","8":"first","9":"instock","10":"shipping-taxable","11":"purchasable","12":"product-type-simple"},"yoast_head":"<!-- This site is optimized with the Yoast SEO plugin v27.3 - https:\/\/yoast.com\/product\/yoast-seo-wordpress\/ -->\n<title>CREMA AVELLANAS 250G (FULLGAS) - Iker Nutrici\u00f3n y M\u00e1s<\/title>\n<meta name=\"robots\" content=\"index, follow, max-snippet:-1, max-image-preview:large, max-video-preview:-1\" \/>\n<link rel=\"canonical\" href=\"https:\/\/ikernutricionymass.com\/eu\/produktua\/crema-avellanas-250g-fullgas\/\" \/>\n<meta property=\"og:locale\" content=\"en_US\" \/>\n<meta property=\"og:type\" content=\"article\" \/>\n<meta property=\"og:title\" content=\"CREMA AVELLANAS 250G (FULLGAS) - Iker Nutrici\u00f3n y M\u00e1s\" \/>\n<meta property=\"og:description\" content=\"\u00bfQu\u00e9 es Crema de Avellana? La crema de avellana de FullGas Sport es una rica manera de consumir grasas saludables. Es un producto fabricado con frutos secos de gran calidad, pelados y tostados antes de ser molidos para conseguir esta rica crema. Certificado ECO El producto se ha fabricado con productos de agricultura ecol\u00f3gica, teniendo [&hellip;]\" \/>\n<meta property=\"og:url\" content=\"https:\/\/ikernutricionymass.com\/eu\/produktua\/crema-avellanas-250g-fullgas\/\" \/>\n<meta property=\"og:site_name\" content=\"Iker Nutrici\u00f3n y M\u00e1s\" \/>\n<meta property=\"article:modified_time\" content=\"2026-02-18T16:44:08+00:00\" \/>\n<meta property=\"og:image\" content=\"https:\/\/ikernutricionymass.com\/wp-content\/uploads\/2024\/09\/crema-de-avellanas-bio-250g.jpg\" \/>\n\t<meta property=\"og:image:width\" content=\"800\" \/>\n\t<meta property=\"og:image:height\" content=\"800\" \/>\n\t<meta property=\"og:image:type\" content=\"image\/jpeg\" \/>\n<meta name=\"twitter:card\" content=\"summary_large_image\" \/>\n<meta name=\"twitter:label1\" content=\"Est. reading time\" \/>\n\t<meta name=\"twitter:data1\" content=\"1 minutua\" \/>\n<script type=\"application\/ld+json\" class=\"yoast-schema-graph\">{\"@context\":\"https:\\\/\\\/schema.org\",\"@graph\":[{\"@type\":\"WebPage\",\"@id\":\"https:\\\/\\\/ikernutricionymass.com\\\/producto\\\/crema-avellanas-250g-fullgas\\\/\",\"url\":\"https:\\\/\\\/ikernutricionymass.com\\\/producto\\\/crema-avellanas-250g-fullgas\\\/\",\"name\":\"CREMA AVELLANAS 250G (FULLGAS) - Iker Nutrici\u00f3n y M\u00e1s\",\"isPartOf\":{\"@id\":\"https:\\\/\\\/ikernutricionymass.com\\\/#website\"},\"primaryImageOfPage\":{\"@id\":\"https:\\\/\\\/ikernutricionymass.com\\\/producto\\\/crema-avellanas-250g-fullgas\\\/#primaryimage\"},\"image\":{\"@id\":\"https:\\\/\\\/ikernutricionymass.com\\\/producto\\\/crema-avellanas-250g-fullgas\\\/#primaryimage\"},\"thumbnailUrl\":\"https:\\\/\\\/ikernutricionymass.com\\\/wp-content\\\/uploads\\\/2024\\\/09\\\/crema-de-avellanas-bio-250g.jpg\",\"datePublished\":\"2024-09-17T17:43:32+00:00\",\"dateModified\":\"2026-02-18T16:44:08+00:00\",\"breadcrumb\":{\"@id\":\"https:\\\/\\\/ikernutricionymass.com\\\/producto\\\/crema-avellanas-250g-fullgas\\\/#breadcrumb\"},\"inLanguage\":\"eu\",\"potentialAction\":[{\"@type\":\"ReadAction\",\"target\":[\"https:\\\/\\\/ikernutricionymass.com\\\/producto\\\/crema-avellanas-250g-fullgas\\\/\"]}]},{\"@type\":\"ImageObject\",\"inLanguage\":\"eu\",\"@id\":\"https:\\\/\\\/ikernutricionymass.com\\\/producto\\\/crema-avellanas-250g-fullgas\\\/#primaryimage\",\"url\":\"https:\\\/\\\/ikernutricionymass.com\\\/wp-content\\\/uploads\\\/2024\\\/09\\\/crema-de-avellanas-bio-250g.jpg\",\"contentUrl\":\"https:\\\/\\\/ikernutricionymass.com\\\/wp-content\\\/uploads\\\/2024\\\/09\\\/crema-de-avellanas-bio-250g.jpg\",\"width\":800,\"height\":800},{\"@type\":\"BreadcrumbList\",\"@id\":\"https:\\\/\\\/ikernutricionymass.com\\\/producto\\\/crema-avellanas-250g-fullgas\\\/#breadcrumb\",\"itemListElement\":[{\"@type\":\"ListItem\",\"position\":1,\"name\":\"Portada\",\"item\":\"https:\\\/\\\/ikernutricionymass.com\\\/\"},{\"@type\":\"ListItem\",\"position\":2,\"name\":\"Tienda\",\"item\":\"https:\\\/\\\/ikernutricionymass.com\\\/tienda\\\/\"},{\"@type\":\"ListItem\",\"position\":3,\"name\":\"CREMA AVELLANAS 250G (FULLGAS)\"}]},{\"@type\":\"WebSite\",\"@id\":\"https:\\\/\\\/ikernutricionymass.com\\\/#website\",\"url\":\"https:\\\/\\\/ikernutricionymass.com\\\/\",\"name\":\"Iker Nutrici\u00f3n y M\u00e1s\",\"description\":\"\",\"publisher\":{\"@id\":\"https:\\\/\\\/ikernutricionymass.com\\\/#organization\"},\"potentialAction\":[{\"@type\":\"SearchAction\",\"target\":{\"@type\":\"EntryPoint\",\"urlTemplate\":\"https:\\\/\\\/ikernutricionymass.com\\\/?s={search_term_string}\"},\"query-input\":{\"@type\":\"PropertyValueSpecification\",\"valueRequired\":true,\"valueName\":\"search_term_string\"}}],\"inLanguage\":\"eu\"},{\"@type\":\"Organization\",\"@id\":\"https:\\\/\\\/ikernutricionymass.com\\\/#organization\",\"name\":\"Iker Nutrici\u00f3n y M\u00e1s\",\"url\":\"https:\\\/\\\/ikernutricionymass.com\\\/\",\"logo\":{\"@type\":\"ImageObject\",\"inLanguage\":\"eu\",\"@id\":\"https:\\\/\\\/ikernutricionymass.com\\\/#\\\/schema\\\/logo\\\/image\\\/\",\"url\":\"https:\\\/\\\/ikernutricionymass.com\\\/wp-content\\\/uploads\\\/2024\\\/07\\\/cropped-IKER_NUTRICION_Y_MAS_-01.png\",\"contentUrl\":\"https:\\\/\\\/ikernutricionymass.com\\\/wp-content\\\/uploads\\\/2024\\\/07\\\/cropped-IKER_NUTRICION_Y_MAS_-01.png\",\"width\":1919,\"height\":1080,\"caption\":\"Iker Nutrici\u00f3n y M\u00e1s\"},\"image\":{\"@id\":\"https:\\\/\\\/ikernutricionymass.com\\\/#\\\/schema\\\/logo\\\/image\\\/\"}}]}<\/script>\n<!-- \/ Yoast SEO plugin. -->","yoast_head_json":{"title":"CREMA AVELLANAS 250G (FULLGAS) - Iker Nutrici\u00f3n y M\u00e1s","robots":{"index":"index","follow":"follow","max-snippet":"max-snippet:-1","max-image-preview":"max-image-preview:large","max-video-preview":"max-video-preview:-1"},"canonical":"https:\/\/ikernutricionymass.com\/eu\/produktua\/crema-avellanas-250g-fullgas\/","og_locale":"en_US","og_type":"article","og_title":"CREMA AVELLANAS 250G (FULLGAS) - Iker Nutrici\u00f3n y M\u00e1s","og_description":"\u00bfQu\u00e9 es Crema de Avellana? La crema de avellana de FullGas Sport es una rica manera de consumir grasas saludables. Es un producto fabricado con frutos secos de gran calidad, pelados y tostados antes de ser molidos para conseguir esta rica crema. Certificado ECO El producto se ha fabricado con productos de agricultura ecol\u00f3gica, teniendo [&hellip;]","og_url":"https:\/\/ikernutricionymass.com\/eu\/produktua\/crema-avellanas-250g-fullgas\/","og_site_name":"Iker Nutrici\u00f3n y M\u00e1s","article_modified_time":"2026-02-18T16:44:08+00:00","og_image":[{"width":800,"height":800,"url":"https:\/\/ikernutricionymass.com\/wp-content\/uploads\/2024\/09\/crema-de-avellanas-bio-250g.jpg","type":"image\/jpeg"}],"twitter_card":"summary_large_image","twitter_misc":{"Est. reading time":"1 minutua"},"schema":{"@context":"https:\/\/schema.org","@graph":[{"@type":"WebPage","@id":"https:\/\/ikernutricionymass.com\/producto\/crema-avellanas-250g-fullgas\/","url":"https:\/\/ikernutricionymass.com\/producto\/crema-avellanas-250g-fullgas\/","name":"CREMA AVELLANAS 250G (FULLGAS) - Iker Nutrici\u00f3n y M\u00e1s","isPartOf":{"@id":"https:\/\/ikernutricionymass.com\/#website"},"primaryImageOfPage":{"@id":"https:\/\/ikernutricionymass.com\/producto\/crema-avellanas-250g-fullgas\/#primaryimage"},"image":{"@id":"https:\/\/ikernutricionymass.com\/producto\/crema-avellanas-250g-fullgas\/#primaryimage"},"thumbnailUrl":"https:\/\/ikernutricionymass.com\/wp-content\/uploads\/2024\/09\/crema-de-avellanas-bio-250g.jpg","datePublished":"2024-09-17T17:43:32+00:00","dateModified":"2026-02-18T16:44:08+00:00","breadcrumb":{"@id":"https:\/\/ikernutricionymass.com\/producto\/crema-avellanas-250g-fullgas\/#breadcrumb"},"inLanguage":"eu","potentialAction":[{"@type":"ReadAction","target":["https:\/\/ikernutricionymass.com\/producto\/crema-avellanas-250g-fullgas\/"]}]},{"@type":"ImageObject","inLanguage":"eu","@id":"https:\/\/ikernutricionymass.com\/producto\/crema-avellanas-250g-fullgas\/#primaryimage","url":"https:\/\/ikernutricionymass.com\/wp-content\/uploads\/2024\/09\/crema-de-avellanas-bio-250g.jpg","contentUrl":"https:\/\/ikernutricionymass.com\/wp-content\/uploads\/2024\/09\/crema-de-avellanas-bio-250g.jpg","width":800,"height":800},{"@type":"BreadcrumbList","@id":"https:\/\/ikernutricionymass.com\/producto\/crema-avellanas-250g-fullgas\/#breadcrumb","itemListElement":[{"@type":"ListItem","position":1,"name":"Portada","item":"https:\/\/ikernutricionymass.com\/"},{"@type":"ListItem","position":2,"name":"Tienda","item":"https:\/\/ikernutricionymass.com\/tienda\/"},{"@type":"ListItem","position":3,"name":"CREMA AVELLANAS 250G (FULLGAS)"}]},{"@type":"WebSite","@id":"https:\/\/ikernutricionymass.com\/#website","url":"https:\/\/ikernutricionymass.com\/","name":"Iker Nutrici\u00f3n y M\u00e1s","description":"","publisher":{"@id":"https:\/\/ikernutricionymass.com\/#organization"},"potentialAction":[{"@type":"SearchAction","target":{"@type":"EntryPoint","urlTemplate":"https:\/\/ikernutricionymass.com\/?s={search_term_string}"},"query-input":{"@type":"PropertyValueSpecification","valueRequired":true,"valueName":"search_term_string"}}],"inLanguage":"eu"},{"@type":"Organization","@id":"https:\/\/ikernutricionymass.com\/#organization","name":"Iker Nutrici\u00f3n y M\u00e1s","url":"https:\/\/ikernutricionymass.com\/","logo":{"@type":"ImageObject","inLanguage":"eu","@id":"https:\/\/ikernutricionymass.com\/#\/schema\/logo\/image\/","url":"https:\/\/ikernutricionymass.com\/wp-content\/uploads\/2024\/07\/cropped-IKER_NUTRICION_Y_MAS_-01.png","contentUrl":"https:\/\/ikernutricionymass.com\/wp-content\/uploads\/2024\/07\/cropped-IKER_NUTRICION_Y_MAS_-01.png","width":1919,"height":1080,"caption":"Iker Nutrici\u00f3n y M\u00e1s"},"image":{"@id":"https:\/\/ikernutricionymass.com\/#\/schema\/logo\/image\/"}}]}},"jetpack_sharing_enabled":true,"_links":{"self":[{"href":"https:\/\/ikernutricionymass.com\/eu\/wp-json\/wp\/v2\/product\/1657","targetHints":{"allow":["GET"]}}],"collection":[{"href":"https:\/\/ikernutricionymass.com\/eu\/wp-json\/wp\/v2\/product"}],"about":[{"href":"https:\/\/ikernutricionymass.com\/eu\/wp-json\/wp\/v2\/types\/product"}],"replies":[{"embeddable":true,"href":"https:\/\/ikernutricionymass.com\/eu\/wp-json\/wp\/v2\/comments?post=1657"}],"wp:featuredmedia":[{"embeddable":true,"href":"https:\/\/ikernutricionymass.com\/eu\/wp-json\/wp\/v2\/media\/1658"}],"wp:attachment":[{"href":"https:\/\/ikernutricionymass.com\/eu\/wp-json\/wp\/v2\/media?parent=1657"}],"wp:term":[{"taxonomy":"product_brand","embeddable":true,"href":"https:\/\/ikernutricionymass.com\/eu\/wp-json\/wp\/v2\/product_brand?post=1657"},{"taxonomy":"product_cat","embeddable":true,"href":"https:\/\/ikernutricionymass.com\/eu\/wp-json\/wp\/v2\/product_cat?post=1657"},{"taxonomy":"product_tag","embeddable":true,"href":"https:\/\/ikernutricionymass.com\/eu\/wp-json\/wp\/v2\/product_tag?post=1657"}],"curies":[{"name":"wp","href":"https:\/\/api.w.org\/{rel}","templated":true}]}}