{"id":1622,"date":"2024-09-17T15:49:24","date_gmt":"2024-09-17T15:49:24","guid":{"rendered":"https:\/\/ikernutricionymass.com\/?post_type=product&#038;p=1622"},"modified":"2024-09-17T15:49:24","modified_gmt":"2024-09-17T15:49:24","slug":"ashwagandha-60-cap-fullgas","status":"publish","type":"product","link":"https:\/\/ikernutricionymass.com\/eu\/produktua\/ashwagandha-60-cap-fullgas\/","title":{"rendered":"ASHWAGANDHA 60 CAP (FULLGAS)"},"content":{"rendered":"<p>La Withania somnifera o ashwagandha es un remedio milenario citado en la medicina ayurv\u00e9dica, tanto en su forma simple como en combinaci\u00f3n con otras hierbas. Los estudios precl\u00ednicos nos indican un efecto antimicrobiano, antiinflamatorio, antitumoral, neuroprotector, ansiol\u00edtico, cardioprotector (frente a la toxicidad de quimioter\u00e1picos) y antidiab\u00e9tico.<\/p>\n<p>Es una planta relajante y tranquilizante, y unido esto a su efecto adapt\u00f3geno la hace especialmente interesante en el tratamiento del estr\u00e9s y como complemento en el tratamiento de la ansiedad. As\u00ed en dosis elevadas, puede ser interesante para inducir el sue\u00f1o.<\/p>\n<p>Dosis diaria recomendada: 2 c\u00e1psulas.<\/p>","protected":false},"excerpt":{"rendered":"<p>La Withania somnifera o ashwagandha es un remedio milenario citado en la medicina ayurv\u00e9dica, tanto en su forma simple como en combinaci\u00f3n con otras hierbas. Los estudios precl\u00ednicos nos indican un efecto antimicrobiano, antiinflamatorio, antitumoral, neuroprotector, ansiol\u00edtico, cardioprotector (frente a la toxicidad de quimioter\u00e1picos) y antidiab\u00e9tico. Es una planta relajante y tranquilizante, y unido esto [&hellip;]<\/p>\n","protected":false},"featured_media":1623,"comment_status":"open","ping_status":"closed","template":"","meta":[],"product_brand":[],"product_cat":[25,33],"product_tag":[],"class_list":{"0":"post-1622","1":"product","2":"type-product","3":"status-publish","4":"has-post-thumbnail","6":"product_cat-descanso","7":"product_cat-salud-y-bienestar","9":"first","10":"instock","11":"shipping-taxable","12":"purchasable","13":"product-type-simple"},"yoast_head":"<!-- This site is optimized with the Yoast SEO plugin v27.3 - https:\/\/yoast.com\/product\/yoast-seo-wordpress\/ -->\n<title>ASHWAGANDHA 60 CAP (FULLGAS) - Iker Nutrici\u00f3n y M\u00e1s<\/title>\n<meta name=\"robots\" content=\"index, follow, max-snippet:-1, max-image-preview:large, max-video-preview:-1\" \/>\n<link rel=\"canonical\" href=\"https:\/\/ikernutricionymass.com\/eu\/produktua\/ashwagandha-60-cap-fullgas\/\" \/>\n<meta property=\"og:locale\" content=\"en_US\" \/>\n<meta property=\"og:type\" content=\"article\" \/>\n<meta property=\"og:title\" content=\"ASHWAGANDHA 60 CAP (FULLGAS) - Iker Nutrici\u00f3n y M\u00e1s\" \/>\n<meta property=\"og:description\" content=\"La Withania somnifera o ashwagandha es un remedio milenario citado en la medicina ayurv\u00e9dica, tanto en su forma simple como en combinaci\u00f3n con otras hierbas. Los estudios precl\u00ednicos nos indican un efecto antimicrobiano, antiinflamatorio, antitumoral, neuroprotector, ansiol\u00edtico, cardioprotector (frente a la toxicidad de quimioter\u00e1picos) y antidiab\u00e9tico. Es una planta relajante y tranquilizante, y unido esto [&hellip;]\" \/>\n<meta property=\"og:url\" content=\"https:\/\/ikernutricionymass.com\/eu\/produktua\/ashwagandha-60-cap-fullgas\/\" \/>\n<meta property=\"og:site_name\" content=\"Iker Nutrici\u00f3n y M\u00e1s\" \/>\n<meta property=\"og:image\" content=\"https:\/\/ikernutricionymass.com\/wp-content\/uploads\/2024\/09\/ashwagandha-ksm66-300mg-60-caps.jpg\" \/>\n\t<meta property=\"og:image:width\" content=\"800\" \/>\n\t<meta property=\"og:image:height\" content=\"800\" \/>\n\t<meta property=\"og:image:type\" content=\"image\/jpeg\" \/>\n<meta name=\"twitter:card\" content=\"summary_large_image\" \/>\n<meta name=\"twitter:label1\" content=\"Est. reading time\" \/>\n\t<meta name=\"twitter:data1\" content=\"1 minutua\" \/>\n<script type=\"application\/ld+json\" class=\"yoast-schema-graph\">{\"@context\":\"https:\\\/\\\/schema.org\",\"@graph\":[{\"@type\":\"WebPage\",\"@id\":\"https:\\\/\\\/ikernutricionymass.com\\\/producto\\\/ashwagandha-60-cap-fullgas\\\/\",\"url\":\"https:\\\/\\\/ikernutricionymass.com\\\/producto\\\/ashwagandha-60-cap-fullgas\\\/\",\"name\":\"ASHWAGANDHA 60 CAP (FULLGAS) - Iker Nutrici\u00f3n y M\u00e1s\",\"isPartOf\":{\"@id\":\"https:\\\/\\\/ikernutricionymass.com\\\/#website\"},\"primaryImageOfPage\":{\"@id\":\"https:\\\/\\\/ikernutricionymass.com\\\/producto\\\/ashwagandha-60-cap-fullgas\\\/#primaryimage\"},\"image\":{\"@id\":\"https:\\\/\\\/ikernutricionymass.com\\\/producto\\\/ashwagandha-60-cap-fullgas\\\/#primaryimage\"},\"thumbnailUrl\":\"https:\\\/\\\/ikernutricionymass.com\\\/wp-content\\\/uploads\\\/2024\\\/09\\\/ashwagandha-ksm66-300mg-60-caps.jpg\",\"datePublished\":\"2024-09-17T15:49:24+00:00\",\"breadcrumb\":{\"@id\":\"https:\\\/\\\/ikernutricionymass.com\\\/producto\\\/ashwagandha-60-cap-fullgas\\\/#breadcrumb\"},\"inLanguage\":\"eu\",\"potentialAction\":[{\"@type\":\"ReadAction\",\"target\":[\"https:\\\/\\\/ikernutricionymass.com\\\/producto\\\/ashwagandha-60-cap-fullgas\\\/\"]}]},{\"@type\":\"ImageObject\",\"inLanguage\":\"eu\",\"@id\":\"https:\\\/\\\/ikernutricionymass.com\\\/producto\\\/ashwagandha-60-cap-fullgas\\\/#primaryimage\",\"url\":\"https:\\\/\\\/ikernutricionymass.com\\\/wp-content\\\/uploads\\\/2024\\\/09\\\/ashwagandha-ksm66-300mg-60-caps.jpg\",\"contentUrl\":\"https:\\\/\\\/ikernutricionymass.com\\\/wp-content\\\/uploads\\\/2024\\\/09\\\/ashwagandha-ksm66-300mg-60-caps.jpg\",\"width\":800,\"height\":800},{\"@type\":\"BreadcrumbList\",\"@id\":\"https:\\\/\\\/ikernutricionymass.com\\\/producto\\\/ashwagandha-60-cap-fullgas\\\/#breadcrumb\",\"itemListElement\":[{\"@type\":\"ListItem\",\"position\":1,\"name\":\"Portada\",\"item\":\"https:\\\/\\\/ikernutricionymass.com\\\/\"},{\"@type\":\"ListItem\",\"position\":2,\"name\":\"Tienda\",\"item\":\"https:\\\/\\\/ikernutricionymass.com\\\/tienda\\\/\"},{\"@type\":\"ListItem\",\"position\":3,\"name\":\"ASHWAGANDHA 60 CAP (FULLGAS)\"}]},{\"@type\":\"WebSite\",\"@id\":\"https:\\\/\\\/ikernutricionymass.com\\\/#website\",\"url\":\"https:\\\/\\\/ikernutricionymass.com\\\/\",\"name\":\"Iker Nutrici\u00f3n y M\u00e1s\",\"description\":\"\",\"publisher\":{\"@id\":\"https:\\\/\\\/ikernutricionymass.com\\\/#organization\"},\"potentialAction\":[{\"@type\":\"SearchAction\",\"target\":{\"@type\":\"EntryPoint\",\"urlTemplate\":\"https:\\\/\\\/ikernutricionymass.com\\\/?s={search_term_string}\"},\"query-input\":{\"@type\":\"PropertyValueSpecification\",\"valueRequired\":true,\"valueName\":\"search_term_string\"}}],\"inLanguage\":\"eu\"},{\"@type\":\"Organization\",\"@id\":\"https:\\\/\\\/ikernutricionymass.com\\\/#organization\",\"name\":\"Iker Nutrici\u00f3n y M\u00e1s\",\"url\":\"https:\\\/\\\/ikernutricionymass.com\\\/\",\"logo\":{\"@type\":\"ImageObject\",\"inLanguage\":\"eu\",\"@id\":\"https:\\\/\\\/ikernutricionymass.com\\\/#\\\/schema\\\/logo\\\/image\\\/\",\"url\":\"https:\\\/\\\/ikernutricionymass.com\\\/wp-content\\\/uploads\\\/2024\\\/07\\\/cropped-IKER_NUTRICION_Y_MAS_-01.png\",\"contentUrl\":\"https:\\\/\\\/ikernutricionymass.com\\\/wp-content\\\/uploads\\\/2024\\\/07\\\/cropped-IKER_NUTRICION_Y_MAS_-01.png\",\"width\":1919,\"height\":1080,\"caption\":\"Iker Nutrici\u00f3n y M\u00e1s\"},\"image\":{\"@id\":\"https:\\\/\\\/ikernutricionymass.com\\\/#\\\/schema\\\/logo\\\/image\\\/\"}}]}<\/script>\n<!-- \/ Yoast SEO plugin. -->","yoast_head_json":{"title":"ASHWAGANDHA 60 CAP (FULLGAS) - Iker Nutrici\u00f3n y M\u00e1s","robots":{"index":"index","follow":"follow","max-snippet":"max-snippet:-1","max-image-preview":"max-image-preview:large","max-video-preview":"max-video-preview:-1"},"canonical":"https:\/\/ikernutricionymass.com\/eu\/produktua\/ashwagandha-60-cap-fullgas\/","og_locale":"en_US","og_type":"article","og_title":"ASHWAGANDHA 60 CAP (FULLGAS) - Iker Nutrici\u00f3n y M\u00e1s","og_description":"La Withania somnifera o ashwagandha es un remedio milenario citado en la medicina ayurv\u00e9dica, tanto en su forma simple como en combinaci\u00f3n con otras hierbas. Los estudios precl\u00ednicos nos indican un efecto antimicrobiano, antiinflamatorio, antitumoral, neuroprotector, ansiol\u00edtico, cardioprotector (frente a la toxicidad de quimioter\u00e1picos) y antidiab\u00e9tico. Es una planta relajante y tranquilizante, y unido esto [&hellip;]","og_url":"https:\/\/ikernutricionymass.com\/eu\/produktua\/ashwagandha-60-cap-fullgas\/","og_site_name":"Iker Nutrici\u00f3n y M\u00e1s","og_image":[{"width":800,"height":800,"url":"https:\/\/ikernutricionymass.com\/wp-content\/uploads\/2024\/09\/ashwagandha-ksm66-300mg-60-caps.jpg","type":"image\/jpeg"}],"twitter_card":"summary_large_image","twitter_misc":{"Est. reading time":"1 minutua"},"schema":{"@context":"https:\/\/schema.org","@graph":[{"@type":"WebPage","@id":"https:\/\/ikernutricionymass.com\/producto\/ashwagandha-60-cap-fullgas\/","url":"https:\/\/ikernutricionymass.com\/producto\/ashwagandha-60-cap-fullgas\/","name":"ASHWAGANDHA 60 CAP (FULLGAS) - Iker Nutrici\u00f3n y M\u00e1s","isPartOf":{"@id":"https:\/\/ikernutricionymass.com\/#website"},"primaryImageOfPage":{"@id":"https:\/\/ikernutricionymass.com\/producto\/ashwagandha-60-cap-fullgas\/#primaryimage"},"image":{"@id":"https:\/\/ikernutricionymass.com\/producto\/ashwagandha-60-cap-fullgas\/#primaryimage"},"thumbnailUrl":"https:\/\/ikernutricionymass.com\/wp-content\/uploads\/2024\/09\/ashwagandha-ksm66-300mg-60-caps.jpg","datePublished":"2024-09-17T15:49:24+00:00","breadcrumb":{"@id":"https:\/\/ikernutricionymass.com\/producto\/ashwagandha-60-cap-fullgas\/#breadcrumb"},"inLanguage":"eu","potentialAction":[{"@type":"ReadAction","target":["https:\/\/ikernutricionymass.com\/producto\/ashwagandha-60-cap-fullgas\/"]}]},{"@type":"ImageObject","inLanguage":"eu","@id":"https:\/\/ikernutricionymass.com\/producto\/ashwagandha-60-cap-fullgas\/#primaryimage","url":"https:\/\/ikernutricionymass.com\/wp-content\/uploads\/2024\/09\/ashwagandha-ksm66-300mg-60-caps.jpg","contentUrl":"https:\/\/ikernutricionymass.com\/wp-content\/uploads\/2024\/09\/ashwagandha-ksm66-300mg-60-caps.jpg","width":800,"height":800},{"@type":"BreadcrumbList","@id":"https:\/\/ikernutricionymass.com\/producto\/ashwagandha-60-cap-fullgas\/#breadcrumb","itemListElement":[{"@type":"ListItem","position":1,"name":"Portada","item":"https:\/\/ikernutricionymass.com\/"},{"@type":"ListItem","position":2,"name":"Tienda","item":"https:\/\/ikernutricionymass.com\/tienda\/"},{"@type":"ListItem","position":3,"name":"ASHWAGANDHA 60 CAP (FULLGAS)"}]},{"@type":"WebSite","@id":"https:\/\/ikernutricionymass.com\/#website","url":"https:\/\/ikernutricionymass.com\/","name":"Iker Nutrici\u00f3n y M\u00e1s","description":"","publisher":{"@id":"https:\/\/ikernutricionymass.com\/#organization"},"potentialAction":[{"@type":"SearchAction","target":{"@type":"EntryPoint","urlTemplate":"https:\/\/ikernutricionymass.com\/?s={search_term_string}"},"query-input":{"@type":"PropertyValueSpecification","valueRequired":true,"valueName":"search_term_string"}}],"inLanguage":"eu"},{"@type":"Organization","@id":"https:\/\/ikernutricionymass.com\/#organization","name":"Iker Nutrici\u00f3n y M\u00e1s","url":"https:\/\/ikernutricionymass.com\/","logo":{"@type":"ImageObject","inLanguage":"eu","@id":"https:\/\/ikernutricionymass.com\/#\/schema\/logo\/image\/","url":"https:\/\/ikernutricionymass.com\/wp-content\/uploads\/2024\/07\/cropped-IKER_NUTRICION_Y_MAS_-01.png","contentUrl":"https:\/\/ikernutricionymass.com\/wp-content\/uploads\/2024\/07\/cropped-IKER_NUTRICION_Y_MAS_-01.png","width":1919,"height":1080,"caption":"Iker Nutrici\u00f3n y M\u00e1s"},"image":{"@id":"https:\/\/ikernutricionymass.com\/#\/schema\/logo\/image\/"}}]}},"jetpack_sharing_enabled":true,"_links":{"self":[{"href":"https:\/\/ikernutricionymass.com\/eu\/wp-json\/wp\/v2\/product\/1622","targetHints":{"allow":["GET"]}}],"collection":[{"href":"https:\/\/ikernutricionymass.com\/eu\/wp-json\/wp\/v2\/product"}],"about":[{"href":"https:\/\/ikernutricionymass.com\/eu\/wp-json\/wp\/v2\/types\/product"}],"replies":[{"embeddable":true,"href":"https:\/\/ikernutricionymass.com\/eu\/wp-json\/wp\/v2\/comments?post=1622"}],"wp:featuredmedia":[{"embeddable":true,"href":"https:\/\/ikernutricionymass.com\/eu\/wp-json\/wp\/v2\/media\/1623"}],"wp:attachment":[{"href":"https:\/\/ikernutricionymass.com\/eu\/wp-json\/wp\/v2\/media?parent=1622"}],"wp:term":[{"taxonomy":"product_brand","embeddable":true,"href":"https:\/\/ikernutricionymass.com\/eu\/wp-json\/wp\/v2\/product_brand?post=1622"},{"taxonomy":"product_cat","embeddable":true,"href":"https:\/\/ikernutricionymass.com\/eu\/wp-json\/wp\/v2\/product_cat?post=1622"},{"taxonomy":"product_tag","embeddable":true,"href":"https:\/\/ikernutricionymass.com\/eu\/wp-json\/wp\/v2\/product_tag?post=1622"}],"curies":[{"name":"wp","href":"https:\/\/api.w.org\/{rel}","templated":true}]}}