{"id":31,"date":"2024-07-19T15:30:51","date_gmt":"2024-07-19T15:30:51","guid":{"rendered":"https:\/\/ikernutricionymass.rkinformatika.online\/?page_id=31"},"modified":"2024-08-22T08:39:01","modified_gmt":"2024-08-22T08:39:01","slug":"politica-de-reembolso","status":"publish","type":"page","link":"https:\/\/ikernutricionymass.com\/eu\/politica-de-reembolso\/","title":{"rendered":"Pol\u00edtica de reembolso"},"content":{"rendered":"<div data-elementor-type=\"wp-page\" data-elementor-id=\"31\" class=\"elementor elementor-31\" data-elementor-post-type=\"page\">\n\t\t\t\t<div class=\"elementor-element elementor-element-3516e03 e-flex e-con-boxed e-con e-parent\" data-id=\"3516e03\" data-element_type=\"container\" data-e-type=\"container\">\n\t\t\t\t\t<div class=\"e-con-inner\">\n\t\t\t\t<div class=\"elementor-element elementor-element-f733f5c elementor-widget elementor-widget-text-editor\" data-id=\"f733f5c\" data-element_type=\"widget\" data-e-type=\"widget\" data-widget_type=\"text-editor.default\">\n\t\t\t\t<div class=\"elementor-widget-container\">\n\t\t\t\t\t\t\t\t\t<div class=\"shopify-policy__title\"><h1>POL\u00cdTICA DE REEMBOLSO<\/h1><\/div><div class=\"shopify-policy__body\"><div class=\"rte\"><p><strong>Devoluciones<\/strong><\/p><p>Nuestra pol\u00edtica dura\u00a0<strong>30 d\u00edas<\/strong>. Si han pasado 30 d\u00edas desde su compra, desafortunadamente no podemos ofrecerle un reembolso o cambio.<\/p><p>Para poder proceder a su devoluci\u00f3n, el art\u00edculo debe estar sin usar y en las mismas condiciones en que lo recibi\u00f3. As\u00ed como en su embalaje original.<\/p><p>Los productos perecederos, como los alimentos, no podr\u00e1n devolverse, a no ser que su motivo sea responsabilidad de la empresa.\u00a0<\/p><p>\u00a0<\/p><p>Art\u00edculos adicionales no retornables:<\/p><p>&#8211; Tarjetas de regalo<\/p><p>\u00a0<\/p><p><strong>Para completar su devoluci\u00f3n, requerimos un recibo o comprobante de compra.<\/strong><\/p><p><strong>No env\u00ede su compra de vuelta al fabricante.<\/strong><\/p><p>\u00a0<\/p><p><strong>Reembolsos (si corresponde)<\/strong><\/p><p>Una vez que se reciba e inspeccione su devoluci\u00f3n, le enviaremos un correo electr\u00f3nico para notificarle que hemos recibido su art\u00edculo devuelto. Tambi\u00e9n le notificaremos la aprobaci\u00f3n o rechazo de su reembolso.<\/p><p>Si es aprobado, su reembolso ser\u00e1 procesado y se\u00a0abonar\u00e1 autom\u00e1ticamente al m\u00e9todo de pago original, dentro de un cierto cantidad de d\u00edas<\/p><p><strong>Reembolsos tard\u00edos o faltantes (si corresponde)<\/strong><\/p><p>Si a\u00fan no ha recibido un reembolso, primero verifique su cuenta bancaria.<\/p><p>Luego comun\u00edquese con la compa\u00f1\u00eda de su tarjeta de cr\u00e9dito, puede pasar alg\u00fan tiempo antes de que su reembolso se publique oficialmente.<\/p><p>Si ha hecho todo esto y a\u00fan no ha recibido su reembolso, cont\u00e1ctenos en ikercienporcien@gmail.com.<\/p><p><strong>Art\u00edculos en oferta (si corresponde)<\/strong><\/p><p>Solo se pueden reembolsar los art\u00edculos a precio regular, desafortunadamente los art\u00edculos en oferta no se pueden reembolsar.<\/p><p><strong>Intercambios (si corresponde)<\/strong><\/p><p>Solo reemplazamos los art\u00edculos si est\u00e1n defectuosos o da\u00f1ados (Por error de la empresa). Si necesita cambiarlo por el mismo art\u00edculo, env\u00edenos un correo electr\u00f3nico a ikercienporcien@gmail.com y env\u00ede su art\u00edculo a: Matxinestarta kalea n 22 bi Bajo, 48200 (Durango, Bizkaia).<\/p><p><strong>Env\u00edo<\/strong><\/p><p>Para devolver su producto, debe enviarlo por correo a: Matxinestarta kalea n 22 bi Bajo, 48200 durango, Bizkaia, Spain.<\/p><p>Usted ser\u00e1 responsable de pagar sus propios costos de env\u00edo para devolver su art\u00edculo. Los gastos de env\u00edo no son reembolsables. Si recibe un reembolso, el costo del env\u00edo de devoluci\u00f3n se deducir\u00e1 de su reembolso.<\/p><p>Dependiendo de d\u00f3nde viva, el tiempo de entrega puede variar.<\/p><\/div><\/div>\t\t\t\t\t\t\t\t<\/div>\n\t\t\t\t<\/div>\n\t\t\t\t\t<\/div>\n\t\t\t\t<\/div>\n\t\t\t\t<\/div>","protected":false},"excerpt":{"rendered":"<p>POL\u00cdTICA DE REEMBOLSO Devoluciones Nuestra pol\u00edtica dura\u00a030 d\u00edas. Si han pasado 30 d\u00edas desde su compra, desafortunadamente no podemos ofrecerle un reembolso o cambio. Para poder proceder a su devoluci\u00f3n, el art\u00edculo debe estar sin usar y en las mismas condiciones en que lo recibi\u00f3. As\u00ed como en su embalaje original. Los productos perecederos, como [&hellip;]<\/p>\n","protected":false},"author":1,"featured_media":0,"parent":0,"menu_order":0,"comment_status":"closed","ping_status":"closed","template":"","meta":{"footnotes":""},"class_list":["post-31","page","type-page","status-publish","hentry"],"yoast_head":"<!-- This site is optimized with the Yoast SEO plugin v27.3 - https:\/\/yoast.com\/product\/yoast-seo-wordpress\/ -->\n<title>Pol\u00edtica de reembolso - Iker Nutrici\u00f3n y M\u00e1s<\/title>\n<meta name=\"robots\" content=\"index, follow, max-snippet:-1, max-image-preview:large, max-video-preview:-1\" \/>\n<link rel=\"canonical\" href=\"https:\/\/ikernutricionymass.com\/eu\/politica-de-reembolso\/\" \/>\n<meta property=\"og:locale\" content=\"en_US\" \/>\n<meta property=\"og:type\" content=\"article\" \/>\n<meta property=\"og:title\" content=\"Pol\u00edtica de reembolso - Iker Nutrici\u00f3n y M\u00e1s\" \/>\n<meta property=\"og:description\" content=\"POL\u00cdTICA DE REEMBOLSO Devoluciones Nuestra pol\u00edtica dura\u00a030 d\u00edas. Si han pasado 30 d\u00edas desde su compra, desafortunadamente no podemos ofrecerle un reembolso o cambio. Para poder proceder a su devoluci\u00f3n, el art\u00edculo debe estar sin usar y en las mismas condiciones en que lo recibi\u00f3. As\u00ed como en su embalaje original. Los productos perecederos, como [&hellip;]\" \/>\n<meta property=\"og:url\" content=\"https:\/\/ikernutricionymass.com\/eu\/politica-de-reembolso\/\" \/>\n<meta property=\"og:site_name\" content=\"Iker Nutrici\u00f3n y M\u00e1s\" \/>\n<meta property=\"article:modified_time\" content=\"2024-08-22T08:39:01+00:00\" \/>\n<meta name=\"twitter:card\" content=\"summary_large_image\" \/>\n<script type=\"application\/ld+json\" class=\"yoast-schema-graph\">{\"@context\":\"https:\\\/\\\/schema.org\",\"@graph\":[{\"@type\":\"WebPage\",\"@id\":\"https:\\\/\\\/ikernutricionymass.com\\\/politica-de-reembolso\\\/\",\"url\":\"https:\\\/\\\/ikernutricionymass.com\\\/politica-de-reembolso\\\/\",\"name\":\"Pol\u00edtica de reembolso - Iker Nutrici\u00f3n y M\u00e1s\",\"isPartOf\":{\"@id\":\"https:\\\/\\\/ikernutricionymass.com\\\/#website\"},\"datePublished\":\"2024-07-19T15:30:51+00:00\",\"dateModified\":\"2024-08-22T08:39:01+00:00\",\"breadcrumb\":{\"@id\":\"https:\\\/\\\/ikernutricionymass.com\\\/politica-de-reembolso\\\/#breadcrumb\"},\"inLanguage\":\"eu\",\"potentialAction\":[{\"@type\":\"ReadAction\",\"target\":[\"https:\\\/\\\/ikernutricionymass.com\\\/politica-de-reembolso\\\/\"]}]},{\"@type\":\"BreadcrumbList\",\"@id\":\"https:\\\/\\\/ikernutricionymass.com\\\/politica-de-reembolso\\\/#breadcrumb\",\"itemListElement\":[{\"@type\":\"ListItem\",\"position\":1,\"name\":\"Portada\",\"item\":\"https:\\\/\\\/ikernutricionymass.com\\\/\"},{\"@type\":\"ListItem\",\"position\":2,\"name\":\"Pol\u00edtica de reembolso\"}]},{\"@type\":\"WebSite\",\"@id\":\"https:\\\/\\\/ikernutricionymass.com\\\/#website\",\"url\":\"https:\\\/\\\/ikernutricionymass.com\\\/\",\"name\":\"Iker Nutrici\u00f3n y M\u00e1s\",\"description\":\"\",\"publisher\":{\"@id\":\"https:\\\/\\\/ikernutricionymass.com\\\/#organization\"},\"potentialAction\":[{\"@type\":\"SearchAction\",\"target\":{\"@type\":\"EntryPoint\",\"urlTemplate\":\"https:\\\/\\\/ikernutricionymass.com\\\/?s={search_term_string}\"},\"query-input\":{\"@type\":\"PropertyValueSpecification\",\"valueRequired\":true,\"valueName\":\"search_term_string\"}}],\"inLanguage\":\"eu\"},{\"@type\":\"Organization\",\"@id\":\"https:\\\/\\\/ikernutricionymass.com\\\/#organization\",\"name\":\"Iker Nutrici\u00f3n y M\u00e1s\",\"url\":\"https:\\\/\\\/ikernutricionymass.com\\\/\",\"logo\":{\"@type\":\"ImageObject\",\"inLanguage\":\"eu\",\"@id\":\"https:\\\/\\\/ikernutricionymass.com\\\/#\\\/schema\\\/logo\\\/image\\\/\",\"url\":\"https:\\\/\\\/ikernutricionymass.com\\\/wp-content\\\/uploads\\\/2024\\\/07\\\/cropped-IKER_NUTRICION_Y_MAS_-01.png\",\"contentUrl\":\"https:\\\/\\\/ikernutricionymass.com\\\/wp-content\\\/uploads\\\/2024\\\/07\\\/cropped-IKER_NUTRICION_Y_MAS_-01.png\",\"width\":1919,\"height\":1080,\"caption\":\"Iker Nutrici\u00f3n y M\u00e1s\"},\"image\":{\"@id\":\"https:\\\/\\\/ikernutricionymass.com\\\/#\\\/schema\\\/logo\\\/image\\\/\"}}]}<\/script>\n<!-- \/ Yoast SEO plugin. -->","yoast_head_json":{"title":"Pol\u00edtica de reembolso - Iker Nutrici\u00f3n y M\u00e1s","robots":{"index":"index","follow":"follow","max-snippet":"max-snippet:-1","max-image-preview":"max-image-preview:large","max-video-preview":"max-video-preview:-1"},"canonical":"https:\/\/ikernutricionymass.com\/eu\/politica-de-reembolso\/","og_locale":"en_US","og_type":"article","og_title":"Pol\u00edtica de reembolso - Iker Nutrici\u00f3n y M\u00e1s","og_description":"POL\u00cdTICA DE REEMBOLSO Devoluciones Nuestra pol\u00edtica dura\u00a030 d\u00edas. Si han pasado 30 d\u00edas desde su compra, desafortunadamente no podemos ofrecerle un reembolso o cambio. Para poder proceder a su devoluci\u00f3n, el art\u00edculo debe estar sin usar y en las mismas condiciones en que lo recibi\u00f3. As\u00ed como en su embalaje original. Los productos perecederos, como [&hellip;]","og_url":"https:\/\/ikernutricionymass.com\/eu\/politica-de-reembolso\/","og_site_name":"Iker Nutrici\u00f3n y M\u00e1s","article_modified_time":"2024-08-22T08:39:01+00:00","twitter_card":"summary_large_image","schema":{"@context":"https:\/\/schema.org","@graph":[{"@type":"WebPage","@id":"https:\/\/ikernutricionymass.com\/politica-de-reembolso\/","url":"https:\/\/ikernutricionymass.com\/politica-de-reembolso\/","name":"Pol\u00edtica de reembolso - Iker Nutrici\u00f3n y M\u00e1s","isPartOf":{"@id":"https:\/\/ikernutricionymass.com\/#website"},"datePublished":"2024-07-19T15:30:51+00:00","dateModified":"2024-08-22T08:39:01+00:00","breadcrumb":{"@id":"https:\/\/ikernutricionymass.com\/politica-de-reembolso\/#breadcrumb"},"inLanguage":"eu","potentialAction":[{"@type":"ReadAction","target":["https:\/\/ikernutricionymass.com\/politica-de-reembolso\/"]}]},{"@type":"BreadcrumbList","@id":"https:\/\/ikernutricionymass.com\/politica-de-reembolso\/#breadcrumb","itemListElement":[{"@type":"ListItem","position":1,"name":"Portada","item":"https:\/\/ikernutricionymass.com\/"},{"@type":"ListItem","position":2,"name":"Pol\u00edtica de reembolso"}]},{"@type":"WebSite","@id":"https:\/\/ikernutricionymass.com\/#website","url":"https:\/\/ikernutricionymass.com\/","name":"Iker Nutrici\u00f3n y M\u00e1s","description":"","publisher":{"@id":"https:\/\/ikernutricionymass.com\/#organization"},"potentialAction":[{"@type":"SearchAction","target":{"@type":"EntryPoint","urlTemplate":"https:\/\/ikernutricionymass.com\/?s={search_term_string}"},"query-input":{"@type":"PropertyValueSpecification","valueRequired":true,"valueName":"search_term_string"}}],"inLanguage":"eu"},{"@type":"Organization","@id":"https:\/\/ikernutricionymass.com\/#organization","name":"Iker Nutrici\u00f3n y M\u00e1s","url":"https:\/\/ikernutricionymass.com\/","logo":{"@type":"ImageObject","inLanguage":"eu","@id":"https:\/\/ikernutricionymass.com\/#\/schema\/logo\/image\/","url":"https:\/\/ikernutricionymass.com\/wp-content\/uploads\/2024\/07\/cropped-IKER_NUTRICION_Y_MAS_-01.png","contentUrl":"https:\/\/ikernutricionymass.com\/wp-content\/uploads\/2024\/07\/cropped-IKER_NUTRICION_Y_MAS_-01.png","width":1919,"height":1080,"caption":"Iker Nutrici\u00f3n y M\u00e1s"},"image":{"@id":"https:\/\/ikernutricionymass.com\/#\/schema\/logo\/image\/"}}]}},"jetpack_sharing_enabled":true,"_links":{"self":[{"href":"https:\/\/ikernutricionymass.com\/eu\/wp-json\/wp\/v2\/pages\/31","targetHints":{"allow":["GET"]}}],"collection":[{"href":"https:\/\/ikernutricionymass.com\/eu\/wp-json\/wp\/v2\/pages"}],"about":[{"href":"https:\/\/ikernutricionymass.com\/eu\/wp-json\/wp\/v2\/types\/page"}],"author":[{"embeddable":true,"href":"https:\/\/ikernutricionymass.com\/eu\/wp-json\/wp\/v2\/users\/1"}],"replies":[{"embeddable":true,"href":"https:\/\/ikernutricionymass.com\/eu\/wp-json\/wp\/v2\/comments?post=31"}],"version-history":[{"count":5,"href":"https:\/\/ikernutricionymass.com\/eu\/wp-json\/wp\/v2\/pages\/31\/revisions"}],"predecessor-version":[{"id":2125,"href":"https:\/\/ikernutricionymass.com\/eu\/wp-json\/wp\/v2\/pages\/31\/revisions\/2125"}],"wp:attachment":[{"href":"https:\/\/ikernutricionymass.com\/eu\/wp-json\/wp\/v2\/media?parent=31"}],"curies":[{"name":"wp","href":"https:\/\/api.w.org\/{rel}","templated":true}]}}